{"id":33009,"date":"2023-12-21T17:59:24","date_gmt":"2023-12-21T17:59:24","guid":{"rendered":"https:\/\/e.kosmolat.eu\/product\/dr-s-cucumber-micelarais-udens-sejai-200-ml\/"},"modified":"2026-04-21T07:50:15","modified_gmt":"2026-04-21T07:50:15","slug":"dr-s-cucumber-micelarais-udens-sejai-200-ml","status":"publish","type":"product","link":"https:\/\/e.kosmolat.eu\/lt\/produktas\/dr-s-cucumber-micelarais-udens-sejai-200-ml\/","title":{"rendered":"DR. SANTE CUCUMBER BALANCE CONTROL Miceliarinis vanduo veidui 2in1, 200 ml"},"content":{"rendered":"<p>2in1:<br \/>\n_ Demakia\u017eas;<br \/>\n&#8211; Tonikas.<br \/>\nNormaliai ir linkusia \u012f riebum\u0105 odai.<br \/>\n0% alkoholio, muilo, kvap\u0173, paraben\u0173, da\u017eikli\u0173.<br \/>\nMiceliarinis vanduo &#8211; ideali valymo priemon\u0117 normaliai ir linkusiai \u012f riebum\u0105 odai.<br \/>\nPagrind\u0105 sudaro specialus mink\u0161tas vanduo. Micel\u0117s apvynioja makia\u017eo daleles ir efektyviai jas pa\u0161alina. \u0160iuolaiki\u0161ka priemon\u0117s formul\u0117 tonizuoja od\u0105, gr\u0105\u017eina odai gaivum\u0105 ir \u0161varum\u0105.<br \/>\nPriemon\u0117 tinka vis\u0173 tip\u0173 odai, ypa\u010d jautriai odai aplink akis. Idealiai tinka veido valymui b\u016bnant lauke, transporte ir t. t.<br \/>\nNaudojimo b\u016bdas: u\u017etepkite priemon\u0117s ant vatos diskelio ir i\u0161valykite veid\u0105 ir dekolte srit\u012f. Nereikia nuplauti, nedirgina ir nesausina odos.<br \/>\nLaikymo s\u0105lygos: nuo 0\u00b0\u0421 iki +25\u00b0\u0421.<\/p>\n","protected":false},"excerpt":{"rendered":"<p>2in1: _ Demakia\u017eas; &#8211; Tonikas. Normaliai ir linkusia \u012f riebum\u0105 odai. 0% alkoholio, muilo, kvap\u0173, paraben\u0173, da\u017eikli\u0173. Miceliarinis vanduo &#8211; ideali valymo priemon\u0117 normaliai ir linkusiai \u012f riebum\u0105 odai. Pagrind\u0105 sudaro specialus mink\u0161tas vanduo. Micel\u0117s apvynioja makia\u017eo daleles ir efektyviai jas pa\u0161alina. \u0160iuolaiki\u0161ka priemon\u0117s formul\u0117 tonizuoja od\u0105, gr\u0105\u017eina odai gaivum\u0105 ir \u0161varum\u0105. Priemon\u0117 tinka vis\u0173 [&#8230;]\n","protected":false},"featured_media":96582,"template":"","meta":[],"product_cat":[1570],"product_tag":[],"class_list":{"0":"post-33009","1":"product","2":"type-product","3":"status-publish","4":"has-post-thumbnail","6":"product_brand-elfa_ua-lt","7":"product_cat-micelinis-vanduo","9":"first","10":"instock","11":"taxable","12":"shipping-taxable","13":"product-type-simple"},"_links":{"self":[{"href":"https:\/\/e.kosmolat.eu\/lt\/wp-json\/wp\/v2\/product\/33009","targetHints":{"allow":["GET"]}}],"collection":[{"href":"https:\/\/e.kosmolat.eu\/lt\/wp-json\/wp\/v2\/product"}],"about":[{"href":"https:\/\/e.kosmolat.eu\/lt\/wp-json\/wp\/v2\/types\/product"}],"wp:featuredmedia":[{"embeddable":true,"href":"https:\/\/e.kosmolat.eu\/lt\/wp-json\/wp\/v2\/media\/96582"}],"wp:attachment":[{"href":"https:\/\/e.kosmolat.eu\/lt\/wp-json\/wp\/v2\/media?parent=33009"}],"wp:term":[{"taxonomy":"product_cat","embeddable":true,"href":"https:\/\/e.kosmolat.eu\/lt\/wp-json\/wp\/v2\/product_cat?post=33009"},{"taxonomy":"product_tag","embeddable":true,"href":"https:\/\/e.kosmolat.eu\/lt\/wp-json\/wp\/v2\/product_tag?post=33009"}],"curies":[{"name":"wp","href":"https:\/\/api.w.org\/{rel}","templated":true}]}}