{"id":33005,"date":"2023-12-21T17:58:57","date_gmt":"2023-12-21T17:58:57","guid":{"rendered":"https:\/\/e.kosmolat.eu\/product\/dd-balzams-maska-altaja-mumijs-un-medus-stimulejosa-500-ml\/"},"modified":"2025-07-08T14:28:53","modified_gmt":"2025-07-08T14:28:53","slug":"i_dd-balzams-maska-altaja-mumijs-un-medus-stimulejosa-500-ml","status":"publish","type":"product","link":"https:\/\/e.kosmolat.eu\/lt\/produktas\/i_dd-balzams-maska-altaja-mumijs-un-medus-stimulejosa-500-ml\/","title":{"rendered":"I_DOMA\u0160NIJ DOKTOR  Plauk\u0173 balzamas-kauk\u0117 Skatinanti, 500 ml"},"content":{"rendered":"<p>Balzamas su subalansuotu komponent\u0173 kompleksu, kuris pla\u010diai naudojami folikul\u0173 stiprinimui ir plauk\u0173 augimui. Kompleksas sustiprintas lino aliejumi, kuris turi atkuriam\u0173j\u0173 ir antibakterini\u0173 savybi\u0173, \u0161velniai pri\u017ei\u016bri plaukus ir galvos od\u0105. Komponentai suteikia plaukams \u0161ilkum\u0105 ir blizges\u012f. Palengvina plauk\u0173 \u0161ukavim\u0105, jie tampa paklusn\u016bs.<br \/>\nMumijo &#8211; &#8220;kalno a\u0161ara&#8221; &#8211; nat\u016bralus organini\u0173 ir neorganini\u0173 med\u017eiag\u0173 mi\u0161inys, kuris susideda i\u0161 daugiau nei 80 komponent\u0173. Pagerina plauk\u0173 i\u0161vaizd\u0105, sustiprina nat\u016bral\u0173 gro\u017e\u012f.<br \/>\nMedaus ekstraktas suteikia plaukams \u0161ilkum\u0105.<\/p>\n<p>NAUDOJIMO B\u016aDAS: u\u017etepkite ant plauk\u0173 \u0161akn\u0173, paskirstykite per vis\u0105 ilg\u012f, tada nuplaukite vandeniu. Nenaudokite kepurait\u0117s.<\/p>\n<p>ATSARGUMO PRIEMON\u0116: Tik i\u0161oriniam naudojimui. Jei pateko \u012f akis, praplaukite vandeniu.<\/p>\n<p>Laikymo s\u0105lygos: nuo +5\u00b0\u0421 iki +25\u00b0\u0421.<\/p>\n","protected":false},"excerpt":{"rendered":"<p>Balzamas su subalansuotu komponent\u0173 kompleksu, kuris pla\u010diai naudojami folikul\u0173 stiprinimui ir plauk\u0173 augimui. Kompleksas sustiprintas lino aliejumi, kuris turi atkuriam\u0173j\u0173 ir antibakterini\u0173 savybi\u0173, \u0161velniai pri\u017ei\u016bri plaukus ir galvos od\u0105. Komponentai suteikia plaukams \u0161ilkum\u0105 ir blizges\u012f. Palengvina plauk\u0173 \u0161ukavim\u0105, jie tampa paklusn\u016bs. Mumijo &#8211; &#8220;kalno a\u0161ara&#8221; &#8211; nat\u016bralus organini\u0173 ir neorganini\u0173 med\u017eiag\u0173 mi\u0161inys, kuris susideda i\u0161 [&#8230;]\n","protected":false},"featured_media":28592,"template":"","meta":[],"product_cat":[1640],"product_tag":[],"class_list":{"0":"post-33005","1":"product","2":"type-product","3":"status-publish","4":"has-post-thumbnail","6":"product_brand-elfa_ua-lt","7":"product_cat-balzamai","9":"first","10":"outofstock","11":"taxable","12":"shipping-taxable","13":"product-type-simple"},"_links":{"self":[{"href":"https:\/\/e.kosmolat.eu\/lt\/wp-json\/wp\/v2\/product\/33005","targetHints":{"allow":["GET"]}}],"collection":[{"href":"https:\/\/e.kosmolat.eu\/lt\/wp-json\/wp\/v2\/product"}],"about":[{"href":"https:\/\/e.kosmolat.eu\/lt\/wp-json\/wp\/v2\/types\/product"}],"wp:featuredmedia":[{"embeddable":true,"href":"https:\/\/e.kosmolat.eu\/lt\/wp-json\/wp\/v2\/media\/28592"}],"wp:attachment":[{"href":"https:\/\/e.kosmolat.eu\/lt\/wp-json\/wp\/v2\/media?parent=33005"}],"wp:term":[{"taxonomy":"product_cat","embeddable":true,"href":"https:\/\/e.kosmolat.eu\/lt\/wp-json\/wp\/v2\/product_cat?post=33005"},{"taxonomy":"product_tag","embeddable":true,"href":"https:\/\/e.kosmolat.eu\/lt\/wp-json\/wp\/v2\/product_tag?post=33005"}],"curies":[{"name":"wp","href":"https:\/\/api.w.org\/{rel}","templated":true}]}}