{"id":33001,"date":"2023-12-21T17:58:29","date_gmt":"2023-12-21T17:58:29","guid":{"rendered":"https:\/\/e.kosmolat.eu\/product\/dd-balzams-maska-olas-dzeltenums-un-zelta-stiga-nostiprinosa-500-ml\/"},"modified":"2025-08-22T13:01:38","modified_gmt":"2025-08-22T13:01:38","slug":"i_dd-balzams-maska-olas-dzeltenums-un-zelta-stiga-nostiprinosa-500-ml","status":"publish","type":"product","link":"https:\/\/e.kosmolat.eu\/lt\/produktas\/i_dd-balzams-maska-olas-dzeltenums-un-zelta-stiga-nostiprinosa-500-ml\/","title":{"rendered":"I_DOMA\u0160NIJ DOKTOR Plauk\u0173 balzamas-kauk\u0117 Stiprinanti, 500 ml"},"content":{"rendered":"<p>Balzamas su subalansuotu komponent\u0173 kompleksu, kuris stiprina pa\u017eeistus plaukus. Kompleksas sustiprintas lino aliejumi, kuris turi atkuriam\u0173j\u0173 ir antibakterini\u0173 savybi\u0173, &scaron;velniai pri\u017ei\u016bri plaukus ir galvos od\u0105. Komponentai suteikia plaukams &scaron;ilkum\u0105 ir blizges\u012f. Palengvina plauk\u0173 &scaron;ukavim\u0105, jie tampa paklusn\u016bs.<\/p>\n<p>Kiau&scaron;inio trynio ekstraktas &#8211; puikus med\u017eiag\u0173 &scaron;altinis, maitina plaukus, dr\u0117kina juos ir stiprina. Sud\u0117tyje yra vitaminai A, E, D ir fosfolipid\u0173, kurie skatina sveik\u0173 plauk\u0173 augim\u0105.<\/p>\n<p>Auksinio \u016bso ekstraktas stiprina plaukus, sugr\u0105\u017eina jiems nat\u016bral\u0173 gro\u017e\u012f.<\/p>\n<p><strong>Naudojimo b\u016bdas:<\/strong>&nbsp;u\u017etepkite ant plauk\u0173 &scaron;akn\u0173, paskirstykite per vis\u0105 ilg\u012f, tada nuplaukite vandeniu. Nenaudokite kepurait\u0117s.<\/p>\n<p><strong>Atsargumo priemon\u0117:<\/strong> Tik i&scaron;oriniam naudojimui. Jei pateko \u012f akis, praplaukite vandeniu.<\/p>\n<p><strong>Laikymo s\u0105lygos:<\/strong> nuo +5&deg;\u0421 iki +25&deg;\u0421. <\/p>\n","protected":false},"excerpt":{"rendered":"<p>Balzamas su subalansuotu komponent\u0173 kompleksu, kuris stiprina pa\u017eeistus plaukus. Kompleksas sustiprintas lino aliejumi, kuris turi atkuriam\u0173j\u0173 ir antibakterini\u0173 savybi\u0173, &scaron;velniai pri\u017ei\u016bri plaukus ir galvos od\u0105. Komponentai suteikia plaukams &scaron;ilkum\u0105 ir blizges\u012f. Palengvina plauk\u0173 &scaron;ukavim\u0105, jie tampa paklusn\u016bs. Kiau&scaron;inio trynio ekstraktas &#8211; puikus med\u017eiag\u0173 &scaron;altinis, maitina plaukus, dr\u0117kina juos ir stiprina. Sud\u0117tyje yra vitaminai A, E, [&#8230;]\n","protected":false},"featured_media":7074,"template":"","meta":[],"product_cat":[1640],"product_tag":[],"class_list":{"0":"post-33001","1":"product","2":"type-product","3":"status-publish","4":"has-post-thumbnail","6":"product_brand-elfa_ua-lt","7":"product_cat-balzamai","9":"first","10":"outofstock","11":"taxable","12":"shipping-taxable","13":"product-type-simple"},"_links":{"self":[{"href":"https:\/\/e.kosmolat.eu\/lt\/wp-json\/wp\/v2\/product\/33001","targetHints":{"allow":["GET"]}}],"collection":[{"href":"https:\/\/e.kosmolat.eu\/lt\/wp-json\/wp\/v2\/product"}],"about":[{"href":"https:\/\/e.kosmolat.eu\/lt\/wp-json\/wp\/v2\/types\/product"}],"wp:featuredmedia":[{"embeddable":true,"href":"https:\/\/e.kosmolat.eu\/lt\/wp-json\/wp\/v2\/media\/7074"}],"wp:attachment":[{"href":"https:\/\/e.kosmolat.eu\/lt\/wp-json\/wp\/v2\/media?parent=33001"}],"wp:term":[{"taxonomy":"product_cat","embeddable":true,"href":"https:\/\/e.kosmolat.eu\/lt\/wp-json\/wp\/v2\/product_cat?post=33001"},{"taxonomy":"product_tag","embeddable":true,"href":"https:\/\/e.kosmolat.eu\/lt\/wp-json\/wp\/v2\/product_tag?post=33001"}],"curies":[{"name":"wp","href":"https:\/\/api.w.org\/{rel}","templated":true}]}}