{"id":32997,"date":"2023-12-21T17:58:05","date_gmt":"2023-12-21T17:58:05","guid":{"rendered":"https:\/\/e.kosmolat.eu\/product\/dd-sampuns-kefirs-ar-bisu-pieninu-1-l\/"},"modified":"2025-08-27T10:51:23","modified_gmt":"2025-08-27T10:51:23","slug":"i_dd-sampuns-kefirs-ar-bisu-pieninu-1-l","status":"publish","type":"product","link":"https:\/\/e.kosmolat.eu\/lt\/produktas\/i_dd-sampuns-kefirs-ar-bisu-pieninu-1-l\/","title":{"rendered":"I_DOMA\u0160NIJ DOKTOR Plauk\u0173 \u0161amp\u016bnas &#8220;Kefyrinis&#8221;, 1000 ml"},"content":{"rendered":"<p>Maitina ir stiprina plaukus.<br \/>\n\u0160amp\u016bnas \u0161velniai valo plaukus ir galvos od\u0105. Sud\u0117tyje yra kefyras &#8211; pats populiariausia ir pasiekiama priemon\u0117 plaukams pri\u017ei\u016br\u0117ti. Jo sud\u0117tyje yra prebiotik\u0173, kad atkuria galvos odos mikroflor\u0105. \u0160amp\u016bno sud\u0117tyje yra pieno r\u016bg\u0161\u010di\u0173 hidrolizato ir bi\u010di\u0173 pienelio ekstraktas &#8211; specialiai parinktas kompleksas plauk\u0173 stiprinimui ir maitinimui.<br \/>\nPieno r\u016bg\u0161\u010di\u0173 gidrolizatas dr\u0117kina galvos od\u0105 ir plaukus, pagerina plauk\u0173 strukt\u016br\u0105 ir i\u0161vaizd\u0105.<br \/>\nBi\u010di\u0173 pienelis &#8211; pats turtingiausias nauding\u0173 med\u017eiag\u0173 komponentas, kuris prisotina plauk\u0173 folikulus naudingais komponentais, kurie reikalingi stipri\u0173 plauk\u0173 augimui.<\/p>\n<p>NAUDOJIMO B\u016aDAS: u\u017etepkite ant dr\u0117gn\u0173 plauk\u0173, sukelkite putas, tada nuplaukite vandeniu. Jei reikia, proced\u016br\u0105 galite pakartoti.<br \/>\nJei norite pasiekti geresnio rezultato, naudokite tos pa\u010dios linijos balzam\u0105-kauk\u0119.<\/p>\n<p>ATSARGUMO PRIEMON\u0116: Tik i\u0161oriniam naudojimui. Jei pateko \u012f akis, praplaukite vandeniu.<\/p>\n<p>Laikymo s\u0105lygos: nuo +5\u00b0\u0421 iki +25\u00b0\u0421.<\/p>\n","protected":false},"excerpt":{"rendered":"<p>Maitina ir stiprina plaukus. \u0160amp\u016bnas \u0161velniai valo plaukus ir galvos od\u0105. Sud\u0117tyje yra kefyras &#8211; pats populiariausia ir pasiekiama priemon\u0117 plaukams pri\u017ei\u016br\u0117ti. Jo sud\u0117tyje yra prebiotik\u0173, kad atkuria galvos odos mikroflor\u0105. \u0160amp\u016bno sud\u0117tyje yra pieno r\u016bg\u0161\u010di\u0173 hidrolizato ir bi\u010di\u0173 pienelio ekstraktas &#8211; specialiai parinktas kompleksas plauk\u0173 stiprinimui ir maitinimui. Pieno r\u016bg\u0161\u010di\u0173 gidrolizatas dr\u0117kina galvos od\u0105 [&#8230;]\n","protected":false},"featured_media":7050,"template":"","meta":[],"product_cat":[2181],"product_tag":[],"class_list":{"0":"post-32997","1":"product","2":"type-product","3":"status-publish","4":"has-post-thumbnail","6":"product_brand-elfa_ua-lt","7":"product_cat-bez-kategorijas-lt","9":"first","10":"outofstock","11":"taxable","12":"shipping-taxable","13":"product-type-simple"},"_links":{"self":[{"href":"https:\/\/e.kosmolat.eu\/lt\/wp-json\/wp\/v2\/product\/32997","targetHints":{"allow":["GET"]}}],"collection":[{"href":"https:\/\/e.kosmolat.eu\/lt\/wp-json\/wp\/v2\/product"}],"about":[{"href":"https:\/\/e.kosmolat.eu\/lt\/wp-json\/wp\/v2\/types\/product"}],"wp:featuredmedia":[{"embeddable":true,"href":"https:\/\/e.kosmolat.eu\/lt\/wp-json\/wp\/v2\/media\/7050"}],"wp:attachment":[{"href":"https:\/\/e.kosmolat.eu\/lt\/wp-json\/wp\/v2\/media?parent=32997"}],"wp:term":[{"taxonomy":"product_cat","embeddable":true,"href":"https:\/\/e.kosmolat.eu\/lt\/wp-json\/wp\/v2\/product_cat?post=32997"},{"taxonomy":"product_tag","embeddable":true,"href":"https:\/\/e.kosmolat.eu\/lt\/wp-json\/wp\/v2\/product_tag?post=32997"}],"curies":[{"name":"wp","href":"https:\/\/api.w.org\/{rel}","templated":true}]}}