{"id":32993,"date":"2023-12-21T17:57:43","date_gmt":"2023-12-21T17:57:43","guid":{"rendered":"https:\/\/e.kosmolat.eu\/product\/dd-sampuns-altaja-mumijs-un-medus-1-l\/"},"modified":"2026-04-10T12:27:09","modified_gmt":"2026-04-10T12:27:09","slug":"i_dd-sampuns-altaja-mumijs-un-medus-1-l","status":"publish","type":"product","link":"https:\/\/e.kosmolat.eu\/lt\/produktas\/i_dd-sampuns-altaja-mumijs-un-medus-1-l\/","title":{"rendered":"DOMA\u0160NIJ DOKTOR Plauk\u0173 \u0161amp\u016bnas Skatinantis, 1 l"},"content":{"rendered":"<p>Skatina plauk\u0173 augim\u0105 ir stiprina plauk\u0173 folikulus.<\/p>\n<p>&Scaron;amp\u016bnas &scaron;velniai valo plaukus ir galvos od\u0105. Sud\u0117tyje yra Altaj\u0173 mumijo ir medus, kurie pla\u010diai naudojami folikul\u0173 stiprinimui ir plauk\u0173 augimui. Mumijo &#8211; &quot;kalno a&scaron;ara&quot; &#8211; nat\u016bralus organini\u0173 ir neorganini\u0173 med\u017eiag\u0173 mi&scaron;inys, kuris susideda i&scaron; daugiau nei 80 komponent\u0173. Pagerina plauk\u0173 i&scaron;vaizd\u0105, sustiprina nat\u016bral\u0173 gro\u017e\u012f.<\/p>\n<p>Medaus ekstraktas suteikia plaukams &scaron;ilkum\u0105.<\/p>\n<p><strong>Naudojimo b\u016bdas: <\/strong>u\u017etepkite ant dr\u0117gn\u0173 plauk\u0173, sukelkite putas, tada nuplaukite vandeniu. Jei reikia, proced\u016br\u0105 galite pakartoti.&nbsp;Jei norite pasiekti geresnio rezultato, naudokite tos pa\u010dios linijos balzam\u0105-kauk\u0119.<\/p>\n<p><strong>Atsargumo premon\u0117: <\/strong>Tik i&scaron;oriniam naudojimui. Jei pateko \u012f akis, praplaukite vandeniu.<\/p>\n<p>Laikymo s\u0105lygos: nuo +5&deg;\u0421 iki +25&deg;\u0421.<\/p>\n","protected":false},"excerpt":{"rendered":"<p>Skatina plauk\u0173 augim\u0105 ir stiprina plauk\u0173 folikulus. &Scaron;amp\u016bnas &scaron;velniai valo plaukus ir galvos od\u0105. Sud\u0117tyje yra Altaj\u0173 mumijo ir medus, kurie pla\u010diai naudojami folikul\u0173 stiprinimui ir plauk\u0173 augimui. Mumijo &#8211; &quot;kalno a&scaron;ara&quot; &#8211; nat\u016bralus organini\u0173 ir neorganini\u0173 med\u017eiag\u0173 mi&scaron;inys, kuris susideda i&scaron; daugiau nei 80 komponent\u0173. Pagerina plauk\u0173 i&scaron;vaizd\u0105, sustiprina nat\u016bral\u0173 gro\u017e\u012f. Medaus ekstraktas suteikia [&#8230;]\n","protected":false},"featured_media":96537,"template":"","meta":[],"product_cat":[1251],"product_tag":[],"class_list":{"0":"post-32993","1":"product","2":"type-product","3":"status-publish","4":"has-post-thumbnail","6":"product_brand-elfa_ua-lt","7":"product_cat-sampunai","9":"first","10":"instock","11":"taxable","12":"shipping-taxable","13":"product-type-simple"},"_links":{"self":[{"href":"https:\/\/e.kosmolat.eu\/lt\/wp-json\/wp\/v2\/product\/32993","targetHints":{"allow":["GET"]}}],"collection":[{"href":"https:\/\/e.kosmolat.eu\/lt\/wp-json\/wp\/v2\/product"}],"about":[{"href":"https:\/\/e.kosmolat.eu\/lt\/wp-json\/wp\/v2\/types\/product"}],"wp:featuredmedia":[{"embeddable":true,"href":"https:\/\/e.kosmolat.eu\/lt\/wp-json\/wp\/v2\/media\/96537"}],"wp:attachment":[{"href":"https:\/\/e.kosmolat.eu\/lt\/wp-json\/wp\/v2\/media?parent=32993"}],"wp:term":[{"taxonomy":"product_cat","embeddable":true,"href":"https:\/\/e.kosmolat.eu\/lt\/wp-json\/wp\/v2\/product_cat?post=32993"},{"taxonomy":"product_tag","embeddable":true,"href":"https:\/\/e.kosmolat.eu\/lt\/wp-json\/wp\/v2\/product_tag?post=32993"}],"curies":[{"name":"wp","href":"https:\/\/api.w.org\/{rel}","templated":true}]}}