{"id":32989,"date":"2023-12-21T17:57:16","date_gmt":"2023-12-21T17:57:16","guid":{"rendered":"https:\/\/e.kosmolat.eu\/product\/dd-sampuns-olas-dzeltenums-un-zelta-stiga-1-l\/"},"modified":"2025-09-02T10:29:12","modified_gmt":"2025-09-02T10:29:12","slug":"i_dd-sampuns-olas-dzeltenums-un-zelta-stiga-1-l","status":"publish","type":"product","link":"https:\/\/e.kosmolat.eu\/lt\/produktas\/i_dd-sampuns-olas-dzeltenums-un-zelta-stiga-1-l\/","title":{"rendered":"I_DOMA\u0160NIJ DOKTOR  Plauk\u0173 \u0161amp\u016bnas Stiprinantis 1000ml"},"content":{"rendered":"","protected":false},"excerpt":{"rendered":"","protected":false},"featured_media":0,"template":"","meta":[],"product_cat":[1251],"product_tag":[],"class_list":{"0":"post-32989","1":"product","2":"type-product","3":"status-publish","5":"product_brand-elfa_ua-lt","6":"product_cat-sampunai","8":"first","9":"outofstock","10":"taxable","11":"shipping-taxable","12":"product-type-simple"},"_links":{"self":[{"href":"https:\/\/e.kosmolat.eu\/lt\/wp-json\/wp\/v2\/product\/32989","targetHints":{"allow":["GET"]}}],"collection":[{"href":"https:\/\/e.kosmolat.eu\/lt\/wp-json\/wp\/v2\/product"}],"about":[{"href":"https:\/\/e.kosmolat.eu\/lt\/wp-json\/wp\/v2\/types\/product"}],"wp:attachment":[{"href":"https:\/\/e.kosmolat.eu\/lt\/wp-json\/wp\/v2\/media?parent=32989"}],"wp:term":[{"taxonomy":"product_cat","embeddable":true,"href":"https:\/\/e.kosmolat.eu\/lt\/wp-json\/wp\/v2\/product_cat?post=32989"},{"taxonomy":"product_tag","embeddable":true,"href":"https:\/\/e.kosmolat.eu\/lt\/wp-json\/wp\/v2\/product_tag?post=32989"}],"curies":[{"name":"wp","href":"https:\/\/api.w.org\/{rel}","templated":true}]}}