{"id":32985,"date":"2023-12-21T17:56:53","date_gmt":"2023-12-21T17:56:53","guid":{"rendered":"https:\/\/e.kosmolat.eu\/product\/dd-sampuns-triskarss-speks-1-l\/"},"modified":"2026-04-10T13:02:45","modified_gmt":"2026-04-10T13:02:45","slug":"i_dd-sampuns-triskarss-speks-1-l","status":"publish","type":"product","link":"https:\/\/e.kosmolat.eu\/lt\/produktas\/i_dd-sampuns-triskarss-speks-1-l\/","title":{"rendered":"DOMA\u0160NIJ DOKTOR  Plauk\u0173 \u0161amp\u016bnas Triguba j\u0117ga, 1000 ml"},"content":{"rendered":"<p>Nuo plauk\u0173 slinkimo. &Scaron;amp\u016bnas \u0161velniai valo plaukus ir galvos od\u0105. Sud\u0117tyje yra varnal\u0117\u0161\u0173, ricinos, rozmarin\u0173 aliejai &#8211; stiprus kompleksas nuo plauk\u0173 slinkimo.<\/p>\n<ul>\n<li>Varnal\u0117\u0161\u0173 aliejus &#8211; vienas i\u0161 stipriausi\u0173 komponent\u0173, stiprina plaukus ir skatina sveik\u0173 ir gra\u017ei\u0173 plauk\u0173 augim\u0105.&nbsp;Suteikia plaukams elastingum\u0105, mink\u0161tum\u0105 ir blizges\u012f.<\/li>\n<li>Ricinos aliejus &#8211; skatina plauk\u0173 augim\u0105, suteikia gyvybingum\u0105.<\/li>\n<li>Rozmarin\u0173 aliejus &#8211; apsaugo nuo slinkimo.<\/li>\n<\/ul>\n<p><strong>Naudojimo b\u016bdas: <\/strong>u\u017etepkite ant dr\u0117gn\u0173 plauk\u0173, sukelkite putas, tada nuplaukite vandeniu. Jei reikia, proced\u016br\u0105 galite pakartoti. Jei norite pasiekti geresnio rezultato, naudokite tos pa\u010dios linijos balzam\u0105-kauk\u0119.<\/p>\n<p><strong>Atsargumo priemon\u0117s: t<\/strong>ik i\u0161oriniam naudojimui. Jei pateko \u012f akis, praplaukite vandeniu.<\/p>\n<p><strong>Laikymo s\u0105lygos:<\/strong> nuo +5&deg;\u0421 iki +25&deg;\u0421.  <\/p>\n","protected":false},"excerpt":{"rendered":"<p>Nuo plauk\u0173 slinkimo. &Scaron;amp\u016bnas \u0161velniai valo plaukus ir galvos od\u0105. Sud\u0117tyje yra varnal\u0117\u0161\u0173, ricinos, rozmarin\u0173 aliejai &#8211; stiprus kompleksas nuo plauk\u0173 slinkimo. Varnal\u0117\u0161\u0173 aliejus &#8211; vienas i\u0161 stipriausi\u0173 komponent\u0173, stiprina plaukus ir skatina sveik\u0173 ir gra\u017ei\u0173 plauk\u0173 augim\u0105.&nbsp;Suteikia plaukams elastingum\u0105, mink\u0161tum\u0105 ir blizges\u012f. Ricinos aliejus &#8211; skatina plauk\u0173 augim\u0105, suteikia gyvybingum\u0105. Rozmarin\u0173 aliejus &#8211; apsaugo [&#8230;]\n","protected":false},"featured_media":96529,"template":"","meta":[],"product_cat":[1251],"product_tag":[],"class_list":{"0":"post-32985","1":"product","2":"type-product","3":"status-publish","4":"has-post-thumbnail","6":"product_brand-elfa_ua-lt","7":"product_cat-sampunai","9":"first","10":"instock","11":"taxable","12":"shipping-taxable","13":"product-type-simple"},"_links":{"self":[{"href":"https:\/\/e.kosmolat.eu\/lt\/wp-json\/wp\/v2\/product\/32985","targetHints":{"allow":["GET"]}}],"collection":[{"href":"https:\/\/e.kosmolat.eu\/lt\/wp-json\/wp\/v2\/product"}],"about":[{"href":"https:\/\/e.kosmolat.eu\/lt\/wp-json\/wp\/v2\/types\/product"}],"wp:featuredmedia":[{"embeddable":true,"href":"https:\/\/e.kosmolat.eu\/lt\/wp-json\/wp\/v2\/media\/96529"}],"wp:attachment":[{"href":"https:\/\/e.kosmolat.eu\/lt\/wp-json\/wp\/v2\/media?parent=32985"}],"wp:term":[{"taxonomy":"product_cat","embeddable":true,"href":"https:\/\/e.kosmolat.eu\/lt\/wp-json\/wp\/v2\/product_cat?post=32985"},{"taxonomy":"product_tag","embeddable":true,"href":"https:\/\/e.kosmolat.eu\/lt\/wp-json\/wp\/v2\/product_tag?post=32985"}],"curies":[{"name":"wp","href":"https:\/\/api.w.org\/{rel}","templated":true}]}}