{"id":32981,"date":"2023-12-21T17:56:30","date_gmt":"2023-12-21T17:56:30","guid":{"rendered":"https:\/\/e.kosmolat.eu\/product\/dd-bernu-krems-ar-pantenolu-42-ml\/"},"modified":"2026-04-23T11:43:05","modified_gmt":"2026-04-23T11:43:05","slug":"dd-bernu-krems-ar-pantenolu-42-ml","status":"publish","type":"product","link":"https:\/\/e.kosmolat.eu\/lt\/produktas\/dd-bernu-krems-ar-pantenolu-42-ml\/","title":{"rendered":"THE DOCTOR HEALTH &#038; CARE  Vaiki\u0161kas kremas su pantenoliu, 42 ml"},"content":{"rendered":"<p>Vaiki\u0161kas kremas \u0161velniai pri\u017ei\u016bri k\u016bdikio od\u0105. Pantenolis ir pieno proteinai intensyviai dr\u0117kina od\u0105, apsaugo nuo pleiskanojimo ir sausumo poj\u016b\u010dio. Suteikia odai lygum\u0105 ir \u0161velnum\u0105.<\/p>\n<p>NAUDOJIMO B\u016aDAS: u\u017etepkite ant \u0161varios ir sausos odos.<\/p>\n<p>ATSARGUMO PRIEMON\u0116S: Tik i\u0161oriniam naudojimui. Jei pateko \u012f akis, praplaukite vandeniu.<\/p>\n<p>Laikymo s\u0105lygos: nuo 5\u00b0\u0421 iki +25\u00b0\u0421.<\/p>\n","protected":false},"excerpt":{"rendered":"<p>Vaiki\u0161kas kremas \u0161velniai pri\u017ei\u016bri k\u016bdikio od\u0105. Pantenolis ir pieno proteinai intensyviai dr\u0117kina od\u0105, apsaugo nuo pleiskanojimo ir sausumo poj\u016b\u010dio. Suteikia odai lygum\u0105 ir \u0161velnum\u0105. NAUDOJIMO B\u016aDAS: u\u017etepkite ant \u0161varios ir sausos odos. ATSARGUMO PRIEMON\u0116S: Tik i\u0161oriniam naudojimui. Jei pateko \u012f akis, praplaukite vandeniu. Laikymo s\u0105lygos: nuo 5\u00b0\u0421 iki +25\u00b0\u0421.<\/p>\n","protected":false},"featured_media":96586,"template":"","meta":[],"product_cat":[1363],"product_tag":[],"class_list":{"0":"post-32981","1":"product","2":"type-product","3":"status-publish","4":"has-post-thumbnail","6":"product_brand-elfa_ua-lt","7":"product_cat-kuno-prieziuros-kosmetika","9":"first","10":"instock","11":"taxable","12":"shipping-taxable","13":"product-type-simple"},"_links":{"self":[{"href":"https:\/\/e.kosmolat.eu\/lt\/wp-json\/wp\/v2\/product\/32981","targetHints":{"allow":["GET"]}}],"collection":[{"href":"https:\/\/e.kosmolat.eu\/lt\/wp-json\/wp\/v2\/product"}],"about":[{"href":"https:\/\/e.kosmolat.eu\/lt\/wp-json\/wp\/v2\/types\/product"}],"wp:featuredmedia":[{"embeddable":true,"href":"https:\/\/e.kosmolat.eu\/lt\/wp-json\/wp\/v2\/media\/96586"}],"wp:attachment":[{"href":"https:\/\/e.kosmolat.eu\/lt\/wp-json\/wp\/v2\/media?parent=32981"}],"wp:term":[{"taxonomy":"product_cat","embeddable":true,"href":"https:\/\/e.kosmolat.eu\/lt\/wp-json\/wp\/v2\/product_cat?post=32981"},{"taxonomy":"product_tag","embeddable":true,"href":"https:\/\/e.kosmolat.eu\/lt\/wp-json\/wp\/v2\/product_tag?post=32981"}],"curies":[{"name":"wp","href":"https:\/\/api.w.org\/{rel}","templated":true}]}}