{"id":32973,"date":"2023-12-21T17:55:47","date_gmt":"2023-12-21T17:55:47","guid":{"rendered":"https:\/\/e.kosmolat.eu\/product\/dd-roku-krems-silikona-42-ml\/"},"modified":"2025-09-23T08:54:08","modified_gmt":"2025-09-23T08:54:08","slug":"i_dd-roku-krems-silikona-42-ml","status":"publish","type":"product","link":"https:\/\/e.kosmolat.eu\/lt\/produktas\/i_dd-roku-krems-silikona-42-ml\/","title":{"rendered":"I_DOMA\u0160NIJ DOKTOR  Rank\u0173 kremas Silikoninis 42ml"},"content":{"rendered":"<p>Rank\u0173 odos apsauga nuo buitin\u0117s chemijos poveikio. Dermatologi\u0161kai patikrintas.<\/p>\n<p><strong>Naudojimas: <\/strong>tepkite ant sausos, \u0161varios rank\u0173 odos prie\u0161 atliekant darbus.<\/p>\n<p><strong>Atsargumo priemon\u0117s: <\/strong>gali padid\u0117ti individualus jautrumas atskiriems komponentams.<\/p>\n<p>Laikymo s\u0105lygos: laikyti nuo +5 &deg;C iki +25 &deg;C temperat\u016broje.<br \/>\n&nbsp;<\/p>\n","protected":false},"excerpt":{"rendered":"<p>Rank\u0173 odos apsauga nuo buitin\u0117s chemijos poveikio. Dermatologi\u0161kai patikrintas. Naudojimas: tepkite ant sausos, \u0161varios rank\u0173 odos prie\u0161 atliekant darbus. Atsargumo priemon\u0117s: gali padid\u0117ti individualus jautrumas atskiriems komponentams. Laikymo s\u0105lygos: laikyti nuo +5 &deg;C iki +25 &deg;C temperat\u016broje. &nbsp;<\/p>\n","protected":false},"featured_media":79674,"template":"","meta":[],"product_cat":[1304],"product_tag":[],"class_list":{"0":"post-32973","1":"product","2":"type-product","3":"status-publish","4":"has-post-thumbnail","6":"product_brand-elfa_ua-lt","7":"product_cat-ranku-prieziuros-kosmetika","9":"first","10":"outofstock","11":"taxable","12":"shipping-taxable","13":"product-type-simple"},"_links":{"self":[{"href":"https:\/\/e.kosmolat.eu\/lt\/wp-json\/wp\/v2\/product\/32973","targetHints":{"allow":["GET"]}}],"collection":[{"href":"https:\/\/e.kosmolat.eu\/lt\/wp-json\/wp\/v2\/product"}],"about":[{"href":"https:\/\/e.kosmolat.eu\/lt\/wp-json\/wp\/v2\/types\/product"}],"wp:featuredmedia":[{"embeddable":true,"href":"https:\/\/e.kosmolat.eu\/lt\/wp-json\/wp\/v2\/media\/79674"}],"wp:attachment":[{"href":"https:\/\/e.kosmolat.eu\/lt\/wp-json\/wp\/v2\/media?parent=32973"}],"wp:term":[{"taxonomy":"product_cat","embeddable":true,"href":"https:\/\/e.kosmolat.eu\/lt\/wp-json\/wp\/v2\/product_cat?post=32973"},{"taxonomy":"product_tag","embeddable":true,"href":"https:\/\/e.kosmolat.eu\/lt\/wp-json\/wp\/v2\/product_tag?post=32973"}],"curies":[{"name":"wp","href":"https:\/\/api.w.org\/{rel}","templated":true}]}}