{"id":32969,"date":"2023-12-21T17:55:16","date_gmt":"2023-12-21T17:55:16","guid":{"rendered":"https:\/\/e.kosmolat.eu\/product\/elfa-pharm-sampuns-7in1-7-ellas-200-ml\/"},"modified":"2026-04-22T09:14:21","modified_gmt":"2026-04-22T09:14:21","slug":"elfa-pharm-sampuns-7in1-7-ellas-200-ml","status":"publish","type":"product","link":"https:\/\/e.kosmolat.eu\/lt\/produktas\/elfa-pharm-sampuns-7in1-7-ellas-200-ml\/","title":{"rendered":"ELFA PHARM \u0161amp\u016bnas 7in1, 7 aliejai, 200 ml"},"content":{"rendered":"<p>7 aliej\u0173 kompleksas: varnal\u0117&scaron;\u0173, ricinos, s\u0117men\u0173, rozmarin\u0173, kedr\u0173, avokad\u0173, taukmed\u017ei\u0173. &Scaron;velnus &scaron;amp\u016bno pagrindas, kuriame n\u0117ra SLS ir SLES, &scaron;velniai valo plaukus ir galvos od\u0105. &Scaron;amp\u016bne yra 7 specialiai atrinkt\u0173 aliej\u0173 kompleksas, kuris padeda sustiprinti folikulus ir i&scaron;saugoti apsaugin\u0119 plauk\u0173 mantij\u0105, taip u\u017ekertant keli\u0105 i&scaron;saus\u0117jimui ir trapumui. Idealiai tinka nusilpusiems, linkusiems slinkti plaukams pri\u017ei\u016br\u0117ti. Kasdieniniam naudojimui.<\/p>\n<ul>\n<li><strong>Varnal\u0117&scaron;\u0173 aliejus:<\/strong> stiprina plauk\u0173 &scaron;aknis, tonizuoja galvos od\u0105, normalizuoja riebalini\u0173 liauk\u0173 veikl\u0105.<\/li>\n<li><strong>Ricinos aliejus:<\/strong> skatina plauk\u0173 augim\u0105, suteikia jiems \u017evilgesio ir &scaron;ilkingumo.<\/li>\n<li><strong>Lin\u0173 s\u0117men\u0173 aliejus:<\/strong> aktyvina plauk\u0173 augim\u0105. Sud\u0117tyje yra vitamino E, kuris dr\u0117kina plaukus ir galvos od\u0105.<\/li>\n<li><strong>Rozmarin\u0173 aliejus:<\/strong> pagerina plauk\u0173 &scaron;akn\u0173 apr\u016bpinim\u0105 maistin\u0117mis med\u017eiagomis ir apsaugo nuo plauk\u0173 slinkimo.<\/li>\n<li><strong>Kedr\u0173 aliejus:<\/strong> skatina plauk\u0173 stiprinim\u0105 ir augim\u0105. Turi antiseptin\u012f poveik\u012f.<\/li>\n<li><strong>Avokad\u0173 aliejus:<\/strong> turi tausojan\u010di\u0173 savybi\u0173, padeda i&scaron;laikyti dr\u0117gm\u0119 plaukuose, neleid\u017eia jiems i&scaron;saus\u0117ti ir l\u016b\u017ein\u0117ti.<\/li>\n<li><strong>Taukmed\u017ei\u0173 sviestas:<\/strong> atkuria pa\u017eeist\u0173, saus\u0173 ir l\u016b\u017ein\u0117jan\u010di\u0173 plauk\u0173 strukt\u016br\u0105. Yra nat\u016bralus UV filtras.<\/li>\n<\/ul>\n<p><strong>Naudojimas:<\/strong> tolygiai paskirstykite &scaron;amp\u016bn\u0105 ant dr\u0117gn\u0173 plauk\u0173, suputokite, i&scaron;skalaukite vandeniu. Jei reikia, pakartokite proced\u016br\u0105. Panaudojus &scaron;amp\u016bn\u0105, u\u017etepkite intensyvi\u0105 kauk\u0119 i&scaron; serijos &bdquo;7 aliejai&ldquo;. &Scaron;amp\u016bn\u0105 galima naudoti savaranki&scaron;kai. Jei kartu naudojamas aliejus ir &scaron;amp\u016bnas nuo plauk\u0173 slinkimo i&scaron; serijos &bdquo;7 aliejus&ldquo;, rekomenduojama plaukus plauti &scaron;amp\u016bnu du kartus.<\/p>\n<p><strong>Atsargumo priemon\u0117s:<\/strong>&nbsp;tik i&scaron;oriniam naudojimui. Patekus \u012f akis, praplauti vandeniu.<br \/>\n&nbsp;<\/p>\n","protected":false},"excerpt":{"rendered":"<p>7 aliej\u0173 kompleksas: varnal\u0117&scaron;\u0173, ricinos, s\u0117men\u0173, rozmarin\u0173, kedr\u0173, avokad\u0173, taukmed\u017ei\u0173. &Scaron;velnus &scaron;amp\u016bno pagrindas, kuriame n\u0117ra SLS ir SLES, &scaron;velniai valo plaukus ir galvos od\u0105. &Scaron;amp\u016bne yra 7 specialiai atrinkt\u0173 aliej\u0173 kompleksas, kuris padeda sustiprinti folikulus ir i&scaron;saugoti apsaugin\u0119 plauk\u0173 mantij\u0105, taip u\u017ekertant keli\u0105 i&scaron;saus\u0117jimui ir trapumui. Idealiai tinka nusilpusiems, linkusiems slinkti plaukams pri\u017ei\u016br\u0117ti. Kasdieniniam naudojimui. [&#8230;]\n","protected":false},"featured_media":104432,"template":"","meta":[],"product_cat":[2181],"product_tag":[],"class_list":{"0":"post-32969","1":"product","2":"type-product","3":"status-publish","4":"has-post-thumbnail","6":"product_brand-elfa_ua-lt","7":"product_cat-bez-kategorijas-lt","9":"first","10":"instock","11":"taxable","12":"shipping-taxable","13":"product-type-simple"},"_links":{"self":[{"href":"https:\/\/e.kosmolat.eu\/lt\/wp-json\/wp\/v2\/product\/32969","targetHints":{"allow":["GET"]}}],"collection":[{"href":"https:\/\/e.kosmolat.eu\/lt\/wp-json\/wp\/v2\/product"}],"about":[{"href":"https:\/\/e.kosmolat.eu\/lt\/wp-json\/wp\/v2\/types\/product"}],"wp:featuredmedia":[{"embeddable":true,"href":"https:\/\/e.kosmolat.eu\/lt\/wp-json\/wp\/v2\/media\/104432"}],"wp:attachment":[{"href":"https:\/\/e.kosmolat.eu\/lt\/wp-json\/wp\/v2\/media?parent=32969"}],"wp:term":[{"taxonomy":"product_cat","embeddable":true,"href":"https:\/\/e.kosmolat.eu\/lt\/wp-json\/wp\/v2\/product_cat?post=32969"},{"taxonomy":"product_tag","embeddable":true,"href":"https:\/\/e.kosmolat.eu\/lt\/wp-json\/wp\/v2\/product_tag?post=32969"}],"curies":[{"name":"wp","href":"https:\/\/api.w.org\/{rel}","templated":true}]}}