{"id":32965,"date":"2023-12-21T17:54:47","date_gmt":"2023-12-21T17:54:47","guid":{"rendered":"https:\/\/e.kosmolat.eu\/product\/7-masel-ella-matiem-7-1-100-ml\/"},"modified":"2026-04-22T13:30:22","modified_gmt":"2026-04-22T13:30:22","slug":"7-masel-matu-ella-7-1-100-ml","status":"publish","type":"product","link":"https:\/\/e.kosmolat.eu\/lt\/produktas\/7-masel-matu-ella-7-1-100-ml\/","title":{"rendered":"ELFA PHARM 7 aliejai Aliejus plaukams 7 &#038; 1, 100 ml"},"content":{"rendered":"<p>Nuo plauk\u0173 slinkimo. 7 aliej\u0173 kompleksas: varnal\u0117&scaron;\u0173, ricinos, lin\u0173, rozmarin\u0173, kedr\u0173, avokad\u0173, taukmed\u017eio. &#8211; Skatina kraujo apytak\u0105 ir maitina plauk\u0173 folikulus. Aliejus tinka pa\u017eeistiems ir silpniems plaukams. 7 aliej\u0173 kompleksas stiprina folikulus, apsaugo vir&scaron;utin\u012f plauk\u0173 sluoksn\u012f, palaiko normal\u0173 dr\u0117gm\u0117s lyg\u012f, apsaugo nuo l\u016b\u017ein\u0117jimo ir saus\u0117jimo, skatina kraujo cirkuliacij\u0105, apr\u016bpina folikulus deguonies, prisotina maitinan\u010diomis med\u017eiagomis.<\/p>\n<ul>\n<li><strong>VARNAL\u0116&Scaron;\u0172 ALIEJUS:<\/strong> Stiprina plauk\u0173 &scaron;aknis, tonizuoja galvos od\u0105, normalizuoja riebalini\u0173 liauk\u0173 veikl\u0105. RICINOS ALIEJUS: Skatina plauk\u0173 augim\u0105, suteikia blizges\u012f ir &scaron;ilkum\u0105.<\/li>\n<li><strong>LIN\u0172 ALIEJUS:<\/strong> Skatina plauk\u0173 augim\u0105. Sud\u0117tyje yra vitaminas E, kuris turi dr\u0117kinant\u012f poveik\u012f galvos odai ir plaukams. ROZMARIN\u0172 ALIEJUS: Prisotina plauk\u0173 &scaron;aknis maitinan\u010diomis med\u017eiagomis, apsaugo nuo slinkimo.<\/li>\n<li><strong>KEDR\u0172 ALIEJUS: <\/strong>Stiprina plaukus ir skatina j\u0173 augim\u0105. Turi antiseptini\u0173 savybi\u0173.<\/li>\n<li><strong>AVOKAD\u0172 ALIEJUS: <\/strong>&Scaron;velniai pri\u017ei\u016bri plaukus, palaiko dr\u0117gm\u0117s balans\u0105, apsaugo nuo i&scaron;saus\u0117jimo ir l\u016b\u017ein\u0117jimo.<\/li>\n<li><strong>TAUKMED\u017dIO ALIEJUS:<\/strong> Atstato pa\u017eeist\u0173, saus\u0173, silpn\u0173 plauk\u0173 strukt\u016br\u0105. Nat\u016bralus UV-filtras.<\/li>\n<\/ul>\n<p><strong>NAUDOJIMO B\u016aDAS:<\/strong> tolygiai u\u017etepkite aliej\u0173 pipete ant galvos odos, masa\u017euojamais judesiai \u012ftrinkite \u012f &scaron;aknis, u\u017ed\u0117kite kepurait\u0119 ir apvyniokite rank&scaron;luos\u010diu. Po 2-3 val. nuplaukite &scaron;iltu vandeniu su &scaron;amp\u016bnu. Proced\u016br\u0105 kartokite 1-2 kartus per savait\u0119 2 m\u0117nesius.<\/p>\n<p><strong>INTENSYVUS KURSAS:<\/strong> Naudoti kasdien 3 savaites. Po m\u0117nesio kurs\u0105 pakartokite. Atsargumo priemon\u0117s: Tik i&scaron;oriniam naudojimui. Jei pateko \u012f akis, praplaukite.<\/p>\n<p><strong>D\u0116MESIO!<\/strong> Preparato sud\u0117tyje ir didel\u0117 eterini\u0173 aliej\u0173 koncentracija. neleiskite patekimo \u012f akis ir burn\u0105. Jei pateko, nedelsiant praplaukite dideli\u0173 kiekiu vandens ir jei reikia, kreipkit\u0117s pas gydytoj\u0105.<\/p>\n<p><strong>Laikymo s\u0105lygos: <\/strong>nuo 0&deg;\u0421 iki +25&deg;\u0421.&nbsp;<\/p>\n","protected":false},"excerpt":{"rendered":"<p>Nuo plauk\u0173 slinkimo. 7 aliej\u0173 kompleksas: varnal\u0117&scaron;\u0173, ricinos, lin\u0173, rozmarin\u0173, kedr\u0173, avokad\u0173, taukmed\u017eio. &#8211; Skatina kraujo apytak\u0105 ir maitina plauk\u0173 folikulus. Aliejus tinka pa\u017eeistiems ir silpniems plaukams. 7 aliej\u0173 kompleksas stiprina folikulus, apsaugo vir&scaron;utin\u012f plauk\u0173 sluoksn\u012f, palaiko normal\u0173 dr\u0117gm\u0117s lyg\u012f, apsaugo nuo l\u016b\u017ein\u0117jimo ir saus\u0117jimo, skatina kraujo cirkuliacij\u0105, apr\u016bpina folikulus deguonies, prisotina maitinan\u010diomis med\u017eiagomis. VARNAL\u0116&Scaron;\u0172 [&#8230;]\n","protected":false},"featured_media":96598,"template":"","meta":[],"product_cat":[2181],"product_tag":[],"class_list":{"0":"post-32965","1":"product","2":"type-product","3":"status-publish","4":"has-post-thumbnail","6":"product_brand-elfa_ua-lt","7":"product_cat-bez-kategorijas-lt","9":"first","10":"outofstock","11":"taxable","12":"shipping-taxable","13":"product-type-simple"},"_links":{"self":[{"href":"https:\/\/e.kosmolat.eu\/lt\/wp-json\/wp\/v2\/product\/32965","targetHints":{"allow":["GET"]}}],"collection":[{"href":"https:\/\/e.kosmolat.eu\/lt\/wp-json\/wp\/v2\/product"}],"about":[{"href":"https:\/\/e.kosmolat.eu\/lt\/wp-json\/wp\/v2\/types\/product"}],"wp:featuredmedia":[{"embeddable":true,"href":"https:\/\/e.kosmolat.eu\/lt\/wp-json\/wp\/v2\/media\/96598"}],"wp:attachment":[{"href":"https:\/\/e.kosmolat.eu\/lt\/wp-json\/wp\/v2\/media?parent=32965"}],"wp:term":[{"taxonomy":"product_cat","embeddable":true,"href":"https:\/\/e.kosmolat.eu\/lt\/wp-json\/wp\/v2\/product_cat?post=32965"},{"taxonomy":"product_tag","embeddable":true,"href":"https:\/\/e.kosmolat.eu\/lt\/wp-json\/wp\/v2\/product_tag?post=32965"}],"curies":[{"name":"wp","href":"https:\/\/api.w.org\/{rel}","templated":true}]}}