{"id":32961,"date":"2023-12-21T17:54:19","date_gmt":"2023-12-21T17:54:19","guid":{"rendered":"https:\/\/e.kosmolat.eu\/product\/7-masel-intensiva-maska-matiem-7-1-200-ml\/"},"modified":"2026-04-21T07:47:51","modified_gmt":"2026-04-21T07:47:51","slug":"7-masel-intensiva-matu-maska-7-1-200-ml","status":"publish","type":"product","link":"https:\/\/e.kosmolat.eu\/lt\/produktas\/7-masel-intensiva-matu-maska-7-1-200-ml\/","title":{"rendered":"ELFA PHARM 7 aliejai, Intensyvi plauk\u0173 kauk\u0117 7in1, 200 ml"},"content":{"rendered":"<p>Nuo plauk\u0173 slinkimo. 7 aliej\u0173 kompleksas: varnal\u0117&scaron;\u0173, ricinos, lin\u0173, rozmarin\u0173, kedr\u0173, avokad\u0173, taukmed\u017eio. Kauk\u0117 tinka pa\u017eeistiems ir silpniems plaukams. 7 aliej\u0173 kompleksas stiprina folikulus, apsaugo vir&scaron;utin\u012f plauk\u0173 sluoksn\u012f, neleid\u017eia jiems l\u016b\u017ein\u0117ti ir saus\u0117ti. Vital Hair Aktive+ kartu su aliejais sustiprina poveik\u012f, skatina kraujo cirkuliacij\u0105, apr\u016bpina folikulus deguonies, prisotina maitinan\u010diomis med\u017eiagomis. Kauk\u0117 idealiai pri\u017ei\u016bri galvos od\u0105, padeda palaikyti sveik\u0105 plauk\u0173 i&scaron;vaizd\u0105 ne tik pas moteris, bet ir pas vyrus.<\/p>\n<ul>\n<li><strong>VARNAL\u0116&Scaron;\u0172 ALIEJUS:<\/strong>&nbsp;stiprina plauk\u0173 &scaron;aknis, tonizuoja galvos od\u0105, normalizuoja riebalini\u0173 liauk\u0173 veikl\u0105.<\/li>\n<li><strong>RICINOS ALIEJUS: <\/strong>skatina plauk\u0173 augim\u0105, suteikia blizges\u012f ir &scaron;ilkum\u0105.<\/li>\n<li><strong>LIN\u0172 ALIEJUS:<\/strong> skatina plauk\u0173 augim\u0105. Sud\u0117tyje yra vitaminas E, kuris turi dr\u0117kinant\u012f poveik\u012f galvos odai ir plaukams.<\/li>\n<li><strong>ROZMARIN\u0172 ALIEJUS:<\/strong> prisotina plauk\u0173 &scaron;aknis maitinan\u010diomis med\u017eiagomis, apsaugo nuo slinkimo.<\/li>\n<li><strong>KEDR\u0172 ALIEJUS:<\/strong> stiprina plaukus ir skatina j\u0173 augim\u0105. Turi antiseptini\u0173 savybi\u0173.<\/li>\n<li><strong>AVOKAD\u0172 ALIEJUS: <\/strong>&scaron;velniai pri\u017ei\u016bri plaukus, palaiko dr\u0117gm\u0117s balans\u0105, apsaugo nuo i&scaron;saus\u0117jimo ir l\u016b\u017ein\u0117jimo.<\/li>\n<li><strong>TAUKMED\u017dIO ALIEJUS: <\/strong>atstato pa\u017eeist\u0173, saus\u0173, silpn\u0173 plauk\u0173 strukt\u016br\u0105. Nat\u016bralus UV-filtras.<\/li>\n<\/ul>\n<p><strong>NAUDOJIMO B\u016aDAS:<\/strong> u\u017etepkite kauk\u0117s ant plauk\u0173, tolygiai paskirstykite per vis\u0105 plauk\u0173 ilg\u012f. Palaikykite ne daugiau nei 2 min., priklauso nuo pa\u017eeidimo laipsnio. Tada nuplaukite vandeniu.<\/p>\n<p><strong>Atsargumo priemon\u0117s:<\/strong>&nbsp;tik i&scaron;oriniam naudojimui. Jei pateko \u012f akis, praplaukite.<\/p>\n<p><strong>Laikymo s\u0105lygos:<\/strong> nuo 0&deg;\u0421 iki +25&deg;\u0421.&nbsp;<\/p>\n","protected":false},"excerpt":{"rendered":"<p>Nuo plauk\u0173 slinkimo. 7 aliej\u0173 kompleksas: varnal\u0117&scaron;\u0173, ricinos, lin\u0173, rozmarin\u0173, kedr\u0173, avokad\u0173, taukmed\u017eio. Kauk\u0117 tinka pa\u017eeistiems ir silpniems plaukams. 7 aliej\u0173 kompleksas stiprina folikulus, apsaugo vir&scaron;utin\u012f plauk\u0173 sluoksn\u012f, neleid\u017eia jiems l\u016b\u017ein\u0117ti ir saus\u0117ti. Vital Hair Aktive+ kartu su aliejais sustiprina poveik\u012f, skatina kraujo cirkuliacij\u0105, apr\u016bpina folikulus deguonies, prisotina maitinan\u010diomis med\u017eiagomis. Kauk\u0117 idealiai pri\u017ei\u016bri galvos od\u0105, [&#8230;]\n","protected":false},"featured_media":104428,"template":"","meta":[],"product_cat":[1256],"product_tag":[],"class_list":{"0":"post-32961","1":"product","2":"type-product","3":"status-publish","4":"has-post-thumbnail","6":"product_brand-elfa_ua-lt","7":"product_cat-plauku-kaukes","9":"first","10":"instock","11":"taxable","12":"shipping-taxable","13":"product-type-simple"},"_links":{"self":[{"href":"https:\/\/e.kosmolat.eu\/lt\/wp-json\/wp\/v2\/product\/32961","targetHints":{"allow":["GET"]}}],"collection":[{"href":"https:\/\/e.kosmolat.eu\/lt\/wp-json\/wp\/v2\/product"}],"about":[{"href":"https:\/\/e.kosmolat.eu\/lt\/wp-json\/wp\/v2\/types\/product"}],"wp:featuredmedia":[{"embeddable":true,"href":"https:\/\/e.kosmolat.eu\/lt\/wp-json\/wp\/v2\/media\/104428"}],"wp:attachment":[{"href":"https:\/\/e.kosmolat.eu\/lt\/wp-json\/wp\/v2\/media?parent=32961"}],"wp:term":[{"taxonomy":"product_cat","embeddable":true,"href":"https:\/\/e.kosmolat.eu\/lt\/wp-json\/wp\/v2\/product_cat?post=32961"},{"taxonomy":"product_tag","embeddable":true,"href":"https:\/\/e.kosmolat.eu\/lt\/wp-json\/wp\/v2\/product_tag?post=32961"}],"curies":[{"name":"wp","href":"https:\/\/api.w.org\/{rel}","templated":true}]}}