{"id":32957,"date":"2023-12-21T17:53:53","date_gmt":"2023-12-21T17:53:53","guid":{"rendered":"https:\/\/e.kosmolat.eu\/product\/7-masel-serums-stimulejoss-7-1-100-ml\/"},"modified":"2026-04-17T13:57:47","modified_gmt":"2026-04-17T13:57:47","slug":"7-masel-serums-stimulejoss-7-1-100-ml","status":"publish","type":"product","link":"https:\/\/e.kosmolat.eu\/lt\/produktas\/7-masel-serums-stimulejoss-7-1-100-ml\/","title":{"rendered":"ELFA PHARM 7 aliejai Plauk\u0173 serumas 7in1, 100 ml"},"content":{"rendered":"<p>Nuo plauk\u0173 slinkimo.<br \/>\n7 aliej\u0173 kompleksas: varnal\u0117\u0161\u0173, ricinos, lin\u0173, rozmarin\u0173, kedr\u0173, avokad\u0173, taukmed\u017eio.<br \/>\n&#8211; Sveik\u0105 plauk\u0173 greit\u0105 formul\u0119.<br \/>\n&#8211; Neapsunkina plauk\u0173.<br \/>\n&#8211; Sud\u0117tyje n\u0117ra alkoholio Nenuplaunama formul\u0117.<br \/>\nSerumas tinka pa\u017eeistiems ir silpniems plaukams. 7 aliej\u0173 kompleksas stiprina folikulus, apsaugo vir\u0161utin\u012f plauk\u0173 sluoksn\u012f, neleid\u017eia jiems l\u016b\u017ein\u0117ti ir saus\u0117ti. Vital Hair Aktive+ kartu su aliejais sustiprina poveik\u012f, skatina kraujo cirkuliacij\u0105, apr\u016bpina folikulus deguonies, prisotina maitinan\u010diomis med\u017eiagomis.<br \/>\nSerumas idealiai pri\u017ei\u016bri galvos od\u0105, padeda palaikyti sveik\u0105 plauk\u0173 i\u0161vaizd\u0105 ne tik pas moteris, bet ir pas vyrus.<br \/>\nVARNAL\u0116\u0160\u0172 ALIEJUS: Stiprina plauk\u0173 \u0161aknis, tonizuoja galvos od\u0105, normalizuoja riebalini\u0173 liauk\u0173 veikl\u0105.<br \/>\nRICINOS ALIEJUS: Skatina plauk\u0173 augim\u0105, suteikia blizges\u012f ir \u0161ilkum\u0105.<br \/>\nLIN\u0172 ALIEJUS: Skatina plauk\u0173 augim\u0105. Sud\u0117tyje yra vitaminas E, kuris turi dr\u0117kinant\u012f poveik\u012f galvos odai ir plaukams.<br \/>\nROZMARIN\u0172 ALIEJUS: Prisotina plauk\u0173 \u0161aknis maitinan\u010diomis med\u017eiagomis, apsaugo nuo slinkimo.<br \/>\nKEDR\u0172 ALIEJUS: Stiprina plaukus ir skatina j\u0173 augim\u0105. Turi antiseptini\u0173 savybi\u0173.<br \/>\nAVOKAD\u0172 ALIEJUS: \u0160velniai pri\u017ei\u016bri plaukus, palaiko dr\u0117gm\u0117s balans\u0105, apsaugo nuo i\u0161saus\u0117jimo ir l\u016b\u017ein\u0117jimo.<br \/>\nTAUKMED\u017dIO ALIEJUS: Atstato pa\u017eeist\u0173, saus\u0173, silpn\u0173 plauk\u0173 strukt\u016br\u0105. Nat\u016bralus UV-filtras.<\/p>\n<p>NAUDOJIMO B\u016aDAS: u\u017etepkite ant galvos odos, masa\u017euojamais judesiai \u012ftrinkite. Nenuplaunamas. Naudokite 3-4 kartus per savait\u0119. Galite naudoti formavimo priemones ir d\u017eiovintuv\u0105.<\/p>\n<p>INTENSYVUS KURSAS: Naudoti kasdien 3 savaites. Po m\u0117nesio kurs\u0105 pakartokite.<br \/>\nAtsargumo priemon\u0117s: Tik i\u0161oriniam naudojimui. Jei pateko \u012f akis, praplaukite.<\/p>\n<p>Laikymo s\u0105lygos: nuo 0\u00b0\u0421 iki +25\u00b0\u0421.<\/p>\n","protected":false},"excerpt":{"rendered":"<p>Nuo plauk\u0173 slinkimo. 7 aliej\u0173 kompleksas: varnal\u0117\u0161\u0173, ricinos, lin\u0173, rozmarin\u0173, kedr\u0173, avokad\u0173, taukmed\u017eio. &#8211; Sveik\u0105 plauk\u0173 greit\u0105 formul\u0119. &#8211; Neapsunkina plauk\u0173. &#8211; Sud\u0117tyje n\u0117ra alkoholio Nenuplaunama formul\u0117. Serumas tinka pa\u017eeistiems ir silpniems plaukams. 7 aliej\u0173 kompleksas stiprina folikulus, apsaugo vir\u0161utin\u012f plauk\u0173 sluoksn\u012f, neleid\u017eia jiems l\u016b\u017ein\u0117ti ir saus\u0117ti. Vital Hair Aktive+ kartu su aliejais sustiprina poveik\u012f, [&#8230;]\n","protected":false},"featured_media":104424,"template":"","meta":[],"product_cat":[1345],"product_tag":[],"class_list":{"0":"post-32957","1":"product","2":"type-product","3":"status-publish","4":"has-post-thumbnail","6":"product_brand-elfa_ua-lt","7":"product_cat-kitos-plauku-prieziuros-priemones","9":"first","10":"outofstock","11":"taxable","12":"shipping-taxable","13":"product-type-simple"},"_links":{"self":[{"href":"https:\/\/e.kosmolat.eu\/lt\/wp-json\/wp\/v2\/product\/32957","targetHints":{"allow":["GET"]}}],"collection":[{"href":"https:\/\/e.kosmolat.eu\/lt\/wp-json\/wp\/v2\/product"}],"about":[{"href":"https:\/\/e.kosmolat.eu\/lt\/wp-json\/wp\/v2\/types\/product"}],"wp:featuredmedia":[{"embeddable":true,"href":"https:\/\/e.kosmolat.eu\/lt\/wp-json\/wp\/v2\/media\/104424"}],"wp:attachment":[{"href":"https:\/\/e.kosmolat.eu\/lt\/wp-json\/wp\/v2\/media?parent=32957"}],"wp:term":[{"taxonomy":"product_cat","embeddable":true,"href":"https:\/\/e.kosmolat.eu\/lt\/wp-json\/wp\/v2\/product_cat?post=32957"},{"taxonomy":"product_tag","embeddable":true,"href":"https:\/\/e.kosmolat.eu\/lt\/wp-json\/wp\/v2\/product_tag?post=32957"}],"curies":[{"name":"wp","href":"https:\/\/api.w.org\/{rel}","templated":true}]}}