{"id":32953,"date":"2023-12-21T17:53:30","date_gmt":"2023-12-21T17:53:30","guid":{"rendered":"https:\/\/e.kosmolat.eu\/product\/sila-72-cietas-saimniecibas-ziepes-ar-iepakojumu-180-g\/"},"modified":"2026-04-24T07:32:38","modified_gmt":"2026-04-24T07:32:38","slug":"sila-72-cietas-saimniecibas-ziepes-180-g","status":"publish","type":"product","link":"https:\/\/e.kosmolat.eu\/lt\/produktas\/sila-72-cietas-saimniecibas-ziepes-180-g\/","title":{"rendered":"SILA \u016aki\u0161kas muilas 72% kietas, 180 g"},"content":{"rendered":"<p><strong>Naudojimas:<\/strong> sudr\u0117kinkite u\u017eter\u0161t\u0105 audinio viet\u0105, suputokite, palikite 10-15 minu\u010di\u0173, tada nuplaukite \u0161iltu vandeniu ir skalbkite kaip \u012fprastai rankomis.<\/p>\n<p><strong>Atsargumo priemon\u0117s:<\/strong> Patekus \u012f akis, nedelsiant praplauti vandeniu. Nenuryti. Laikyti vaikams nepasiekiamoje vietoje, toliau nuo maisto.<\/p>\n<p><strong>Tinkamumo laikas: <\/strong>5 metai nuo pagaminimo datos.<\/p>\n","protected":false},"excerpt":{"rendered":"<p>Naudojimas: sudr\u0117kinkite u\u017eter\u0161t\u0105 audinio viet\u0105, suputokite, palikite 10-15 minu\u010di\u0173, tada nuplaukite \u0161iltu vandeniu ir skalbkite kaip \u012fprastai rankomis. Atsargumo priemon\u0117s: Patekus \u012f akis, nedelsiant praplauti vandeniu. Nenuryti. Laikyti vaikams nepasiekiamoje vietoje, toliau nuo maisto. Tinkamumo laikas: 5 metai nuo pagaminimo datos.<\/p>\n","protected":false},"featured_media":79610,"template":"","meta":[],"product_cat":[1483],"product_tag":[],"class_list":{"0":"post-32953","1":"product","2":"type-product","3":"status-publish","4":"has-post-thumbnail","6":"product_brand-slobozanskij-milovar_ua-lt","7":"product_cat-plovikliai","9":"first","10":"instock","11":"taxable","12":"shipping-taxable","13":"product-type-simple"},"_links":{"self":[{"href":"https:\/\/e.kosmolat.eu\/lt\/wp-json\/wp\/v2\/product\/32953","targetHints":{"allow":["GET"]}}],"collection":[{"href":"https:\/\/e.kosmolat.eu\/lt\/wp-json\/wp\/v2\/product"}],"about":[{"href":"https:\/\/e.kosmolat.eu\/lt\/wp-json\/wp\/v2\/types\/product"}],"wp:featuredmedia":[{"embeddable":true,"href":"https:\/\/e.kosmolat.eu\/lt\/wp-json\/wp\/v2\/media\/79610"}],"wp:attachment":[{"href":"https:\/\/e.kosmolat.eu\/lt\/wp-json\/wp\/v2\/media?parent=32953"}],"wp:term":[{"taxonomy":"product_cat","embeddable":true,"href":"https:\/\/e.kosmolat.eu\/lt\/wp-json\/wp\/v2\/product_cat?post=32953"},{"taxonomy":"product_tag","embeddable":true,"href":"https:\/\/e.kosmolat.eu\/lt\/wp-json\/wp\/v2\/product_tag?post=32953"}],"curies":[{"name":"wp","href":"https:\/\/api.w.org\/{rel}","templated":true}]}}