{"id":32949,"date":"2023-12-21T17:53:08","date_gmt":"2023-12-21T17:53:08","guid":{"rendered":"https:\/\/e.kosmolat.eu\/product\/za-roku-un-nagu-krems-lotossoliva-100-ml\/"},"modified":"2025-09-19T16:21:15","modified_gmt":"2025-09-19T16:21:15","slug":"i_za-roku-un-nagu-krems-lotossoliva-100-ml","status":"publish","type":"product","link":"https:\/\/e.kosmolat.eu\/lt\/produktas\/i_za-roku-un-nagu-krems-lotossoliva-100-ml\/","title":{"rendered":"I_ZELENAJA APTEKA Rank\u0173 kremas Alyvuogi\u0173 aliejus ir lotoso ekstraktas, 100 ml"},"content":{"rendered":"<p>Kremas maitina ir apsaugo rank\u0173 od\u0105.<\/p>\n<p>Sud\u0117tyje esantys nat\u016bral\u016bs komponentai ypa&scaron; &scaron;velniai pri\u017ei\u016bri rank\u0173 od\u0105.<\/p>\n<p>Alyvuogi\u0173 aliejus maitina od\u0105, pa&scaron;alina sausumo poj\u016bt\u012f, suteikia jai elastingumo, taip pat r\u016bpinasi nag\u0173 prie\u017ei\u016bra. Lotoso ekstraktas dr\u0117kina ir tonizuoja od\u0105.<\/p>\n<p><strong>Naudojimo b\u016bdas: <\/strong>&scaron;velniai masa\u017euojant u\u017etepti kremo ant &scaron;varios ir sausos rank\u0173 odos.<\/p>\n<p>Laikymo s\u0105lygos: nuo +5 &deg;\u0421 iki +25 &deg;\u0421. Po atidarymo naudoti 12 m\u0117n.<\/p>\n","protected":false},"excerpt":{"rendered":"<p>Kremas maitina ir apsaugo rank\u0173 od\u0105. Sud\u0117tyje esantys nat\u016bral\u016bs komponentai ypa&scaron; &scaron;velniai pri\u017ei\u016bri rank\u0173 od\u0105. Alyvuogi\u0173 aliejus maitina od\u0105, pa&scaron;alina sausumo poj\u016bt\u012f, suteikia jai elastingumo, taip pat r\u016bpinasi nag\u0173 prie\u017ei\u016bra. Lotoso ekstraktas dr\u0117kina ir tonizuoja od\u0105. Naudojimo b\u016bdas: &scaron;velniai masa\u017euojant u\u017etepti kremo ant &scaron;varios ir sausos rank\u0173 odos. Laikymo s\u0105lygos: nuo +5 &deg;\u0421 iki +25 [&#8230;]\n","protected":false},"featured_media":79590,"template":"","meta":[],"product_cat":[1304],"product_tag":[],"class_list":{"0":"post-32949","1":"product","2":"type-product","3":"status-publish","4":"has-post-thumbnail","6":"product_brand-elfa_ua-lt","7":"product_cat-ranku-prieziuros-kosmetika","9":"first","10":"outofstock","11":"taxable","12":"shipping-taxable","13":"product-type-simple"},"_links":{"self":[{"href":"https:\/\/e.kosmolat.eu\/lt\/wp-json\/wp\/v2\/product\/32949","targetHints":{"allow":["GET"]}}],"collection":[{"href":"https:\/\/e.kosmolat.eu\/lt\/wp-json\/wp\/v2\/product"}],"about":[{"href":"https:\/\/e.kosmolat.eu\/lt\/wp-json\/wp\/v2\/types\/product"}],"wp:featuredmedia":[{"embeddable":true,"href":"https:\/\/e.kosmolat.eu\/lt\/wp-json\/wp\/v2\/media\/79590"}],"wp:attachment":[{"href":"https:\/\/e.kosmolat.eu\/lt\/wp-json\/wp\/v2\/media?parent=32949"}],"wp:term":[{"taxonomy":"product_cat","embeddable":true,"href":"https:\/\/e.kosmolat.eu\/lt\/wp-json\/wp\/v2\/product_cat?post=32949"},{"taxonomy":"product_tag","embeddable":true,"href":"https:\/\/e.kosmolat.eu\/lt\/wp-json\/wp\/v2\/product_tag?post=32949"}],"curies":[{"name":"wp","href":"https:\/\/api.w.org\/{rel}","templated":true}]}}