{"id":32945,"date":"2023-12-21T17:52:48","date_gmt":"2023-12-21T17:52:48","guid":{"rendered":"https:\/\/e.kosmolat.eu\/product\/za-sejas-krems-baltinoss-100-ml\/"},"modified":"2026-04-17T09:27:23","modified_gmt":"2026-04-17T09:27:23","slug":"gp-sejas-krems-balinoss-100-ml","status":"publish","type":"product","link":"https:\/\/e.kosmolat.eu\/lt\/produktas\/gp-sejas-krems-balinoss-100-ml\/","title":{"rendered":"GREEN PHARMACY Veido kremas Balinantis, 100 ml"},"content":{"rendered":"<p>Balinantis veido kremas su taukmed\u017eio aliejumi, citrina, petra\u017eoli\u0173 ekstraktu, vitaminu E.<br \/>\nKremas \u0161viesina ir pagerina odos spalv\u0105, padeda pa\u0161alinti strazdanas ir pigmentines d\u0117mes. Taukmed\u017eio aliejus nat\u016bralus UV-filtras, apsaugantis od\u0105. Kartu su vitaminu E sudaro stipr\u0173 antioksidantin\u012f kompleks\u0105. Petra\u017eol\u0117s ir citrina &#8211; efektyvi nat\u016brali balinanti priemon\u0117. Turi didel\u012f kiek\u012f vitamino C, i\u0161lygina odos pigmentacij\u0105, pa\u0161alina nuovargio p\u0117dsakus, suteikia odai glotnumo.   <\/p>\n<p>NAUDOJIMO B\u016aDAS: u\u017etepti ant \u0161varios veido ir kaklo odos.<\/p>\n<p>Laikymo s\u0105lygos: nuo +8\u00b0\u0421 iki +25\u00b0C.<br \/>\nPo atidarymo naudoti 12 m\u0117nesi\u0173.<\/p>\n","protected":false},"excerpt":{"rendered":"<p>Balinantis veido kremas su taukmed\u017eio aliejumi, citrina, petra\u017eoli\u0173 ekstraktu, vitaminu E. Kremas \u0161viesina ir pagerina odos spalv\u0105, padeda pa\u0161alinti strazdanas ir pigmentines d\u0117mes. Taukmed\u017eio aliejus nat\u016bralus UV-filtras, apsaugantis od\u0105. Kartu su vitaminu E sudaro stipr\u0173 antioksidantin\u012f kompleks\u0105. Petra\u017eol\u0117s ir citrina &#8211; efektyvi nat\u016brali balinanti priemon\u0117. Turi didel\u012f kiek\u012f vitamino C, i\u0161lygina odos pigmentacij\u0105, pa\u0161alina nuovargio [&#8230;]\n","protected":false},"featured_media":104376,"template":"","meta":[],"product_cat":[2181],"product_tag":[],"class_list":{"0":"post-32945","1":"product","2":"type-product","3":"status-publish","4":"has-post-thumbnail","6":"product_brand-elfa_ua-lt","7":"product_cat-bez-kategorijas-lt","9":"first","10":"instock","11":"taxable","12":"shipping-taxable","13":"product-type-simple"},"_links":{"self":[{"href":"https:\/\/e.kosmolat.eu\/lt\/wp-json\/wp\/v2\/product\/32945","targetHints":{"allow":["GET"]}}],"collection":[{"href":"https:\/\/e.kosmolat.eu\/lt\/wp-json\/wp\/v2\/product"}],"about":[{"href":"https:\/\/e.kosmolat.eu\/lt\/wp-json\/wp\/v2\/types\/product"}],"wp:featuredmedia":[{"embeddable":true,"href":"https:\/\/e.kosmolat.eu\/lt\/wp-json\/wp\/v2\/media\/104376"}],"wp:attachment":[{"href":"https:\/\/e.kosmolat.eu\/lt\/wp-json\/wp\/v2\/media?parent=32945"}],"wp:term":[{"taxonomy":"product_cat","embeddable":true,"href":"https:\/\/e.kosmolat.eu\/lt\/wp-json\/wp\/v2\/product_cat?post=32945"},{"taxonomy":"product_tag","embeddable":true,"href":"https:\/\/e.kosmolat.eu\/lt\/wp-json\/wp\/v2\/product_tag?post=32945"}],"curies":[{"name":"wp","href":"https:\/\/api.w.org\/{rel}","templated":true}]}}