{"id":32937,"date":"2023-12-21T17:51:57","date_gmt":"2023-12-21T17:51:57","guid":{"rendered":"https:\/\/e.kosmolat.eu\/product\/losadinaja-griva-sampuns-matiem-350-ml\/"},"modified":"2026-04-17T06:40:31","modified_gmt":"2026-04-17T06:40:31","slug":"losadinaja-griva-sampuns-matiem-350-ml","status":"publish","type":"product","link":"https:\/\/e.kosmolat.eu\/lt\/produktas\/losadinaja-griva-sampuns-matiem-350-ml\/","title":{"rendered":"Arklio kar\u010diai Stiprinantis plauk\u0173 \u0161amp\u016bnas, 350 \u043c\u0117"},"content":{"rendered":"<p>Tinka vis\u0173 tip\u0173 plaukams. Stiprumas, tankumas ir \u017evilgesys \u012fkv\u0117p\u0117 m\u016bs\u0173 laboratorij\u0105 sukurti nauj\u0105 plauk\u0173 prie\u017ei\u016bros priemon\u0119, kurios pagrindu b\u016bt\u0173 profesionali zoo kosmetikos formul\u0117. Arklio kar\u010diai &#8211; toks ne\u012ftik\u0117tinas tankumas ir stiprumas, akinamas blizgesys, kuris nepalieka abejing\u0173. Pasiekti tokio rezultato gali ir moterys, juk puo\u0161n\u016bs plaukai suteikia gracijos ir originalumo. Jo sud\u0117tyje n\u0117ra silikono ir chemini\u0173 jungini\u0173. \u0160amp\u016bnas atkuria pa\u017eeist\u0173 plauk\u0173 strukt\u016br\u0105, suteikia tankum\u0105 ir apimt\u012f, sveik\u0105 ir gra\u017ei\u0105 i\u0161vaizd\u0105. Lygina plauk\u0173 strukt\u016br\u0105, suteikia nat\u016bral\u0173 blizges\u012f ir \u0161ilkum\u0105. \u0160amp\u016bnas dr\u0117kina plaukus, suteikia blizges\u012f. \u0160amp\u016bnas \u0161velniai ir efektyviai valo plaukus nuo ne\u0161varum\u0173. Net rieb\u016bs plaukai 24 valandas i\u0161lieka \u0161var\u016bs. <\/p>\n<p>Naudojimo b\u016bdas: u\u017etepkite \u0161amp\u016bno ant plauk\u0173, sukelkite putas, tada nuplaukite vandeniu.<\/p>\n","protected":false},"excerpt":{"rendered":"<p>Tinka vis\u0173 tip\u0173 plaukams. Stiprumas, tankumas ir \u017evilgesys \u012fkv\u0117p\u0117 m\u016bs\u0173 laboratorij\u0105 sukurti nauj\u0105 plauk\u0173 prie\u017ei\u016bros priemon\u0119, kurios pagrindu b\u016bt\u0173 profesionali zoo kosmetikos formul\u0117. Arklio kar\u010diai &#8211; toks ne\u012ftik\u0117tinas tankumas ir stiprumas, akinamas blizgesys, kuris nepalieka abejing\u0173. Pasiekti tokio rezultato gali ir moterys, juk puo\u0161n\u016bs plaukai suteikia gracijos ir originalumo. Jo sud\u0117tyje n\u0117ra silikono ir chemini\u0173 [&#8230;]\n","protected":false},"featured_media":96570,"template":"","meta":[],"product_cat":[2181],"product_tag":[],"class_list":{"0":"post-32937","1":"product","2":"type-product","3":"status-publish","4":"has-post-thumbnail","6":"product_brand-pharma-group_ua-lt","7":"product_cat-bez-kategorijas-lt","9":"first","10":"instock","11":"taxable","12":"shipping-taxable","13":"product-type-simple"},"_links":{"self":[{"href":"https:\/\/e.kosmolat.eu\/lt\/wp-json\/wp\/v2\/product\/32937","targetHints":{"allow":["GET"]}}],"collection":[{"href":"https:\/\/e.kosmolat.eu\/lt\/wp-json\/wp\/v2\/product"}],"about":[{"href":"https:\/\/e.kosmolat.eu\/lt\/wp-json\/wp\/v2\/types\/product"}],"wp:featuredmedia":[{"embeddable":true,"href":"https:\/\/e.kosmolat.eu\/lt\/wp-json\/wp\/v2\/media\/96570"}],"wp:attachment":[{"href":"https:\/\/e.kosmolat.eu\/lt\/wp-json\/wp\/v2\/media?parent=32937"}],"wp:term":[{"taxonomy":"product_cat","embeddable":true,"href":"https:\/\/e.kosmolat.eu\/lt\/wp-json\/wp\/v2\/product_cat?post=32937"},{"taxonomy":"product_tag","embeddable":true,"href":"https:\/\/e.kosmolat.eu\/lt\/wp-json\/wp\/v2\/product_tag?post=32937"}],"curies":[{"name":"wp","href":"https:\/\/api.w.org\/{rel}","templated":true}]}}