{"id":32933,"date":"2023-12-21T17:51:28","date_gmt":"2023-12-21T17:51:28","guid":{"rendered":"https:\/\/e.kosmolat.eu\/product\/cistin-lidzeklis-kanalizacijas-caurulu-tirisanai-500-g\/"},"modified":"2024-10-24T05:14:47","modified_gmt":"2024-10-24T05:14:47","slug":"cistin-lidzeklis-kanalizacijas-caurulu-tirisanai-500-g","status":"publish","type":"product","link":"https:\/\/e.kosmolat.eu\/lt\/produktas\/cistin-lidzeklis-kanalizacijas-caurulu-tirisanai-500-g\/","title":{"rendered":"&#8220;\u010cistin&#8221; Kanalizacijos vamzd\u017ei\u0173 valymo priemon\u0117 500g"},"content":{"rendered":"<p>Skirta kanalizacijos vamzd\u017ei\u0173 profilaktikai ir valymui.<\/p>\n<p><strong>Naudojimo b\u016bdas: <\/strong>atsargiai \u012fpilkite gel\u012f (250 ml) \u012f nutek\u0117jimo skyl\u0119. Palikite 5-15 min. Kai vamzd\u017eiai labai u\u017esikim&scaron;\u0119 palikite ilgesniam laikui. Jei reikia, proced\u016br\u0105 galite pakartoti. Profilaktika: valym\u0105 darykite 1 kart\u0105 per m\u0117nes\u012f. Priemon\u0117 yra saugi vis\u0173 tip\u0173 vamzd\u017eiams.<br \/>\n&nbsp;<\/p>\n<p><strong><img decoding=\"async\" alt=\"\" src=\"file:\/\/\/C:\/Users\/masha\/Desktop\/GHS05.jpg\" style=\"height:40px; width:40px\" \/>GHS05 &nbsp;<img decoding=\"async\" alt=\"\" src=\"file:\/\/\/C:\/Users\/masha\/Desktop\/GHS09.jpg\" style=\"height:40px; width:40px\" \/>GHS09 Pavojinga<\/strong><br \/>\nH290 Gali \u0117sdinti metalus<br \/>\nH314 Smarkiai nudegina od\u0105 ir pa\u017eeid\u017eia akis.<br \/>\nH400 Labai toksi&scaron;ka vandens organizmams.<br \/>\nH411 Toksi&scaron;ka vandens organizmams, sukelia ilgalaikius pakitimus.<br \/>\nEUH 031 Kontaktuodama su r\u016bg&scaron;timis i&scaron;skiria toksi&scaron;kas dujas.<br \/>\nEUH 206 Atsargiai! Nenaudoti kartu su kitais produktais. Gali i&scaron;skirti pavojingas dujas (chlor\u0105).<br \/>\nP102 Laikyti vaikams neprieinamoje vietoje<br \/>\nP234 Laikyti tik originalioje pakuot\u0117je.<br \/>\nP260 Ne\u012fkv\u0117pti dulki\u0173\/d\u016bm\u0173\/duj\u0173\/r\u016bko\/gar\u0173\/ aerozolio.<br \/>\nP264 Po naudojimo kruop&scaron;\u010diai nuplaukite rankas<br \/>\nP273 Saugoti, kad nepatekt\u0173 \u012f aplink\u0105.<br \/>\nP280 M\u016bv\u0117ti apsaugines pir&scaron;tines\/d\u0117v\u0117ti apsauginius drabu\u017eius\/naudoti aki\u0173 (veido) apsaugos priemones.<br \/>\nP305+P351+P338 Patekus \u012f akis: Kelias minutes atsargiai plauti vandeniu. I&scaron;imti kontaktinius l\u0119&scaron;ius, jeigu jie yra ir jeigu lengvai galima tai padaryti. Toliau plauti akis.<br \/>\nP301+P330+P331 Prarijus: i&scaron;skalauti burn\u0105. NESKATINTI v\u0117mimo.<br \/>\nP303+P361+P353 Patekus ant odos (arba plauk\u0173): nedelsiant nuvilkti visus u\u017eter&scaron;tus drabu\u017eius. Od\u0105 nuplauti vandeniu [arba \u010diurk&scaron;le].<br \/>\nP304+P340 \u012eKV\u0116PUS: i&scaron;ne&scaron;ti nukent\u0117jus\u012fj\u012f \u012f gryn\u0105 or\u0105; jam b\u016btina patogi pad\u0117tis, leid\u017eianti laisvai kv\u0117puoti.<br \/>\nP310 Nedelsiant skambinti<\/p>\n","protected":false},"excerpt":{"rendered":"<p>Skirta kanalizacijos vamzd\u017ei\u0173 profilaktikai ir valymui. Naudojimo b\u016bdas: atsargiai \u012fpilkite gel\u012f (250 ml) \u012f nutek\u0117jimo skyl\u0119. Palikite 5-15 min. Kai vamzd\u017eiai labai u\u017esikim&scaron;\u0119 palikite ilgesniam laikui. Jei reikia, proced\u016br\u0105 galite pakartoti. Profilaktika: valym\u0105 darykite 1 kart\u0105 per m\u0117nes\u012f. Priemon\u0117 yra saugi vis\u0173 tip\u0173 vamzd\u017eiams. &nbsp; GHS05 &nbsp;GHS09 Pavojinga H290 Gali \u0117sdinti metalus H314 Smarkiai nudegina [&#8230;]\n","protected":false},"featured_media":6978,"template":"","meta":[],"product_cat":[1468],"product_tag":[],"class_list":{"0":"post-32933","1":"product","2":"type-product","3":"status-publish","4":"has-post-thumbnail","6":"product_brand-malina-akcija-lt","7":"product_cat-virtuvei-namu-priezurai-namu-priezurai","9":"first","10":"outofstock","11":"taxable","12":"shipping-taxable","13":"product-type-simple"},"_links":{"self":[{"href":"https:\/\/e.kosmolat.eu\/lt\/wp-json\/wp\/v2\/product\/32933","targetHints":{"allow":["GET"]}}],"collection":[{"href":"https:\/\/e.kosmolat.eu\/lt\/wp-json\/wp\/v2\/product"}],"about":[{"href":"https:\/\/e.kosmolat.eu\/lt\/wp-json\/wp\/v2\/types\/product"}],"wp:featuredmedia":[{"embeddable":true,"href":"https:\/\/e.kosmolat.eu\/lt\/wp-json\/wp\/v2\/media\/6978"}],"wp:attachment":[{"href":"https:\/\/e.kosmolat.eu\/lt\/wp-json\/wp\/v2\/media?parent=32933"}],"wp:term":[{"taxonomy":"product_cat","embeddable":true,"href":"https:\/\/e.kosmolat.eu\/lt\/wp-json\/wp\/v2\/product_cat?post=32933"},{"taxonomy":"product_tag","embeddable":true,"href":"https:\/\/e.kosmolat.eu\/lt\/wp-json\/wp\/v2\/product_tag?post=32933"}],"curies":[{"name":"wp","href":"https:\/\/api.w.org\/{rel}","templated":true}]}}