{"id":32929,"date":"2023-12-21T17:50:58","date_gmt":"2023-12-21T17:50:58","guid":{"rendered":"https:\/\/e.kosmolat.eu\/product\/artcolor-basma-indija-25-g\/"},"modified":"2025-09-19T16:19:08","modified_gmt":"2025-09-19T16:19:08","slug":"artcolor-basma-indija-25-g","status":"publish","type":"product","link":"https:\/\/e.kosmolat.eu\/lt\/produktas\/artcolor-basma-indija-25-g\/","title":{"rendered":"ARTCOLOR Indi\u0161ka basma auk\u0161\u010diausios r\u016b\u0161ies, 25 g"},"content":{"rendered":"<p>&#8211; Ry\u0161ki spalva!<br \/>\n&#8211; Pur\u016bs plaukai be pleiskan\u0173!<br \/>\n&#8211; Stipr\u016bs plaukai!<br \/>\nIndi\u0161ka basma gerina plauk\u0173 strukt\u016br\u0105, stiprina plaukus nuo \u0161akn\u0173, stabdo slinkim\u0105, skatina plauk\u0173 augim\u0105.<br \/>\nREKOMENDUOJAMA: Plaukams, pavargusiems nuo cheminio da\u017eymo.<\/p>\n<p>NAUDOJIMO B\u016aDAS: Pada\u017eykite plaukus chna. Paruo\u0161kite tuo pa\u010diu b\u016bdu basm\u0105 ir u\u017etepkite ant plauk\u0173, u\u017esid\u0117kite kepurait\u0119. Spalva priklauso nuo strukt\u016bros, tankumo ir pradin\u0117s plauk\u0173 spalvos. Ta\u010diau galutin\u0117 spalva i\u0161ry\u0161kins tik po paros. Jei nepasiek\u0117te norimos spalvos, proced\u016br\u0105 galite pakartoti.<\/p>\n<p>REKOMENDUOJAME: Naudokite \u0161amp\u016bn\u0105 ne anks\u010diau nei po 3 dien\u0173.<br \/>\n&#8212;&#8212;&#8212;&#8212;&#8212;&#8212;&#8212;&#8212;&#8212;&#8212;&#8212;&#8212;&#8212;-<br \/>\nNORIMA SPALVA: \u0161viesia ka\u0161tonin\u0117;<br \/>\nDa\u017eymo laikas chna: 40 min;<br \/>\nDa\u017eymo laikas basma: 15-20 min.<\/p>\n<p>NORIMA SPALVA: tamsiai ka\u0161tonin\u0117;<br \/>\nDa\u017eymo laikas chna: 80-90 min;<br \/>\nDa\u017eymo laikas basma: 40-60 min.<\/p>\n<p>NORIMA SPALVA: juoda;<br \/>\nDa\u017eymo laikas chna: 10-120 min;<br \/>\nDa\u017eymo laikas basma: 80-90 min.<br \/>\nSud\u0117tis: Indigofera Argentea.<\/p>\n","protected":false},"excerpt":{"rendered":"<p>&#8211; Ry\u0161ki spalva! &#8211; Pur\u016bs plaukai be pleiskan\u0173! &#8211; Stipr\u016bs plaukai! Indi\u0161ka basma gerina plauk\u0173 strukt\u016br\u0105, stiprina plaukus nuo \u0161akn\u0173, stabdo slinkim\u0105, skatina plauk\u0173 augim\u0105. REKOMENDUOJAMA: Plaukams, pavargusiems nuo cheminio da\u017eymo. NAUDOJIMO B\u016aDAS: Pada\u017eykite plaukus chna. Paruo\u0161kite tuo pa\u010diu b\u016bdu basm\u0105 ir u\u017etepkite ant plauk\u0173, u\u017esid\u0117kite kepurait\u0119. Spalva priklauso nuo strukt\u016bros, tankumo ir pradin\u0117s plauk\u0173 [&#8230;]\n","protected":false},"featured_media":79554,"template":"","meta":[],"product_cat":[1660],"product_tag":[],"class_list":{"0":"post-32929","1":"product","2":"type-product","3":"status-publish","4":"has-post-thumbnail","6":"product_brand-malina-akcija-lt","7":"product_cat-chna-ir-basma","9":"first","10":"outofstock","11":"taxable","12":"shipping-taxable","13":"product-type-simple"},"_links":{"self":[{"href":"https:\/\/e.kosmolat.eu\/lt\/wp-json\/wp\/v2\/product\/32929","targetHints":{"allow":["GET"]}}],"collection":[{"href":"https:\/\/e.kosmolat.eu\/lt\/wp-json\/wp\/v2\/product"}],"about":[{"href":"https:\/\/e.kosmolat.eu\/lt\/wp-json\/wp\/v2\/types\/product"}],"wp:featuredmedia":[{"embeddable":true,"href":"https:\/\/e.kosmolat.eu\/lt\/wp-json\/wp\/v2\/media\/79554"}],"wp:attachment":[{"href":"https:\/\/e.kosmolat.eu\/lt\/wp-json\/wp\/v2\/media?parent=32929"}],"wp:term":[{"taxonomy":"product_cat","embeddable":true,"href":"https:\/\/e.kosmolat.eu\/lt\/wp-json\/wp\/v2\/product_cat?post=32929"},{"taxonomy":"product_tag","embeddable":true,"href":"https:\/\/e.kosmolat.eu\/lt\/wp-json\/wp\/v2\/product_tag?post=32929"}],"curies":[{"name":"wp","href":"https:\/\/api.w.org\/{rel}","templated":true}]}}