{"id":32925,"date":"2023-12-21T17:50:36","date_gmt":"2023-12-21T17:50:36","guid":{"rendered":"https:\/\/e.kosmolat.eu\/product\/mf-zobu-pasta-berniem-perlu-smaids-1-8g-60-ml\/"},"modified":"2025-09-19T16:18:42","modified_gmt":"2025-09-19T16:18:42","slug":"mf-zobu-pasta-berniem-perlu-smaids-1-8g-60-ml","status":"publish","type":"product","link":"https:\/\/e.kosmolat.eu\/lt\/produktas\/mf-zobu-pasta-berniem-perlu-smaids-1-8g-60-ml\/","title":{"rendered":"Happy moments Malenkaja feja Vaiki\u0161ka dant\u0173 pasta Perlin\u0117 \u0161ypsena"},"content":{"rendered":"<p>Gelin\u0117 dant\u0173 pasta. Apsauga nuo karieso du viename. Dvigubas kalcis. Ramun\u0117li\u0173 fito-ekstraktas.<br \/>\n&#8211; Stipr\u016bs dantys ir sveikos dantenos.<br \/>\n&#8211; Sustiprinta apsauga nuo karieso du viename.<br \/>\n&#8211; Sud\u0117tyje yra dvigubas kalcis, kuris stiprina emal\u012f.<br \/>\n&#8211; Ramun\u0117li\u0173 fito-ekstraktas turi antibakterines savybes.<br \/>\n&#8211; Saugus prarijus.<br \/>\n&#8211; \u0160velni formul\u0117, nepa\u017eeid\u017eia danties emalio.<br \/>\nTinka vaikams nuo 1 met\u0173 iki 6 met\u0173.<\/p>\n<p>NAUDOJIMO B\u016aDAS: rekomenduojama valyti dantis 2 kartus per dien\u0105, ryte ir vakare.<\/p>\n<p>Po atidarymo naudoti 6 m\u0117n.<\/p>\n","protected":false},"excerpt":{"rendered":"<p>Gelin\u0117 dant\u0173 pasta. Apsauga nuo karieso du viename. Dvigubas kalcis. Ramun\u0117li\u0173 fito-ekstraktas. &#8211; Stipr\u016bs dantys ir sveikos dantenos. &#8211; Sustiprinta apsauga nuo karieso du viename. &#8211; Sud\u0117tyje yra dvigubas kalcis, kuris stiprina emal\u012f. &#8211; Ramun\u0117li\u0173 fito-ekstraktas turi antibakterines savybes. &#8211; Saugus prarijus. &#8211; \u0160velni formul\u0117, nepa\u017eeid\u017eia danties emalio. Tinka vaikams nuo 1 met\u0173 iki 6 [&#8230;]\n","protected":false},"featured_media":79546,"template":"","meta":[],"product_cat":[1337],"product_tag":[],"class_list":{"0":"post-32925","1":"product","2":"type-product","3":"status-publish","4":"has-post-thumbnail","6":"product_brand-unilever-rus-lt","7":"product_cat-burnos-higiena","9":"first","10":"outofstock","11":"taxable","12":"shipping-taxable","13":"product-type-simple"},"_links":{"self":[{"href":"https:\/\/e.kosmolat.eu\/lt\/wp-json\/wp\/v2\/product\/32925","targetHints":{"allow":["GET"]}}],"collection":[{"href":"https:\/\/e.kosmolat.eu\/lt\/wp-json\/wp\/v2\/product"}],"about":[{"href":"https:\/\/e.kosmolat.eu\/lt\/wp-json\/wp\/v2\/types\/product"}],"wp:featuredmedia":[{"embeddable":true,"href":"https:\/\/e.kosmolat.eu\/lt\/wp-json\/wp\/v2\/media\/79546"}],"wp:attachment":[{"href":"https:\/\/e.kosmolat.eu\/lt\/wp-json\/wp\/v2\/media?parent=32925"}],"wp:term":[{"taxonomy":"product_cat","embeddable":true,"href":"https:\/\/e.kosmolat.eu\/lt\/wp-json\/wp\/v2\/product_cat?post=32925"},{"taxonomy":"product_tag","embeddable":true,"href":"https:\/\/e.kosmolat.eu\/lt\/wp-json\/wp\/v2\/product_tag?post=32925"}],"curies":[{"name":"wp","href":"https:\/\/api.w.org\/{rel}","templated":true}]}}