{"id":32921,"date":"2023-12-21T17:50:14","date_gmt":"2023-12-21T17:50:14","guid":{"rendered":"https:\/\/e.kosmolat.eu\/product\/cl-krems-kopsana-kajam-intensiva-barosana-75-ml\/"},"modified":"2024-08-06T09:50:48","modified_gmt":"2024-08-06T09:50:48","slug":"cl-krems-kopsana-kajam-intensiva-barosana-75-ml","status":"publish","type":"product","link":"https:\/\/e.kosmolat.eu\/lt\/produktas\/cl-krems-kopsana-kajam-intensiva-barosana-75-ml\/","title":{"rendered":"\u010cISTAJA LINIJA Kremas-prie\u017ei\u016bra kojoms Intensyvus maitinimas, 75 ml"},"content":{"rendered":"<p>\u0160altalankio aliejus. 24 val. maitinimas. Greitai \u012fsigeria. Sprend\u017eia pagrindines \u0161iurk\u0161\u010dios koj\u0173 odos problemas. Sud\u0117tyje yra FITOaliej\u0173 kompleksas:<br \/>\n\u0160altalankio aliejus &#8211; gydo smulkius \u012ftr\u016bkimus.<br \/>\nLevandos aliejus &#8211; atpalaiduoja ir mink\u0161tina od\u0105.<br \/>\nArbatmed\u017eio aliejus &#8211; turi antibakterini\u0173 savybi\u0173.<br \/>\nEr\u0161k\u0117tuogi\u0173 aliejus &#8211; intensyviai maitina od\u0105.\n<\/p>\n<h4>\nNAUDOJIMO B\u016aDAS: <\/h4>\n<p>masa\u017euojamais judesiai u\u017etepkite kremo ant \u0161varios ir sausos koj\u0173 odos, kol \u012fsigers.<\/p>\n<p>Po atidarymo naudoti 6 m\u0117n.<\/p>\n","protected":false},"excerpt":{"rendered":"<p>\u0160altalankio aliejus. 24 val. maitinimas. Greitai \u012fsigeria. Sprend\u017eia pagrindines \u0161iurk\u0161\u010dios koj\u0173 odos problemas. Sud\u0117tyje yra FITOaliej\u0173 kompleksas: \u0160altalankio aliejus &#8211; gydo smulkius \u012ftr\u016bkimus. Levandos aliejus &#8211; atpalaiduoja ir mink\u0161tina od\u0105. Arbatmed\u017eio aliejus &#8211; turi antibakterini\u0173 savybi\u0173. Er\u0161k\u0117tuogi\u0173 aliejus &#8211; intensyviai maitina od\u0105. NAUDOJIMO B\u016aDAS: masa\u017euojamais judesiai u\u017etepkite kremo ant \u0161varios ir sausos koj\u0173 odos, kol [&#8230;]\n","protected":false},"featured_media":4362,"template":"","meta":[],"product_cat":[2181],"product_tag":[],"class_list":{"0":"post-32921","1":"product","2":"type-product","3":"status-publish","4":"has-post-thumbnail","6":"product_brand-unilever-rus-lt","7":"product_cat-bez-kategorijas-lt","9":"first","10":"outofstock","11":"taxable","12":"shipping-taxable","13":"product-type-simple"},"_links":{"self":[{"href":"https:\/\/e.kosmolat.eu\/lt\/wp-json\/wp\/v2\/product\/32921","targetHints":{"allow":["GET"]}}],"collection":[{"href":"https:\/\/e.kosmolat.eu\/lt\/wp-json\/wp\/v2\/product"}],"about":[{"href":"https:\/\/e.kosmolat.eu\/lt\/wp-json\/wp\/v2\/types\/product"}],"wp:featuredmedia":[{"embeddable":true,"href":"https:\/\/e.kosmolat.eu\/lt\/wp-json\/wp\/v2\/media\/4362"}],"wp:attachment":[{"href":"https:\/\/e.kosmolat.eu\/lt\/wp-json\/wp\/v2\/media?parent=32921"}],"wp:term":[{"taxonomy":"product_cat","embeddable":true,"href":"https:\/\/e.kosmolat.eu\/lt\/wp-json\/wp\/v2\/product_cat?post=32921"},{"taxonomy":"product_tag","embeddable":true,"href":"https:\/\/e.kosmolat.eu\/lt\/wp-json\/wp\/v2\/product_tag?post=32921"}],"curies":[{"name":"wp","href":"https:\/\/api.w.org\/{rel}","templated":true}]}}