{"id":32913,"date":"2023-12-21T17:49:22","date_gmt":"2023-12-21T17:49:22","guid":{"rendered":"https:\/\/e.kosmolat.eu\/product\/cz-dienas-sejas-krems-no-60-50-ml\/"},"modified":"2025-09-19T17:06:51","modified_gmt":"2025-09-19T17:06:51","slug":"cz-dienas-sejas-krems-no-60-50-ml","status":"publish","type":"product","link":"https:\/\/e.kosmolat.eu\/lt\/produktas\/cz-dienas-sejas-krems-no-60-50-ml\/","title":{"rendered":"\u010c\u017d Veido kremas 60+ &#8220;BIO-programa&#8221;, 50ml"},"content":{"rendered":"<p>Suma\u017eina rauk\u0161les. Lygina veido ton\u0105, pa\u0161alina pigmentines d\u0117mes. <\/p>\n<p>Laminarijos ekstraktas skatina kolageno veikl\u0105, turi detoks-efekt\u0105. BIO-aliej\u0173 kompleksas atnaujina od\u0105, padidina jos elastingum\u0105, suteikia UV-apsaug\u0105. <\/p>\n<p>Magnolijos ekstraktas turi antioksidantini\u0173 savybi\u0173. <\/p>\n<h4>Naudojimo b\u016bdas: <\/h4>\n<p>u\u017etepkite krem\u0105 ant \u0161varios, sausos veido odos, tolygiai paskirstykite, pamasa\u017euokite.<\/p>\n","protected":false},"excerpt":{"rendered":"<p>Suma\u017eina rauk\u0161les. Lygina veido ton\u0105, pa\u0161alina pigmentines d\u0117mes. Laminarijos ekstraktas skatina kolageno veikl\u0105, turi detoks-efekt\u0105. BIO-aliej\u0173 kompleksas atnaujina od\u0105, padidina jos elastingum\u0105, suteikia UV-apsaug\u0105. Magnolijos ekstraktas turi antioksidantini\u0173 savybi\u0173. Naudojimo b\u016bdas: u\u017etepkite krem\u0105 ant \u0161varios, sausos veido odos, tolygiai paskirstykite, pamasa\u017euokite.<\/p>\n","protected":false},"featured_media":80470,"template":"","meta":[],"product_cat":[1322],"product_tag":[],"class_list":{"0":"post-32913","1":"product","2":"type-product","3":"status-publish","4":"has-post-thumbnail","6":"product_brand-unilever-rus-lt","7":"product_cat-veido-kremai","9":"first","10":"outofstock","11":"taxable","12":"shipping-taxable","13":"product-type-simple"},"_links":{"self":[{"href":"https:\/\/e.kosmolat.eu\/lt\/wp-json\/wp\/v2\/product\/32913","targetHints":{"allow":["GET"]}}],"collection":[{"href":"https:\/\/e.kosmolat.eu\/lt\/wp-json\/wp\/v2\/product"}],"about":[{"href":"https:\/\/e.kosmolat.eu\/lt\/wp-json\/wp\/v2\/types\/product"}],"wp:featuredmedia":[{"embeddable":true,"href":"https:\/\/e.kosmolat.eu\/lt\/wp-json\/wp\/v2\/media\/80470"}],"wp:attachment":[{"href":"https:\/\/e.kosmolat.eu\/lt\/wp-json\/wp\/v2\/media?parent=32913"}],"wp:term":[{"taxonomy":"product_cat","embeddable":true,"href":"https:\/\/e.kosmolat.eu\/lt\/wp-json\/wp\/v2\/product_cat?post=32913"},{"taxonomy":"product_tag","embeddable":true,"href":"https:\/\/e.kosmolat.eu\/lt\/wp-json\/wp\/v2\/product_tag?post=32913"}],"curies":[{"name":"wp","href":"https:\/\/api.w.org\/{rel}","templated":true}]}}