{"id":32905,"date":"2023-12-21T17:48:48","date_gmt":"2023-12-21T17:48:48","guid":{"rendered":"https:\/\/e.kosmolat.eu\/product\/i_celojuma-komplekts-3-daligs-9500\/"},"modified":"2026-04-01T06:29:05","modified_gmt":"2026-04-01T06:29:05","slug":"celojuma-komplekts-no-3-prieksmetiem-9500","status":"publish","type":"product","link":"https:\/\/e.kosmolat.eu\/lt\/produktas\/celojuma-komplekts-no-3-prieksmetiem-9500\/","title":{"rendered":"DONEGAL Kelioninis rinkinys, 3 dali\u0173, 9500"},"content":{"rendered":"<p>Kelioninis rinkinys: muilin\u0117, stiklin\u0117, dant\u0173 \u0161epe\u010dio d\u0117klas.<\/p>\n","protected":false},"excerpt":{"rendered":"<p>Kelioninis rinkinys: muilin\u0117, stiklin\u0117, dant\u0173 \u0161epe\u010dio d\u0117klas.<\/p>\n","protected":false},"featured_media":79490,"template":"","meta":[],"product_cat":[1557],"product_tag":[],"class_list":{"0":"post-32905","1":"product","2":"type-product","3":"status-publish","4":"has-post-thumbnail","6":"product_brand-donegal-sp-zo-o-_pl-lt","7":"product_cat-kosmetikos-krepsiai","9":"first","10":"instock","11":"taxable","12":"shipping-taxable","13":"product-type-simple"},"_links":{"self":[{"href":"https:\/\/e.kosmolat.eu\/lt\/wp-json\/wp\/v2\/product\/32905","targetHints":{"allow":["GET"]}}],"collection":[{"href":"https:\/\/e.kosmolat.eu\/lt\/wp-json\/wp\/v2\/product"}],"about":[{"href":"https:\/\/e.kosmolat.eu\/lt\/wp-json\/wp\/v2\/types\/product"}],"wp:featuredmedia":[{"embeddable":true,"href":"https:\/\/e.kosmolat.eu\/lt\/wp-json\/wp\/v2\/media\/79490"}],"wp:attachment":[{"href":"https:\/\/e.kosmolat.eu\/lt\/wp-json\/wp\/v2\/media?parent=32905"}],"wp:term":[{"taxonomy":"product_cat","embeddable":true,"href":"https:\/\/e.kosmolat.eu\/lt\/wp-json\/wp\/v2\/product_cat?post=32905"},{"taxonomy":"product_tag","embeddable":true,"href":"https:\/\/e.kosmolat.eu\/lt\/wp-json\/wp\/v2\/product_tag?post=32905"}],"curies":[{"name":"wp","href":"https:\/\/api.w.org\/{rel}","templated":true}]}}