{"id":32881,"date":"2023-12-21T17:43:05","date_gmt":"2023-12-21T17:43:05","guid":{"rendered":"https:\/\/e.kosmolat.eu\/product\/cimds-masazai-9687\/"},"modified":"2025-09-19T17:00:58","modified_gmt":"2025-09-19T17:00:58","slug":"cimds-masazai-9687","status":"publish","type":"product","link":"https:\/\/e.kosmolat.eu\/lt\/produktas\/cimds-masazai-9687\/","title":{"rendered":"DONEGAL Masa\u017euojanti pir\u0161tin\u0117 prausimuisi, 9687"},"content":{"rendered":"<p>Masa\u017euojanti pir\u0161tin\u0117 prausimuisi.<\/p>\n","protected":false},"excerpt":{"rendered":"<p>Masa\u017euojanti pir\u0161tin\u0117 prausimuisi.<\/p>\n","protected":false},"featured_media":80346,"template":"","meta":[],"product_cat":[1829],"product_tag":[],"class_list":{"0":"post-32881","1":"product","2":"type-product","3":"status-publish","4":"has-post-thumbnail","6":"product_brand-donegal-sp-zo-o-_pl-lt","7":"product_cat-kuno-prieziuros-priemones","9":"first","10":"outofstock","11":"taxable","12":"shipping-taxable","13":"product-type-simple"},"_links":{"self":[{"href":"https:\/\/e.kosmolat.eu\/lt\/wp-json\/wp\/v2\/product\/32881","targetHints":{"allow":["GET"]}}],"collection":[{"href":"https:\/\/e.kosmolat.eu\/lt\/wp-json\/wp\/v2\/product"}],"about":[{"href":"https:\/\/e.kosmolat.eu\/lt\/wp-json\/wp\/v2\/types\/product"}],"wp:featuredmedia":[{"embeddable":true,"href":"https:\/\/e.kosmolat.eu\/lt\/wp-json\/wp\/v2\/media\/80346"}],"wp:attachment":[{"href":"https:\/\/e.kosmolat.eu\/lt\/wp-json\/wp\/v2\/media?parent=32881"}],"wp:term":[{"taxonomy":"product_cat","embeddable":true,"href":"https:\/\/e.kosmolat.eu\/lt\/wp-json\/wp\/v2\/product_cat?post=32881"},{"taxonomy":"product_tag","embeddable":true,"href":"https:\/\/e.kosmolat.eu\/lt\/wp-json\/wp\/v2\/product_tag?post=32881"}],"curies":[{"name":"wp","href":"https:\/\/api.w.org\/{rel}","templated":true}]}}