{"id":32869,"date":"2023-12-21T17:42:21","date_gmt":"2023-12-21T17:42:21","guid":{"rendered":"https:\/\/e.kosmolat.eu\/product\/suklis-puderim-9082\/"},"modified":"2026-04-21T06:57:40","modified_gmt":"2026-04-21T06:57:40","slug":"suklis-puderim-9082","status":"publish","type":"product","link":"https:\/\/e.kosmolat.eu\/lt\/produktas\/suklis-puderim-9082\/","title":{"rendered":"DONEGAL Pudros kempin\u0117l\u0117, 9082"},"content":{"rendered":"<p>Pudros kempin\u0117l\u0117.<\/p>\n","protected":false},"excerpt":{"rendered":"<p>Pudros kempin\u0117l\u0117.<\/p>\n","protected":false},"featured_media":79994,"template":"","meta":[],"product_cat":[2181],"product_tag":[],"class_list":{"0":"post-32869","1":"product","2":"type-product","3":"status-publish","4":"has-post-thumbnail","6":"product_brand-donegal-sp-zo-o-_pl-lt","7":"product_cat-bez-kategorijas-lt","9":"first","10":"instock","11":"taxable","12":"shipping-taxable","13":"product-type-simple"},"_links":{"self":[{"href":"https:\/\/e.kosmolat.eu\/lt\/wp-json\/wp\/v2\/product\/32869","targetHints":{"allow":["GET"]}}],"collection":[{"href":"https:\/\/e.kosmolat.eu\/lt\/wp-json\/wp\/v2\/product"}],"about":[{"href":"https:\/\/e.kosmolat.eu\/lt\/wp-json\/wp\/v2\/types\/product"}],"wp:featuredmedia":[{"embeddable":true,"href":"https:\/\/e.kosmolat.eu\/lt\/wp-json\/wp\/v2\/media\/79994"}],"wp:attachment":[{"href":"https:\/\/e.kosmolat.eu\/lt\/wp-json\/wp\/v2\/media?parent=32869"}],"wp:term":[{"taxonomy":"product_cat","embeddable":true,"href":"https:\/\/e.kosmolat.eu\/lt\/wp-json\/wp\/v2\/product_cat?post=32869"},{"taxonomy":"product_tag","embeddable":true,"href":"https:\/\/e.kosmolat.eu\/lt\/wp-json\/wp\/v2\/product_tag?post=32869"}],"curies":[{"name":"wp","href":"https:\/\/api.w.org\/{rel}","templated":true}]}}