{"id":32865,"date":"2023-12-21T17:42:08","date_gmt":"2023-12-21T17:42:08","guid":{"rendered":"https:\/\/e.kosmolat.eu\/product\/skidrums-nagu-lakas-nonemsanai-9149\/"},"modified":"2026-04-09T16:23:15","modified_gmt":"2026-04-09T16:23:15","slug":"skidrums-nagu-lakas-nonemsanai-9149","status":"publish","type":"product","link":"https:\/\/e.kosmolat.eu\/lt\/produktas\/skidrums-nagu-lakas-nonemsanai-9149\/","title":{"rendered":"DONEGAL Nag\u0173 lako valiklis, 50 ml, 9149"},"content":{"rendered":"<p>Nag\u0173 lako valiklis. Be acetono.<\/p>\n<p>D\u0116MESIO! Degus. Laikyti toliau nuo &scaron;ildymo \u012frengini\u0173. Saugoti nuo vaik\u0173.<\/p>\n","protected":false},"excerpt":{"rendered":"<p>Nag\u0173 lako valiklis. Be acetono. D\u0116MESIO! Degus. Laikyti toliau nuo &scaron;ildymo \u012frengini\u0173. Saugoti nuo vaik\u0173.<\/p>\n","protected":false},"featured_media":79990,"template":"","meta":[],"product_cat":[1528],"product_tag":[],"class_list":{"0":"post-32865","1":"product","2":"type-product","3":"status-publish","4":"has-post-thumbnail","6":"product_brand-donegal-sp-zo-o-_pl-lt","7":"product_cat-nagu-lako-valikliai","9":"first","10":"instock","11":"taxable","12":"shipping-taxable","13":"product-type-simple"},"_links":{"self":[{"href":"https:\/\/e.kosmolat.eu\/lt\/wp-json\/wp\/v2\/product\/32865","targetHints":{"allow":["GET"]}}],"collection":[{"href":"https:\/\/e.kosmolat.eu\/lt\/wp-json\/wp\/v2\/product"}],"about":[{"href":"https:\/\/e.kosmolat.eu\/lt\/wp-json\/wp\/v2\/types\/product"}],"wp:featuredmedia":[{"embeddable":true,"href":"https:\/\/e.kosmolat.eu\/lt\/wp-json\/wp\/v2\/media\/79990"}],"wp:attachment":[{"href":"https:\/\/e.kosmolat.eu\/lt\/wp-json\/wp\/v2\/media?parent=32865"}],"wp:term":[{"taxonomy":"product_cat","embeddable":true,"href":"https:\/\/e.kosmolat.eu\/lt\/wp-json\/wp\/v2\/product_cat?post=32865"},{"taxonomy":"product_tag","embeddable":true,"href":"https:\/\/e.kosmolat.eu\/lt\/wp-json\/wp\/v2\/product_tag?post=32865"}],"curies":[{"name":"wp","href":"https:\/\/api.w.org\/{rel}","templated":true}]}}