{"id":32849,"date":"2023-12-21T17:41:16","date_gmt":"2023-12-21T17:41:16","guid":{"rendered":"https:\/\/e.kosmolat.eu\/product\/nagu-vile-1020\/"},"modified":"2025-09-19T17:01:43","modified_gmt":"2025-09-19T17:01:43","slug":"nagu-vile-1020","status":"publish","type":"product","link":"https:\/\/e.kosmolat.eu\/lt\/produktas\/nagu-vile-1020\/","title":{"rendered":"DONEGAL Nag\u0173 dild\u0117, 1020"},"content":{"rendered":"<p>Nag\u0173 dild\u0117. Metalin\u0117.<\/p>\n","protected":false},"excerpt":{"rendered":"<p>Nag\u0173 dild\u0117. Metalin\u0117.<\/p>\n","protected":false},"featured_media":80362,"template":"","meta":[],"product_cat":[1541],"product_tag":[],"class_list":{"0":"post-32849","1":"product","2":"type-product","3":"status-publish","4":"has-post-thumbnail","6":"product_brand-donegal-sp-zo-o-_pl-lt","7":"product_cat-manikiuro-ir-pedikiuro-priemones","9":"first","10":"outofstock","11":"taxable","12":"shipping-taxable","13":"product-type-simple"},"_links":{"self":[{"href":"https:\/\/e.kosmolat.eu\/lt\/wp-json\/wp\/v2\/product\/32849","targetHints":{"allow":["GET"]}}],"collection":[{"href":"https:\/\/e.kosmolat.eu\/lt\/wp-json\/wp\/v2\/product"}],"about":[{"href":"https:\/\/e.kosmolat.eu\/lt\/wp-json\/wp\/v2\/types\/product"}],"wp:featuredmedia":[{"embeddable":true,"href":"https:\/\/e.kosmolat.eu\/lt\/wp-json\/wp\/v2\/media\/80362"}],"wp:attachment":[{"href":"https:\/\/e.kosmolat.eu\/lt\/wp-json\/wp\/v2\/media?parent=32849"}],"wp:term":[{"taxonomy":"product_cat","embeddable":true,"href":"https:\/\/e.kosmolat.eu\/lt\/wp-json\/wp\/v2\/product_cat?post=32849"},{"taxonomy":"product_tag","embeddable":true,"href":"https:\/\/e.kosmolat.eu\/lt\/wp-json\/wp\/v2\/product_tag?post=32849"}],"curies":[{"name":"wp","href":"https:\/\/api.w.org\/{rel}","templated":true}]}}