{"id":32841,"date":"2023-12-21T17:40:50","date_gmt":"2023-12-21T17:40:50","guid":{"rendered":"https:\/\/e.kosmolat.eu\/product\/nagu-vile-1018\/"},"modified":"2025-09-19T17:01:56","modified_gmt":"2025-09-19T17:01:56","slug":"nagu-vile-1018","status":"publish","type":"product","link":"https:\/\/e.kosmolat.eu\/lt\/produktas\/nagu-vile-1018\/","title":{"rendered":"DONEGAL Nag\u0173 dild\u0117, 1018"},"content":{"rendered":"<p>Metalin\u0117 nag\u0173 dild\u0117.<\/p>\n","protected":false},"excerpt":{"rendered":"<p>Metalin\u0117 nag\u0173 dild\u0117.<\/p>\n","protected":false},"featured_media":78409,"template":"","meta":[],"product_cat":[1541],"product_tag":[],"class_list":{"0":"post-32841","1":"product","2":"type-product","3":"status-publish","4":"has-post-thumbnail","6":"product_brand-donegal-sp-zo-o-_pl-lt","7":"product_cat-manikiuro-ir-pedikiuro-priemones","9":"first","10":"instock","11":"taxable","12":"shipping-taxable","13":"product-type-simple"},"_links":{"self":[{"href":"https:\/\/e.kosmolat.eu\/lt\/wp-json\/wp\/v2\/product\/32841","targetHints":{"allow":["GET"]}}],"collection":[{"href":"https:\/\/e.kosmolat.eu\/lt\/wp-json\/wp\/v2\/product"}],"about":[{"href":"https:\/\/e.kosmolat.eu\/lt\/wp-json\/wp\/v2\/types\/product"}],"wp:featuredmedia":[{"embeddable":true,"href":"https:\/\/e.kosmolat.eu\/lt\/wp-json\/wp\/v2\/media\/78409"}],"wp:attachment":[{"href":"https:\/\/e.kosmolat.eu\/lt\/wp-json\/wp\/v2\/media?parent=32841"}],"wp:term":[{"taxonomy":"product_cat","embeddable":true,"href":"https:\/\/e.kosmolat.eu\/lt\/wp-json\/wp\/v2\/product_cat?post=32841"},{"taxonomy":"product_tag","embeddable":true,"href":"https:\/\/e.kosmolat.eu\/lt\/wp-json\/wp\/v2\/product_tag?post=32841"}],"curies":[{"name":"wp","href":"https:\/\/api.w.org\/{rel}","templated":true}]}}