{"id":32789,"date":"2023-12-21T17:38:10","date_gmt":"2023-12-21T17:38:10","guid":{"rendered":"https:\/\/e.kosmolat.eu\/product\/matu-kemme-9085\/"},"modified":"2025-09-19T16:40:06","modified_gmt":"2025-09-19T16:40:06","slug":"matu-kemme-9085","status":"publish","type":"product","link":"https:\/\/e.kosmolat.eu\/lt\/produktas\/matu-kemme-9085\/","title":{"rendered":"DONEGAL Plauk\u0173 \u0161ukos, 9085"},"content":{"rendered":"<p>Plastmasin\u0117s plauk\u0173 &scaron;ukos.<\/p>\n<p>Patvarios, lanks\u010dios, jeigu naudojate pagal paskirt\u012f.<\/p>\n<p>Atlaiko auk&scaron;t\u0105 temperat\u016br\u0105.<\/p>\n","protected":false},"excerpt":{"rendered":"<p>Plastmasin\u0117s plauk\u0173 &scaron;ukos. Patvarios, lanks\u010dios, jeigu naudojate pagal paskirt\u012f. Atlaiko auk&scaron;t\u0105 temperat\u016br\u0105.<\/p>\n","protected":false},"featured_media":79870,"template":"","meta":[],"product_cat":[1669],"product_tag":[],"class_list":{"0":"post-32789","1":"product","2":"type-product","3":"status-publish","4":"has-post-thumbnail","6":"product_brand-donegal-sp-zo-o-_pl-lt","7":"product_cat-plauku-aksesuarai","9":"first","10":"outofstock","11":"taxable","12":"shipping-taxable","13":"product-type-simple"},"_links":{"self":[{"href":"https:\/\/e.kosmolat.eu\/lt\/wp-json\/wp\/v2\/product\/32789","targetHints":{"allow":["GET"]}}],"collection":[{"href":"https:\/\/e.kosmolat.eu\/lt\/wp-json\/wp\/v2\/product"}],"about":[{"href":"https:\/\/e.kosmolat.eu\/lt\/wp-json\/wp\/v2\/types\/product"}],"wp:featuredmedia":[{"embeddable":true,"href":"https:\/\/e.kosmolat.eu\/lt\/wp-json\/wp\/v2\/media\/79870"}],"wp:attachment":[{"href":"https:\/\/e.kosmolat.eu\/lt\/wp-json\/wp\/v2\/media?parent=32789"}],"wp:term":[{"taxonomy":"product_cat","embeddable":true,"href":"https:\/\/e.kosmolat.eu\/lt\/wp-json\/wp\/v2\/product_cat?post=32789"},{"taxonomy":"product_tag","embeddable":true,"href":"https:\/\/e.kosmolat.eu\/lt\/wp-json\/wp\/v2\/product_tag?post=32789"}],"curies":[{"name":"wp","href":"https:\/\/api.w.org\/{rel}","templated":true}]}}