{"id":32753,"date":"2023-12-21T17:36:00","date_gmt":"2023-12-21T17:36:00","guid":{"rendered":"https:\/\/e.kosmolat.eu\/product\/smarzu-ekstrakts-nr-21-dilis-classic-collection-30-ml\/"},"modified":"2025-09-19T16:38:04","modified_gmt":"2025-09-19T16:38:04","slug":"smarzu-ekstrakts-nr-21-dilis-classic-collection-30-ml","status":"publish","type":"product","link":"https:\/\/e.kosmolat.eu\/lt\/produktas\/smarzu-ekstrakts-nr-21-dilis-classic-collection-30-ml\/","title":{"rendered":"DILIS Kvepalai Extra Classic Collection Nr-21, 30 ml"},"content":{"rendered":"<p>SAUGOJIMAS: nelaikyti ant tiesiogini\u0173 saul\u0117s spinduli\u0173,netoli \u0161ildymo prietais\u0173. Nepurk\u0161ti \u012f atvir\u0105 liepsn\u0105. Tik i\u0161oriniam naudojimui. Vengti patekimo \u012f akis.<\/p>\n<p>Laikyti temperat\u016broje: +5\u00b0C iki +25\u00b0C. <\/p>\n","protected":false},"excerpt":{"rendered":"<p>SAUGOJIMAS: nelaikyti ant tiesiogini\u0173 saul\u0117s spinduli\u0173,netoli \u0161ildymo prietais\u0173. Nepurk\u0161ti \u012f atvir\u0105 liepsn\u0105. Tik i\u0161oriniam naudojimui. Vengti patekimo \u012f akis. Laikyti temperat\u016broje: +5\u00b0C iki +25\u00b0C.<\/p>\n","protected":false},"featured_media":79830,"template":"","meta":[],"product_cat":[1447],"product_tag":[],"class_list":{"0":"post-32753","1":"product","2":"type-product","3":"status-publish","4":"has-post-thumbnail","6":"product_brand-dilis-kosmetik_by-lt","7":"product_cat-kvepalai-ir-tualetinis-vanduo-moterims","9":"first","10":"outofstock","11":"taxable","12":"shipping-taxable","13":"product-type-simple"},"_links":{"self":[{"href":"https:\/\/e.kosmolat.eu\/lt\/wp-json\/wp\/v2\/product\/32753","targetHints":{"allow":["GET"]}}],"collection":[{"href":"https:\/\/e.kosmolat.eu\/lt\/wp-json\/wp\/v2\/product"}],"about":[{"href":"https:\/\/e.kosmolat.eu\/lt\/wp-json\/wp\/v2\/types\/product"}],"wp:featuredmedia":[{"embeddable":true,"href":"https:\/\/e.kosmolat.eu\/lt\/wp-json\/wp\/v2\/media\/79830"}],"wp:attachment":[{"href":"https:\/\/e.kosmolat.eu\/lt\/wp-json\/wp\/v2\/media?parent=32753"}],"wp:term":[{"taxonomy":"product_cat","embeddable":true,"href":"https:\/\/e.kosmolat.eu\/lt\/wp-json\/wp\/v2\/product_cat?post=32753"},{"taxonomy":"product_tag","embeddable":true,"href":"https:\/\/e.kosmolat.eu\/lt\/wp-json\/wp\/v2\/product_tag?post=32753"}],"curies":[{"name":"wp","href":"https:\/\/api.w.org\/{rel}","templated":true}]}}