{"id":32745,"date":"2023-12-21T17:35:24","date_gmt":"2023-12-21T17:35:24","guid":{"rendered":"https:\/\/e.kosmolat.eu\/product\/smarzu-ekstrakts-nr-16-dilis-classic-collection-30-ml\/"},"modified":"2025-09-19T16:37:39","modified_gmt":"2025-09-19T16:37:39","slug":"smarzu-ekstrakts-nr-16-dilis-classic-collection-30-ml","status":"publish","type":"product","link":"https:\/\/e.kosmolat.eu\/lt\/produktas\/smarzu-ekstrakts-nr-16-dilis-classic-collection-30-ml\/","title":{"rendered":"DILIS Kvepalai Extra Classic Collection Nr-16, 30 ml"},"content":{"rendered":"<p><strong>Vir&scaron;utin\u0117s natos:<\/strong> bij\u016bnai, persik\u0173 \u017eiedai, arbatos lapai.<\/p>\n<p><strong>Vidurin\u0117s natos:<\/strong> \u017ealiosios alyvos, ambra, muskusas.<\/p>\n<p><strong>Pagrindin\u0117s natos: <\/strong>kinin\u0117 kvepen\u0117, petitgrain, kedras.<\/p>\n<p><strong>Saugojimas:<\/strong> nelaikyti ant tiesiogini\u0173 saul\u0117s spinduli\u0173,netoli &scaron;ildymo prietais\u0173. Nepurk&scaron;ti \u012f atvir\u0105 liepsn\u0105. Tik i&scaron;oriniam naudojimui.<\/p>\n<p>Laikyti temperat\u016broje: +5 &deg;C iki +25 &deg;C<\/p>\n","protected":false},"excerpt":{"rendered":"<p>Vir&scaron;utin\u0117s natos: bij\u016bnai, persik\u0173 \u017eiedai, arbatos lapai. Vidurin\u0117s natos: \u017ealiosios alyvos, ambra, muskusas. Pagrindin\u0117s natos: kinin\u0117 kvepen\u0117, petitgrain, kedras. Saugojimas: nelaikyti ant tiesiogini\u0173 saul\u0117s spinduli\u0173,netoli &scaron;ildymo prietais\u0173. Nepurk&scaron;ti \u012f atvir\u0105 liepsn\u0105. Tik i&scaron;oriniam naudojimui. Laikyti temperat\u016broje: +5 &deg;C iki +25 &deg;C<\/p>\n","protected":false},"featured_media":79822,"template":"","meta":[],"product_cat":[1447],"product_tag":[],"class_list":{"0":"post-32745","1":"product","2":"type-product","3":"status-publish","4":"has-post-thumbnail","6":"product_brand-dilis-kosmetik_by-lt","7":"product_cat-kvepalai-ir-tualetinis-vanduo-moterims","9":"first","10":"outofstock","11":"taxable","12":"shipping-taxable","13":"product-type-simple"},"_links":{"self":[{"href":"https:\/\/e.kosmolat.eu\/lt\/wp-json\/wp\/v2\/product\/32745","targetHints":{"allow":["GET"]}}],"collection":[{"href":"https:\/\/e.kosmolat.eu\/lt\/wp-json\/wp\/v2\/product"}],"about":[{"href":"https:\/\/e.kosmolat.eu\/lt\/wp-json\/wp\/v2\/types\/product"}],"wp:featuredmedia":[{"embeddable":true,"href":"https:\/\/e.kosmolat.eu\/lt\/wp-json\/wp\/v2\/media\/79822"}],"wp:attachment":[{"href":"https:\/\/e.kosmolat.eu\/lt\/wp-json\/wp\/v2\/media?parent=32745"}],"wp:term":[{"taxonomy":"product_cat","embeddable":true,"href":"https:\/\/e.kosmolat.eu\/lt\/wp-json\/wp\/v2\/product_cat?post=32745"},{"taxonomy":"product_tag","embeddable":true,"href":"https:\/\/e.kosmolat.eu\/lt\/wp-json\/wp\/v2\/product_tag?post=32745"}],"curies":[{"name":"wp","href":"https:\/\/api.w.org\/{rel}","templated":true}]}}