{"id":32717,"date":"2023-12-21T17:33:08","date_gmt":"2023-12-21T17:33:08","guid":{"rendered":"https:\/\/e.kosmolat.eu\/product\/krems-bernu-pret-salu-70-ml\/"},"modified":"2026-04-09T16:15:56","modified_gmt":"2026-04-09T16:15:56","slug":"krems-bernu-pret-salu-70-ml","status":"publish","type":"product","link":"https:\/\/e.kosmolat.eu\/lt\/produktas\/krems-bernu-pret-salu-70-ml\/","title":{"rendered":"FITODOCTOR Higieninis vaiki\u0161kas kremas nuo \u0161al\u010dio ir blog\u0173 oro s\u0105lyg\u0173, 70 g"},"content":{"rendered":"<p>Sud\u0117tyje yra 70% aliejini\u0173 komponent\u0173 ir apsaugos j\u016bs\u0173 vaiko od\u0105 nuo &scaron;al\u010dio, v\u0117jo ir dr\u0117gm\u0117s pasivaik&scaron;\u010diojim\u0173 metu &scaron;altuoju met\u0173 laiku. Ramun\u0117li\u0173 ekstraktas ir vitaminai A ir E r\u016bpinasi jautria k\u016bdikio oda. Kremas tinka ir suaugusiems.<\/p>\n<p><strong>Naudojimas: <\/strong>Tepkite &scaron;vari\u0105 od\u0105.<\/p>\n<p><strong>Atsargumo priemon\u0117s:<\/strong> Tik i&scaron;oriniam naudojimui.<\/p>\n<p><strong>Laikymo s\u0105lygos:<\/strong> 0&deg;\u0421 iki +25&deg;\u0421.<\/p>\n","protected":false},"excerpt":{"rendered":"<p>Sud\u0117tyje yra 70% aliejini\u0173 komponent\u0173 ir apsaugos j\u016bs\u0173 vaiko od\u0105 nuo &scaron;al\u010dio, v\u0117jo ir dr\u0117gm\u0117s pasivaik&scaron;\u010diojim\u0173 metu &scaron;altuoju met\u0173 laiku. Ramun\u0117li\u0173 ekstraktas ir vitaminai A ir E r\u016bpinasi jautria k\u016bdikio oda. Kremas tinka ir suaugusiems. Naudojimas: Tepkite &scaron;vari\u0105 od\u0105. Atsargumo priemon\u0117s: Tik i&scaron;oriniam naudojimui. Laikymo s\u0105lygos: 0&deg;\u0421 iki +25&deg;\u0421.<\/p>\n","protected":false},"featured_media":79790,"template":"","meta":[],"product_cat":[1363],"product_tag":[],"class_list":{"0":"post-32717","1":"product","2":"type-product","3":"status-publish","4":"has-post-thumbnail","6":"product_brand-fitodoktor_ua-lt","7":"product_cat-kuno-prieziuros-kosmetika","9":"first","10":"instock","11":"taxable","12":"shipping-taxable","13":"product-type-simple"},"_links":{"self":[{"href":"https:\/\/e.kosmolat.eu\/lt\/wp-json\/wp\/v2\/product\/32717","targetHints":{"allow":["GET"]}}],"collection":[{"href":"https:\/\/e.kosmolat.eu\/lt\/wp-json\/wp\/v2\/product"}],"about":[{"href":"https:\/\/e.kosmolat.eu\/lt\/wp-json\/wp\/v2\/types\/product"}],"wp:featuredmedia":[{"embeddable":true,"href":"https:\/\/e.kosmolat.eu\/lt\/wp-json\/wp\/v2\/media\/79790"}],"wp:attachment":[{"href":"https:\/\/e.kosmolat.eu\/lt\/wp-json\/wp\/v2\/media?parent=32717"}],"wp:term":[{"taxonomy":"product_cat","embeddable":true,"href":"https:\/\/e.kosmolat.eu\/lt\/wp-json\/wp\/v2\/product_cat?post=32717"},{"taxonomy":"product_tag","embeddable":true,"href":"https:\/\/e.kosmolat.eu\/lt\/wp-json\/wp\/v2\/product_tag?post=32717"}],"curies":[{"name":"wp","href":"https:\/\/api.w.org\/{rel}","templated":true}]}}