{"id":32713,"date":"2023-12-21T17:32:46","date_gmt":"2023-12-21T17:32:46","guid":{"rendered":"https:\/\/e.kosmolat.eu\/product\/dr-s-cucumber-normaliz-pien-kosm-nonemsanai-200-ml\/"},"modified":"2026-04-20T12:56:52","modified_gmt":"2026-04-20T12:56:52","slug":"dr-s-cucumber-normaliz-pien-kosm-nonemsanai-200-ml","status":"publish","type":"product","link":"https:\/\/e.kosmolat.eu\/lt\/produktas\/dr-s-cucumber-normaliz-pien-kosm-nonemsanai-200-ml\/","title":{"rendered":"DR. SANTE CUCUMBER BALANCE CONTROL Normalizuojantis pienelis-makia\u017eo valiklis, 200ml"},"content":{"rendered":"<p>Valo, ma\u017eina sudirginim\u0105; 3D apsauga; normaliai ir linkusiai riebaluotis odai; agurko ekstraktas, alatoinas, medetka.<\/p>\n<p>Lengvai pa\u0161alina pigmentus, da\u017eiklius ir menkiausius ne\u0161varumus. Paruo\u0161ia od\u0105 tolimesnei prie\u017ei\u016brai, nedirgina akies gleivin\u0117s. U\u017ekerta keli\u0105 infekcij\u0173 atsiradimui. Pienelis tinka \u017emon\u0117ms, ne\u0161iojantiems kontaktinius l\u0119\u0161ius.<\/p>\n<p>NAUDOJIMO B\u016aDAS: U\u017ela\u0161inti toniko ant vatos gabal\u0117lio ir \u0161velniais masa\u017euojan\u010diais judesiais nuvalyti nuo odos makia\u017e\u0105 ir kitus ne\u0161varumus. <\/p>\n<p>LAIKYMO S\u0104LYGOS: nuo +5 \u00b0 C iki +25 \u00b0 C.<\/p>\n","protected":false},"excerpt":{"rendered":"<p>Valo, ma\u017eina sudirginim\u0105; 3D apsauga; normaliai ir linkusiai riebaluotis odai; agurko ekstraktas, alatoinas, medetka. Lengvai pa\u0161alina pigmentus, da\u017eiklius ir menkiausius ne\u0161varumus. Paruo\u0161ia od\u0105 tolimesnei prie\u017ei\u016brai, nedirgina akies gleivin\u0117s. U\u017ekerta keli\u0105 infekcij\u0173 atsiradimui. Pienelis tinka \u017emon\u0117ms, ne\u0161iojantiems kontaktinius l\u0119\u0161ius. NAUDOJIMO B\u016aDAS: U\u017ela\u0161inti toniko ant vatos gabal\u0117lio ir \u0161velniais masa\u017euojan\u010diais judesiais nuvalyti nuo odos makia\u017e\u0105 ir kitus [&#8230;]\n","protected":false},"featured_media":78978,"template":"","meta":[],"product_cat":[1574],"product_tag":[],"class_list":{"0":"post-32713","1":"product","2":"type-product","3":"status-publish","4":"has-post-thumbnail","6":"product_brand-elfa_ua-lt","7":"product_cat-pieneliai-ir-aliejai","9":"first","10":"instock","11":"taxable","12":"shipping-taxable","13":"product-type-simple"},"_links":{"self":[{"href":"https:\/\/e.kosmolat.eu\/lt\/wp-json\/wp\/v2\/product\/32713","targetHints":{"allow":["GET"]}}],"collection":[{"href":"https:\/\/e.kosmolat.eu\/lt\/wp-json\/wp\/v2\/product"}],"about":[{"href":"https:\/\/e.kosmolat.eu\/lt\/wp-json\/wp\/v2\/types\/product"}],"wp:featuredmedia":[{"embeddable":true,"href":"https:\/\/e.kosmolat.eu\/lt\/wp-json\/wp\/v2\/media\/78978"}],"wp:attachment":[{"href":"https:\/\/e.kosmolat.eu\/lt\/wp-json\/wp\/v2\/media?parent=32713"}],"wp:term":[{"taxonomy":"product_cat","embeddable":true,"href":"https:\/\/e.kosmolat.eu\/lt\/wp-json\/wp\/v2\/product_cat?post=32713"},{"taxonomy":"product_tag","embeddable":true,"href":"https:\/\/e.kosmolat.eu\/lt\/wp-json\/wp\/v2\/product_tag?post=32713"}],"curies":[{"name":"wp","href":"https:\/\/api.w.org\/{rel}","templated":true}]}}