{"id":32709,"date":"2023-12-21T17:32:24","date_gmt":"2023-12-21T17:32:24","guid":{"rendered":"https:\/\/e.kosmolat.eu\/product\/i_dr-s-cucumber-mazgasanas-zeleja-pilings-200-ml\/"},"modified":"2026-04-23T13:31:39","modified_gmt":"2026-04-23T13:31:39","slug":"dr-s-cucumber-mazgasanas-zeleja-pilings-200-ml","status":"publish","type":"product","link":"https:\/\/e.kosmolat.eu\/lt\/produktas\/dr-s-cucumber-mazgasanas-zeleja-pilings-200-ml\/","title":{"rendered":"DR. SANTE CUCUMBER BALANCE CONTROL  \u0160velnus \u0161vei\u010diamasis prausimosi gelis, 200 ml"},"content":{"rendered":"<p>Reguliuoja riebalini\u0173 liauk\u0173 veikl\u0105; 3D apsauga; normaliai ir linkusiai riebaluotis odai; agurko ekstraktas; baltoji arbata, alantoinas.<\/p>\n<p>Kasdieninei prie\u017ei\u016brai.<\/p>\n<p>Lengvai prasiskverbia \u012f poras, i\u0161valo od\u0105 nuo surag\u0117jusi\u0173 l\u0105steli\u0173, suteikia gaivos poj\u016bt\u012f. Dr\u0117kina ir ramina od\u0105, ma\u017eina poras, atstato po gilaus valymo. Veidas tampa lygus ir malonus.<\/p>\n<p>NAUDOJIMO B\u016aDAS: U\u017etepti ant dr\u0117gnos odos masa\u017euojan\u010diais judesiais, nuplauti vandeniu.<\/p>\n<p>LAIKYMO S\u0104LYGOS: nuo +5 \u00b0 C iki +25 \u00b0 C.<\/p>\n","protected":false},"excerpt":{"rendered":"<p>Reguliuoja riebalini\u0173 liauk\u0173 veikl\u0105; 3D apsauga; normaliai ir linkusiai riebaluotis odai; agurko ekstraktas; baltoji arbata, alantoinas. Kasdieninei prie\u017ei\u016brai. Lengvai prasiskverbia \u012f poras, i\u0161valo od\u0105 nuo surag\u0117jusi\u0173 l\u0105steli\u0173, suteikia gaivos poj\u016bt\u012f. Dr\u0117kina ir ramina od\u0105, ma\u017eina poras, atstato po gilaus valymo. Veidas tampa lygus ir malonus. NAUDOJIMO B\u016aDAS: U\u017etepti ant dr\u0117gnos odos masa\u017euojan\u010diais judesiais, nuplauti vandeniu. [&#8230;]\n","protected":false},"featured_media":78962,"template":"","meta":[],"product_cat":[1577],"product_tag":[],"class_list":{"0":"post-32709","1":"product","2":"type-product","3":"status-publish","4":"has-post-thumbnail","6":"product_brand-elfa_ua-lt","7":"product_cat-gelis","9":"first","10":"outofstock","11":"taxable","12":"shipping-taxable","13":"product-type-simple"},"_links":{"self":[{"href":"https:\/\/e.kosmolat.eu\/lt\/wp-json\/wp\/v2\/product\/32709","targetHints":{"allow":["GET"]}}],"collection":[{"href":"https:\/\/e.kosmolat.eu\/lt\/wp-json\/wp\/v2\/product"}],"about":[{"href":"https:\/\/e.kosmolat.eu\/lt\/wp-json\/wp\/v2\/types\/product"}],"wp:featuredmedia":[{"embeddable":true,"href":"https:\/\/e.kosmolat.eu\/lt\/wp-json\/wp\/v2\/media\/78962"}],"wp:attachment":[{"href":"https:\/\/e.kosmolat.eu\/lt\/wp-json\/wp\/v2\/media?parent=32709"}],"wp:term":[{"taxonomy":"product_cat","embeddable":true,"href":"https:\/\/e.kosmolat.eu\/lt\/wp-json\/wp\/v2\/product_cat?post=32709"},{"taxonomy":"product_tag","embeddable":true,"href":"https:\/\/e.kosmolat.eu\/lt\/wp-json\/wp\/v2\/product_tag?post=32709"}],"curies":[{"name":"wp","href":"https:\/\/api.w.org\/{rel}","templated":true}]}}