{"id":32705,"date":"2023-12-21T17:31:59","date_gmt":"2023-12-21T17:31:59","guid":{"rendered":"https:\/\/e.kosmolat.eu\/product\/dr-s-cucumber-mazgasanas-putas-150-ml\/"},"modified":"2026-04-21T06:35:25","modified_gmt":"2026-04-21T06:35:25","slug":"dr-s-cucumber-mazgasanas-putas-150-ml","status":"publish","type":"product","link":"https:\/\/e.kosmolat.eu\/lt\/produktas\/dr-s-cucumber-mazgasanas-putas-150-ml\/","title":{"rendered":"DR.SANTE Cucumber Balance Control Prausimosi putos, 150 ml"},"content":{"rendered":"<p>I&scaron;valo poras, nuvalo makia\u017e\u0105; 3D apsauga, normaliai ir linkusiai riebaluotis odai; agurko ekstraktas, baltoji arbata, nyk&scaron;tukin\u0117 palm\u0117, alantoinas.<\/p>\n<p>&Scaron;velniai pa&scaron;alina makia\u017e\u0105, ne&scaron;varumus ir riebal\u0173 pertekli\u0173. Dr\u0117kina ir &scaron;velnina od\u0105. Skirta normalios ir linkusios riebaluotis odos prausimui. Po plovimo atsiranda v\u0117sos ir gaivos poj\u016bttis.<\/p>\n<p><strong>Naudojimo b\u016bdas:&nbsp;<\/strong>U\u017etepti ant dr\u0117gnos odos. Nuplauti vandeniu.<\/p>\n<p><strong>Laikymo s\u0105lygos: <\/strong>nuo +5 &deg; C iki +25 &deg; C.<\/p>\n","protected":false},"excerpt":{"rendered":"<p>I&scaron;valo poras, nuvalo makia\u017e\u0105; 3D apsauga, normaliai ir linkusiai riebaluotis odai; agurko ekstraktas, baltoji arbata, nyk&scaron;tukin\u0117 palm\u0117, alantoinas. &Scaron;velniai pa&scaron;alina makia\u017e\u0105, ne&scaron;varumus ir riebal\u0173 pertekli\u0173. Dr\u0117kina ir &scaron;velnina od\u0105. Skirta normalios ir linkusios riebaluotis odos prausimui. Po plovimo atsiranda v\u0117sos ir gaivos poj\u016bttis. Naudojimo b\u016bdas:&nbsp;U\u017etepti ant dr\u0117gnos odos. Nuplauti vandeniu. Laikymo s\u0105lygos: nuo +5 &deg; [&#8230;]\n","protected":false},"featured_media":78958,"template":"","meta":[],"product_cat":[1835],"product_tag":[],"class_list":{"0":"post-32705","1":"product","2":"type-product","3":"status-publish","4":"has-post-thumbnail","6":"product_brand-elfa_ua-lt","7":"product_cat-prausimosi-putos","9":"first","10":"instock","11":"taxable","12":"shipping-taxable","13":"product-type-simple"},"_links":{"self":[{"href":"https:\/\/e.kosmolat.eu\/lt\/wp-json\/wp\/v2\/product\/32705","targetHints":{"allow":["GET"]}}],"collection":[{"href":"https:\/\/e.kosmolat.eu\/lt\/wp-json\/wp\/v2\/product"}],"about":[{"href":"https:\/\/e.kosmolat.eu\/lt\/wp-json\/wp\/v2\/types\/product"}],"wp:featuredmedia":[{"embeddable":true,"href":"https:\/\/e.kosmolat.eu\/lt\/wp-json\/wp\/v2\/media\/78958"}],"wp:attachment":[{"href":"https:\/\/e.kosmolat.eu\/lt\/wp-json\/wp\/v2\/media?parent=32705"}],"wp:term":[{"taxonomy":"product_cat","embeddable":true,"href":"https:\/\/e.kosmolat.eu\/lt\/wp-json\/wp\/v2\/product_cat?post=32705"},{"taxonomy":"product_tag","embeddable":true,"href":"https:\/\/e.kosmolat.eu\/lt\/wp-json\/wp\/v2\/product_tag?post=32705"}],"curies":[{"name":"wp","href":"https:\/\/api.w.org\/{rel}","templated":true}]}}