{"id":32689,"date":"2023-12-21T17:29:54","date_gmt":"2023-12-21T17:29:54","guid":{"rendered":"https:\/\/e.kosmolat.eu\/product\/i_se-kids-pienins-pec-saulosanas-200-ml\/"},"modified":"2025-09-19T16:30:52","modified_gmt":"2025-09-19T16:30:52","slug":"i_se-kids-pienins-pec-saulosanas-200-ml","status":"publish","type":"product","link":"https:\/\/e.kosmolat.eu\/lt\/produktas\/i_se-kids-pienins-pec-saulosanas-200-ml\/","title":{"rendered":"SUN ENERGY KIDS Vaikams Pienelis po \u012fdegio, 200 ml"},"content":{"rendered":"<p>Hipoalerginis. Skirtas jautriai odai, o taip pat \u0161velniai vaiko odos prie\u017ei\u016brai. D-pantenolis greitai mink\u0161tina, pa\u0161alina paraudim\u0105 ir perkaitimo simptomus. Ramina, dr\u0117kina od\u0105, skatina audini\u0173 regeneracij\u0105.<\/p>\n<p>NAUDOJIMO B\u016aDAS: Tolygiai u\u017etepti priemon\u0119 ant k\u016bno po saul\u0117s voni\u0173 arba maudymosi.<\/p>\n<p>Laikyti temperat\u016broje: nuo +5\u00b0\u0421 iki +25\u00b0\u0421.<\/p>\n","protected":false},"excerpt":{"rendered":"<p>Hipoalerginis. Skirtas jautriai odai, o taip pat \u0161velniai vaiko odos prie\u017ei\u016brai. D-pantenolis greitai mink\u0161tina, pa\u0161alina paraudim\u0105 ir perkaitimo simptomus. Ramina, dr\u0117kina od\u0105, skatina audini\u0173 regeneracij\u0105. NAUDOJIMO B\u016aDAS: Tolygiai u\u017etepti priemon\u0119 ant k\u016bno po saul\u0117s voni\u0173 arba maudymosi. Laikyti temperat\u016broje: nuo +5\u00b0\u0421 iki +25\u00b0\u0421.<\/p>\n","protected":false},"featured_media":79718,"template":"","meta":[],"product_cat":[1363],"product_tag":[],"class_list":{"0":"post-32689","1":"product","2":"type-product","3":"status-publish","4":"has-post-thumbnail","6":"product_brand-elfa_ua-lt","7":"product_cat-kuno-prieziuros-kosmetika","9":"first","10":"outofstock","11":"taxable","12":"shipping-taxable","13":"product-type-simple"},"_links":{"self":[{"href":"https:\/\/e.kosmolat.eu\/lt\/wp-json\/wp\/v2\/product\/32689","targetHints":{"allow":["GET"]}}],"collection":[{"href":"https:\/\/e.kosmolat.eu\/lt\/wp-json\/wp\/v2\/product"}],"about":[{"href":"https:\/\/e.kosmolat.eu\/lt\/wp-json\/wp\/v2\/types\/product"}],"wp:featuredmedia":[{"embeddable":true,"href":"https:\/\/e.kosmolat.eu\/lt\/wp-json\/wp\/v2\/media\/79718"}],"wp:attachment":[{"href":"https:\/\/e.kosmolat.eu\/lt\/wp-json\/wp\/v2\/media?parent=32689"}],"wp:term":[{"taxonomy":"product_cat","embeddable":true,"href":"https:\/\/e.kosmolat.eu\/lt\/wp-json\/wp\/v2\/product_cat?post=32689"},{"taxonomy":"product_tag","embeddable":true,"href":"https:\/\/e.kosmolat.eu\/lt\/wp-json\/wp\/v2\/product_tag?post=32689"}],"curies":[{"name":"wp","href":"https:\/\/api.w.org\/{rel}","templated":true}]}}