{"id":32685,"date":"2023-12-21T17:29:34","date_gmt":"2023-12-21T17:29:34","guid":{"rendered":"https:\/\/e.kosmolat.eu\/product\/dd-bernu-krems-klingerite-42-ml\/"},"modified":"2026-04-22T10:36:08","modified_gmt":"2026-04-22T10:36:08","slug":"dd-bernu-krems-klingerite-42-ml","status":"publish","type":"product","link":"https:\/\/e.kosmolat.eu\/lt\/produktas\/dd-bernu-krems-klingerite-42-ml\/","title":{"rendered":"THE DOCTOR HEALTH &#038; CARE  Kremas vaikams Medetka, 42 ml"},"content":{"rendered":"<p>Mink\u0161tina ir dr\u0117kina k\u016bdiki\u0173 od\u0105, \u0161alina paraudim\u0105. Susigeria \u012f od\u0105 nepalikdamas riebi\u0173 p\u0117dsak\u0173. Sukuria ant odos lengv\u0105 apsaugin\u012f sluoksn\u012f. Turi antibakterini\u0173, regeneruojan\u010di\u0173 savybi\u0173, slopina u\u017edegim\u0105, teigiamai veikia k\u016bdikio od\u0105.<\/p>\n<p>NAUDOJIMO B\u016aDAS: U\u017etepti ant sausos, \u0161varios odos.<\/p>\n<p>LAIKYMO S\u0104LYGOS: nuo +5 \u00b0 C iki +25 \u00b0 C.<\/p>\n","protected":false},"excerpt":{"rendered":"<p>Mink\u0161tina ir dr\u0117kina k\u016bdiki\u0173 od\u0105, \u0161alina paraudim\u0105. Susigeria \u012f od\u0105 nepalikdamas riebi\u0173 p\u0117dsak\u0173. Sukuria ant odos lengv\u0105 apsaugin\u012f sluoksn\u012f. Turi antibakterini\u0173, regeneruojan\u010di\u0173 savybi\u0173, slopina u\u017edegim\u0105, teigiamai veikia k\u016bdikio od\u0105. NAUDOJIMO B\u016aDAS: U\u017etepti ant sausos, \u0161varios odos. LAIKYMO S\u0104LYGOS: nuo +5 \u00b0 C iki +25 \u00b0 C.<\/p>\n","protected":false},"featured_media":79698,"template":"","meta":[],"product_cat":[2181],"product_tag":[],"class_list":{"0":"post-32685","1":"product","2":"type-product","3":"status-publish","4":"has-post-thumbnail","6":"product_brand-elfa_ua-lt","7":"product_cat-bez-kategorijas-lt","9":"first","10":"instock","11":"taxable","12":"shipping-taxable","13":"product-type-simple"},"_links":{"self":[{"href":"https:\/\/e.kosmolat.eu\/lt\/wp-json\/wp\/v2\/product\/32685","targetHints":{"allow":["GET"]}}],"collection":[{"href":"https:\/\/e.kosmolat.eu\/lt\/wp-json\/wp\/v2\/product"}],"about":[{"href":"https:\/\/e.kosmolat.eu\/lt\/wp-json\/wp\/v2\/types\/product"}],"wp:featuredmedia":[{"embeddable":true,"href":"https:\/\/e.kosmolat.eu\/lt\/wp-json\/wp\/v2\/media\/79698"}],"wp:attachment":[{"href":"https:\/\/e.kosmolat.eu\/lt\/wp-json\/wp\/v2\/media?parent=32685"}],"wp:term":[{"taxonomy":"product_cat","embeddable":true,"href":"https:\/\/e.kosmolat.eu\/lt\/wp-json\/wp\/v2\/product_cat?post=32685"},{"taxonomy":"product_tag","embeddable":true,"href":"https:\/\/e.kosmolat.eu\/lt\/wp-json\/wp\/v2\/product_tag?post=32685"}],"curies":[{"name":"wp","href":"https:\/\/api.w.org\/{rel}","templated":true}]}}