{"id":32681,"date":"2023-12-21T17:29:15","date_gmt":"2023-12-21T17:29:15","guid":{"rendered":"https:\/\/e.kosmolat.eu\/product\/dd-dadzu-ella-pret-blaugznam-100-ml\/"},"modified":"2026-04-11T18:48:06","modified_gmt":"2026-04-11T18:48:06","slug":"i_the-dr-hc-dadzu-ella-pret-blaugznam-ar-tejas-koku-un-rozmarinu-100-ml","status":"publish","type":"product","link":"https:\/\/e.kosmolat.eu\/lt\/produktas\/i_the-dr-hc-dadzu-ella-pret-blaugznam-ar-tejas-koku-un-rozmarinu-100-ml\/","title":{"rendered":"THE DOCTOR HEALTH &#038; CARE Varnal\u0117\u0161\u0173 aliejus Nuo pleiskan\u0173 su arbatmed\u017eiu ir rozmarinais, 100 ml"},"content":{"rendered":"<p>Su arbatmed\u017eiu ir rozmarinu. Aktyviai kovoja prie\u0161 pleiskan\u0173 atsiradim\u0105.Aliejus \u012fsiskverbia giliai \u012f plaukus, pa\u0161alina diskomfort\u0105.<\/p>\n<p><strong>Kaip vartoti:<\/strong>&nbsp;varnal\u0117\u0161\u0173 aliej\u0173(\u0161ilt\u0105) tepkite ant plauk\u0173 \u0161akn\u0173, po 20-30 minu\u010di\u0173 plaukus i\u0161plaukite su \u0161amp\u016bnu. &Scaron;i proced\u016bra kartojama 1-2 kartus per savait\u0119.<\/p>\n<p><strong>\u012esp\u0117jimas: v<\/strong>enkite kontakto su akimis. Patekus, nuplauti dideliu kiekiu vandens.<\/p>\n<p><strong>Laikymo s\u0105lygos:<\/strong>&nbsp;+5 &deg;C iki +25 &deg;C.<\/p>\n","protected":false},"excerpt":{"rendered":"<p>Su arbatmed\u017eiu ir rozmarinu. Aktyviai kovoja prie\u0161 pleiskan\u0173 atsiradim\u0105.Aliejus \u012fsiskverbia giliai \u012f plaukus, pa\u0161alina diskomfort\u0105. Kaip vartoti:&nbsp;varnal\u0117\u0161\u0173 aliej\u0173(\u0161ilt\u0105) tepkite ant plauk\u0173 \u0161akn\u0173, po 20-30 minu\u010di\u0173 plaukus i\u0161plaukite su \u0161amp\u016bnu. &Scaron;i proced\u016bra kartojama 1-2 kartus per savait\u0119. \u012esp\u0117jimas: venkite kontakto su akimis. Patekus, nuplauti dideliu kiekiu vandens. Laikymo s\u0105lygos:&nbsp;+5 &deg;C iki +25 &deg;C.<\/p>\n","protected":false},"featured_media":79694,"template":"","meta":[],"product_cat":[1345],"product_tag":[],"class_list":{"0":"post-32681","1":"product","2":"type-product","3":"status-publish","4":"has-post-thumbnail","6":"product_brand-elfa_ua-lt","7":"product_cat-kitos-plauku-prieziuros-priemones","9":"first","10":"outofstock","11":"taxable","12":"shipping-taxable","13":"product-type-simple"},"_links":{"self":[{"href":"https:\/\/e.kosmolat.eu\/lt\/wp-json\/wp\/v2\/product\/32681","targetHints":{"allow":["GET"]}}],"collection":[{"href":"https:\/\/e.kosmolat.eu\/lt\/wp-json\/wp\/v2\/product"}],"about":[{"href":"https:\/\/e.kosmolat.eu\/lt\/wp-json\/wp\/v2\/types\/product"}],"wp:featuredmedia":[{"embeddable":true,"href":"https:\/\/e.kosmolat.eu\/lt\/wp-json\/wp\/v2\/media\/79694"}],"wp:attachment":[{"href":"https:\/\/e.kosmolat.eu\/lt\/wp-json\/wp\/v2\/media?parent=32681"}],"wp:term":[{"taxonomy":"product_cat","embeddable":true,"href":"https:\/\/e.kosmolat.eu\/lt\/wp-json\/wp\/v2\/product_cat?post=32681"},{"taxonomy":"product_tag","embeddable":true,"href":"https:\/\/e.kosmolat.eu\/lt\/wp-json\/wp\/v2\/product_tag?post=32681"}],"curies":[{"name":"wp","href":"https:\/\/api.w.org\/{rel}","templated":true}]}}