{"id":32677,"date":"2023-12-21T17:28:53","date_gmt":"2023-12-21T17:28:53","guid":{"rendered":"https:\/\/e.kosmolat.eu\/product\/dd-dadzu-ella-stimulejosa-100-ml\/"},"modified":"2026-04-21T06:35:52","modified_gmt":"2026-04-21T06:35:52","slug":"the-dr-hc-matu-augs-stimul-dadzu-ella-ar-sark-pip-100-ml","status":"publish","type":"product","link":"https:\/\/e.kosmolat.eu\/lt\/produktas\/the-dr-hc-matu-augs-stimul-dadzu-ella-ar-sark-pip-100-ml\/","title":{"rendered":"THE DOCTOR HEALTH &#038; CARE Varnal\u0117\u0161\u0173 aliejus Skatinantis plauk\u0173 augim\u0105 su raudonaisiais pipirais, 100"},"content":{"rendered":"<p>Su raudonaisiais pipirais.<\/p>\n<p>Efektyvi priemon\u0117 skirta plauk\u0173 stiprinimui, skatina j\u0173 augim\u0105. Stiprina kraujotak\u0105. Plaukai pradeda grei\u010diau augti, tampa tankesni, stipresn\u012f, \u017evilga.<\/p>\n<p><strong>Naudojimo b\u016bdas:&nbsp;<\/strong>Varnal\u0117&scaron;\u0173 aliej\u0173 (&scaron;ilt\u0105) u\u017etepti ant paluk\u0173 &scaron;akn\u0173, po 20-30 minu\u010di\u0173 i&scaron;plauti plaukus &scaron;amp\u016bnu. Proced\u016br\u0105 kartoti 1-2 kartus per savait\u0119. Vengti patekimo \u012f akis. Patekus, praplauti akis dideliu kiekiu vandens.<\/p>\n<p><strong>Laikymo s\u0105lygos:<\/strong> nuo +5 &deg;C iki +25 &deg;C.<\/p>\n","protected":false},"excerpt":{"rendered":"<p>Su raudonaisiais pipirais. Efektyvi priemon\u0117 skirta plauk\u0173 stiprinimui, skatina j\u0173 augim\u0105. Stiprina kraujotak\u0105. Plaukai pradeda grei\u010diau augti, tampa tankesni, stipresn\u012f, \u017evilga. Naudojimo b\u016bdas:&nbsp;Varnal\u0117&scaron;\u0173 aliej\u0173 (&scaron;ilt\u0105) u\u017etepti ant paluk\u0173 &scaron;akn\u0173, po 20-30 minu\u010di\u0173 i&scaron;plauti plaukus &scaron;amp\u016bnu. Proced\u016br\u0105 kartoti 1-2 kartus per savait\u0119. Vengti patekimo \u012f akis. Patekus, praplauti akis dideliu kiekiu vandens. Laikymo s\u0105lygos: nuo +5 [&#8230;]\n","protected":false},"featured_media":79030,"template":"","meta":[],"product_cat":[1345],"product_tag":[],"class_list":{"0":"post-32677","1":"product","2":"type-product","3":"status-publish","4":"has-post-thumbnail","6":"product_brand-elfa_ua-lt","7":"product_cat-kitos-plauku-prieziuros-priemones","9":"first","10":"instock","11":"taxable","12":"shipping-taxable","13":"product-type-simple"},"_links":{"self":[{"href":"https:\/\/e.kosmolat.eu\/lt\/wp-json\/wp\/v2\/product\/32677","targetHints":{"allow":["GET"]}}],"collection":[{"href":"https:\/\/e.kosmolat.eu\/lt\/wp-json\/wp\/v2\/product"}],"about":[{"href":"https:\/\/e.kosmolat.eu\/lt\/wp-json\/wp\/v2\/types\/product"}],"wp:featuredmedia":[{"embeddable":true,"href":"https:\/\/e.kosmolat.eu\/lt\/wp-json\/wp\/v2\/media\/79030"}],"wp:attachment":[{"href":"https:\/\/e.kosmolat.eu\/lt\/wp-json\/wp\/v2\/media?parent=32677"}],"wp:term":[{"taxonomy":"product_cat","embeddable":true,"href":"https:\/\/e.kosmolat.eu\/lt\/wp-json\/wp\/v2\/product_cat?post=32677"},{"taxonomy":"product_tag","embeddable":true,"href":"https:\/\/e.kosmolat.eu\/lt\/wp-json\/wp\/v2\/product_tag?post=32677"}],"curies":[{"name":"wp","href":"https:\/\/api.w.org\/{rel}","templated":true}]}}