{"id":32673,"date":"2023-12-21T17:28:33","date_gmt":"2023-12-21T17:28:33","guid":{"rendered":"https:\/\/e.kosmolat.eu\/product\/dd-dadzu-ella-pret-matu-izkrisanu-100-ml\/"},"modified":"2026-04-23T13:25:55","modified_gmt":"2026-04-23T13:25:55","slug":"the-dr-hc-dadzu-ella-pret-matu-izkrisanu-100-ml","status":"publish","type":"product","link":"https:\/\/e.kosmolat.eu\/lt\/produktas\/the-dr-hc-dadzu-ella-pret-matu-izkrisanu-100-ml\/","title":{"rendered":"THE DOCTOR HEALTH &#038; CARE Varnal\u0117\u0161\u0173 aliejus Nuo plauk\u0173 slinkimo, 100 ml"},"content":{"rendered":"<p>Puikiai \u012fsigeria \u012f od\u0105 ir sustabdo nusilpusi\u0173 plauk\u0173 slinkim\u0105. Gr\u0105\u017eina plaukams gyvybingum\u0105 ir blizges\u012f, pa&scaron;alina dulksvum\u0105 ir galiuk\u0173 &scaron;akojimas\u012f. Plaukai tampa stipr\u016bs, tank\u016bs, gra\u017e\u016bs.&nbsp;<\/p>\n<p>NAUDOJIMO B\u016aDAS: Varnal\u0117&scaron;\u0173 aliej\u0173 (&scaron;ilt\u0105) u\u017etepti ant paluk\u0173 &scaron;akn\u0173, po 20-30 minu\u010di\u0173 i&scaron;plauti plaukus &scaron;amp\u016bnu. Proced\u016br\u0105 kartoti 1-2 kartus per savait\u0119.<\/p>\n<p>LAIKYMO S\u0104LYGOS: nuo +5&deg;C iki +25&deg;C.<\/p>\n","protected":false},"excerpt":{"rendered":"<p>Puikiai \u012fsigeria \u012f od\u0105 ir sustabdo nusilpusi\u0173 plauk\u0173 slinkim\u0105. Gr\u0105\u017eina plaukams gyvybingum\u0105 ir blizges\u012f, pa&scaron;alina dulksvum\u0105 ir galiuk\u0173 &scaron;akojimas\u012f. Plaukai tampa stipr\u016bs, tank\u016bs, gra\u017e\u016bs.&nbsp; NAUDOJIMO B\u016aDAS: Varnal\u0117&scaron;\u0173 aliej\u0173 (&scaron;ilt\u0105) u\u017etepti ant paluk\u0173 &scaron;akn\u0173, po 20-30 minu\u010di\u0173 i&scaron;plauti plaukus &scaron;amp\u016bnu. Proced\u016br\u0105 kartoti 1-2 kartus per savait\u0119. LAIKYMO S\u0104LYGOS: nuo +5&deg;C iki +25&deg;C.<\/p>\n","protected":false},"featured_media":79026,"template":"","meta":[],"product_cat":[1345],"product_tag":[],"class_list":{"0":"post-32673","1":"product","2":"type-product","3":"status-publish","4":"has-post-thumbnail","6":"product_brand-elfa_ua-lt","7":"product_cat-kitos-plauku-prieziuros-priemones","9":"first","10":"instock","11":"taxable","12":"shipping-taxable","13":"product-type-simple"},"_links":{"self":[{"href":"https:\/\/e.kosmolat.eu\/lt\/wp-json\/wp\/v2\/product\/32673","targetHints":{"allow":["GET"]}}],"collection":[{"href":"https:\/\/e.kosmolat.eu\/lt\/wp-json\/wp\/v2\/product"}],"about":[{"href":"https:\/\/e.kosmolat.eu\/lt\/wp-json\/wp\/v2\/types\/product"}],"wp:featuredmedia":[{"embeddable":true,"href":"https:\/\/e.kosmolat.eu\/lt\/wp-json\/wp\/v2\/media\/79026"}],"wp:attachment":[{"href":"https:\/\/e.kosmolat.eu\/lt\/wp-json\/wp\/v2\/media?parent=32673"}],"wp:term":[{"taxonomy":"product_cat","embeddable":true,"href":"https:\/\/e.kosmolat.eu\/lt\/wp-json\/wp\/v2\/product_cat?post=32673"},{"taxonomy":"product_tag","embeddable":true,"href":"https:\/\/e.kosmolat.eu\/lt\/wp-json\/wp\/v2\/product_tag?post=32673"}],"curies":[{"name":"wp","href":"https:\/\/api.w.org\/{rel}","templated":true}]}}