{"id":32665,"date":"2023-12-21T17:27:58","date_gmt":"2023-12-21T17:27:58","guid":{"rendered":"https:\/\/e.kosmolat.eu\/product\/dd-krems-kajam-zirgkastanis-un-lauka-kosa-250-ml\/"},"modified":"2026-04-23T11:42:10","modified_gmt":"2026-04-23T11:42:10","slug":"dd-krems-kajam-zirgkastanis-un-lauka-kosa-250-ml","status":"publish","type":"product","link":"https:\/\/e.kosmolat.eu\/lt\/produktas\/dd-krems-kajam-zirgkastanis-un-lauka-kosa-250-ml\/","title":{"rendered":"DOMA\u0160NIJ DOKTOR Kremas kojoms ka\u0161tonas ir asi\u016bklis 250ml"},"content":{"rendered":"<p>Suteikia lengvumo poj\u016bt\u012f. Didina tonus\u0105 venose, stiprina kapiliarus. Apsaugo nuo skys\u010di\u0173 kaupimosi audiniuose, nuo edemos, suteikia p\u0117doms komforto jausm\u0105.<\/p>\n<p>NAUDOJIMAS: tepkite ant \u0161varios, sausos odos.<\/p>\n<p>Laikymo s\u0105lygos: +5 iki +25\u00b0C.<\/p>\n","protected":false},"excerpt":{"rendered":"<p>Suteikia lengvumo poj\u016bt\u012f. Didina tonus\u0105 venose, stiprina kapiliarus. Apsaugo nuo skys\u010di\u0173 kaupimosi audiniuose, nuo edemos, suteikia p\u0117doms komforto jausm\u0105. NAUDOJIMAS: tepkite ant \u0161varios, sausos odos. Laikymo s\u0105lygos: +5 iki +25\u00b0C.<\/p>\n","protected":false},"featured_media":79746,"template":"","meta":[],"product_cat":[1763],"product_tag":[],"class_list":{"0":"post-32665","1":"product","2":"type-product","3":"status-publish","4":"has-post-thumbnail","6":"product_brand-elfa_ua-lt","7":"product_cat-koju-prieziuros-kosmetika","9":"first","10":"instock","11":"taxable","12":"shipping-taxable","13":"product-type-simple"},"_links":{"self":[{"href":"https:\/\/e.kosmolat.eu\/lt\/wp-json\/wp\/v2\/product\/32665","targetHints":{"allow":["GET"]}}],"collection":[{"href":"https:\/\/e.kosmolat.eu\/lt\/wp-json\/wp\/v2\/product"}],"about":[{"href":"https:\/\/e.kosmolat.eu\/lt\/wp-json\/wp\/v2\/types\/product"}],"wp:featuredmedia":[{"embeddable":true,"href":"https:\/\/e.kosmolat.eu\/lt\/wp-json\/wp\/v2\/media\/79746"}],"wp:attachment":[{"href":"https:\/\/e.kosmolat.eu\/lt\/wp-json\/wp\/v2\/media?parent=32665"}],"wp:term":[{"taxonomy":"product_cat","embeddable":true,"href":"https:\/\/e.kosmolat.eu\/lt\/wp-json\/wp\/v2\/product_cat?post=32665"},{"taxonomy":"product_tag","embeddable":true,"href":"https:\/\/e.kosmolat.eu\/lt\/wp-json\/wp\/v2\/product_tag?post=32665"}],"curies":[{"name":"wp","href":"https:\/\/api.w.org\/{rel}","templated":true}]}}