{"id":32661,"date":"2023-12-21T17:27:39","date_gmt":"2023-12-21T17:27:39","guid":{"rendered":"https:\/\/e.kosmolat.eu\/product\/dd-krems-kajam-ozola-miza-un-valrieksta-ekstrakts-250-ml\/"},"modified":"2026-04-22T13:31:39","modified_gmt":"2026-04-22T13:31:39","slug":"dd-krems-kajam-ozola-miza-un-valrieksta-ekstrakts-250-ml","status":"publish","type":"product","link":"https:\/\/e.kosmolat.eu\/lt\/produktas\/dd-krems-kajam-ozola-miza-un-valrieksta-ekstrakts-250-ml\/","title":{"rendered":"THE DOCTOR HEALTH &#038; CARE Koj\u0173 kremas (a\u017euolo \u017eiev\u0117s ir graikini\u0173 rie\u0161ut\u0173 ekstraktais 250ml"},"content":{"rendered":"<p>\nKremas padeda i\u0161laikyti sveik\u0105 od\u0105, suteikia \u0161velnum\u0105. Ma\u017eina nuovarg\u012f, prakaitavim\u0105. Tonizuoja.<\/p>\n<p>NAUDOJIMAS:tepkite ant \u0161varios, sausos odos.<\/p>\n<p>Laikymo s\u0105lygos: +5 iki +25 \u00b0 C.<\/p>\n","protected":false},"excerpt":{"rendered":"<p>Kremas padeda i\u0161laikyti sveik\u0105 od\u0105, suteikia \u0161velnum\u0105. Ma\u017eina nuovarg\u012f, prakaitavim\u0105. Tonizuoja. NAUDOJIMAS:tepkite ant \u0161varios, sausos odos. Laikymo s\u0105lygos: +5 iki +25 \u00b0 C.<\/p>\n","protected":false},"featured_media":79742,"template":"","meta":[],"product_cat":[2181],"product_tag":[],"class_list":{"0":"post-32661","1":"product","2":"type-product","3":"status-publish","4":"has-post-thumbnail","6":"product_brand-elfa_ua-lt","7":"product_cat-bez-kategorijas-lt","9":"first","10":"instock","11":"taxable","12":"shipping-taxable","13":"product-type-simple"},"_links":{"self":[{"href":"https:\/\/e.kosmolat.eu\/lt\/wp-json\/wp\/v2\/product\/32661","targetHints":{"allow":["GET"]}}],"collection":[{"href":"https:\/\/e.kosmolat.eu\/lt\/wp-json\/wp\/v2\/product"}],"about":[{"href":"https:\/\/e.kosmolat.eu\/lt\/wp-json\/wp\/v2\/types\/product"}],"wp:featuredmedia":[{"embeddable":true,"href":"https:\/\/e.kosmolat.eu\/lt\/wp-json\/wp\/v2\/media\/79742"}],"wp:attachment":[{"href":"https:\/\/e.kosmolat.eu\/lt\/wp-json\/wp\/v2\/media?parent=32661"}],"wp:term":[{"taxonomy":"product_cat","embeddable":true,"href":"https:\/\/e.kosmolat.eu\/lt\/wp-json\/wp\/v2\/product_cat?post=32661"},{"taxonomy":"product_tag","embeddable":true,"href":"https:\/\/e.kosmolat.eu\/lt\/wp-json\/wp\/v2\/product_tag?post=32661"}],"curies":[{"name":"wp","href":"https:\/\/api.w.org\/{rel}","templated":true}]}}