{"id":32657,"date":"2023-12-21T17:27:17","date_gmt":"2023-12-21T17:27:17","guid":{"rendered":"https:\/\/e.kosmolat.eu\/product\/dd-krems-pedu-plaisu-profilaksei-42-ml\/"},"modified":"2026-04-22T10:33:34","modified_gmt":"2026-04-22T10:33:34","slug":"the-dr-hc-krems-pedu-plaisu-profilaksei-42-ml","status":"publish","type":"product","link":"https:\/\/e.kosmolat.eu\/lt\/produktas\/the-dr-hc-krems-pedu-plaisu-profilaksei-42-ml\/","title":{"rendered":"THE DOCTOR HEALTH &#038; CARE Kremas nuo \u012fskilim\u0173 ant p\u0117d\u0173 su kvapi\u0105ja kalizija, 42 ml"},"content":{"rendered":"<p>I&scaron;saugos p\u0117d\u0173 od\u0105 sveik\u0105, mink&scaron;t\u0105, be skausming\u0173 \u012fskilim\u0173. Atkuriamasis poveikis, oda tampa &scaron;velni, yra dr\u0117kinama, tampa lygi ir maloni.<\/p>\n<p><strong>Naudojimo b\u016bdas:<\/strong>&nbsp;U\u017etepti ant &scaron;varios, sausos rank\u0173 odos.<\/p>\n<p><strong>Laikymo s\u0105lygos:<\/strong> nuo +5 &deg; C iki +25 &deg; C.<\/p>\n","protected":false},"excerpt":{"rendered":"<p>I&scaron;saugos p\u0117d\u0173 od\u0105 sveik\u0105, mink&scaron;t\u0105, be skausming\u0173 \u012fskilim\u0173. Atkuriamasis poveikis, oda tampa &scaron;velni, yra dr\u0117kinama, tampa lygi ir maloni. Naudojimo b\u016bdas:&nbsp;U\u017etepti ant &scaron;varios, sausos rank\u0173 odos. Laikymo s\u0105lygos: nuo +5 &deg; C iki +25 &deg; C.<\/p>\n","protected":false},"featured_media":79046,"template":"","meta":[],"product_cat":[2181],"product_tag":[],"class_list":{"0":"post-32657","1":"product","2":"type-product","3":"status-publish","4":"has-post-thumbnail","6":"product_brand-elfa_ua-lt","7":"product_cat-bez-kategorijas-lt","9":"first","10":"instock","11":"taxable","12":"shipping-taxable","13":"product-type-simple"},"_links":{"self":[{"href":"https:\/\/e.kosmolat.eu\/lt\/wp-json\/wp\/v2\/product\/32657","targetHints":{"allow":["GET"]}}],"collection":[{"href":"https:\/\/e.kosmolat.eu\/lt\/wp-json\/wp\/v2\/product"}],"about":[{"href":"https:\/\/e.kosmolat.eu\/lt\/wp-json\/wp\/v2\/types\/product"}],"wp:featuredmedia":[{"embeddable":true,"href":"https:\/\/e.kosmolat.eu\/lt\/wp-json\/wp\/v2\/media\/79046"}],"wp:attachment":[{"href":"https:\/\/e.kosmolat.eu\/lt\/wp-json\/wp\/v2\/media?parent=32657"}],"wp:term":[{"taxonomy":"product_cat","embeddable":true,"href":"https:\/\/e.kosmolat.eu\/lt\/wp-json\/wp\/v2\/product_cat?post=32657"},{"taxonomy":"product_tag","embeddable":true,"href":"https:\/\/e.kosmolat.eu\/lt\/wp-json\/wp\/v2\/product_tag?post=32657"}],"curies":[{"name":"wp","href":"https:\/\/api.w.org\/{rel}","templated":true}]}}