{"id":32653,"date":"2023-12-21T17:26:55","date_gmt":"2023-12-21T17:26:55","guid":{"rendered":"https:\/\/e.kosmolat.eu\/product\/dd-krems-varzacu-pedu-saciet-profilaksei-42-ml\/"},"modified":"2026-04-23T11:41:57","modified_gmt":"2026-04-23T11:41:57","slug":"the-dr-hc-krems-varzacu-pedu-saciet-profilaksei-42-ml","status":"publish","type":"product","link":"https:\/\/e.kosmolat.eu\/lt\/produktas\/the-dr-hc-krems-varzacu-pedu-saciet-profilaksei-42-ml\/","title":{"rendered":"THE DOCTOR HEALTH &#038; CARE Kremas nuospaud\u0173 profilaktikai, 42 ml"},"content":{"rendered":"<p>Su bi\u010di\u0173 va\u0161ku ir balt\u0173j\u0173  gluosni\u0173 \u017eiev\u0117s ekstraktu. Dermatologi\u0161kai patikrintas.<\/p>\n<p>Naudojimas: tepkite ant sausos, \u0161varios kuln\u0173 odos.<\/p>\n<p>Atsargumo priemon\u0117s: gali pasireik\u0161ti individualus jautrumas atskiriems komponentams.<\/p>\n<p>Laikymo s\u0105lygos: nuo +5\u00b0C c iki +25 \u00b0C.<\/p>\n","protected":false},"excerpt":{"rendered":"<p>Su bi\u010di\u0173 va\u0161ku ir balt\u0173j\u0173 gluosni\u0173 \u017eiev\u0117s ekstraktu. Dermatologi\u0161kai patikrintas. Naudojimas: tepkite ant sausos, \u0161varios kuln\u0173 odos. Atsargumo priemon\u0117s: gali pasireik\u0161ti individualus jautrumas atskiriems komponentams. Laikymo s\u0105lygos: nuo +5\u00b0C c iki +25 \u00b0C.<\/p>\n","protected":false},"featured_media":79042,"template":"","meta":[],"product_cat":[1763],"product_tag":[],"class_list":{"0":"post-32653","1":"product","2":"type-product","3":"status-publish","4":"has-post-thumbnail","6":"product_brand-elfa_ua-lt","7":"product_cat-koju-prieziuros-kosmetika","9":"first","10":"instock","11":"taxable","12":"shipping-taxable","13":"product-type-simple"},"_links":{"self":[{"href":"https:\/\/e.kosmolat.eu\/lt\/wp-json\/wp\/v2\/product\/32653","targetHints":{"allow":["GET"]}}],"collection":[{"href":"https:\/\/e.kosmolat.eu\/lt\/wp-json\/wp\/v2\/product"}],"about":[{"href":"https:\/\/e.kosmolat.eu\/lt\/wp-json\/wp\/v2\/types\/product"}],"wp:featuredmedia":[{"embeddable":true,"href":"https:\/\/e.kosmolat.eu\/lt\/wp-json\/wp\/v2\/media\/79042"}],"wp:attachment":[{"href":"https:\/\/e.kosmolat.eu\/lt\/wp-json\/wp\/v2\/media?parent=32653"}],"wp:term":[{"taxonomy":"product_cat","embeddable":true,"href":"https:\/\/e.kosmolat.eu\/lt\/wp-json\/wp\/v2\/product_cat?post=32653"},{"taxonomy":"product_tag","embeddable":true,"href":"https:\/\/e.kosmolat.eu\/lt\/wp-json\/wp\/v2\/product_tag?post=32653"}],"curies":[{"name":"wp","href":"https:\/\/api.w.org\/{rel}","templated":true}]}}