{"id":32649,"date":"2023-12-21T17:26:33","date_gmt":"2023-12-21T17:26:33","guid":{"rendered":"https:\/\/e.kosmolat.eu\/product\/dd-sejas-krems-medus-un-smiltserkskis-250-ml\/"},"modified":"2026-04-22T14:06:27","modified_gmt":"2026-04-22T14:06:27","slug":"dd-sejas-krems-medus-un-smiltserkskis-250-ml","status":"publish","type":"product","link":"https:\/\/e.kosmolat.eu\/lt\/produktas\/dd-sejas-krems-medus-un-smiltserkskis-250-ml\/","title":{"rendered":"DOMASNIJ DOKTOR Veido kremas Medus &#038; \u0161altalankiai, 250 ml"},"content":{"rendered":"<p>Kremas atstato odos elastingum\u0105, stangrum\u0105, ma\u017eina nuovargio po\u017eymius. Gaivina ir pa&scaron;alina nedidelius odos pa\u017eeidimus. Maitina ir dr\u0117kina, turi prie&scaron;u\u017edegimin\u012f poveik\u012f.<\/p>\n<p><strong>Naudojimo b\u016bdas:<\/strong>&nbsp;tepti ant sausos ir &scaron;varios odos.<\/p>\n<p><strong>Laikymo s\u0105lygos:<\/strong> +5 iki +25 &deg; C.<\/p>\n","protected":false},"excerpt":{"rendered":"<p>Kremas atstato odos elastingum\u0105, stangrum\u0105, ma\u017eina nuovargio po\u017eymius. Gaivina ir pa&scaron;alina nedidelius odos pa\u017eeidimus. Maitina ir dr\u0117kina, turi prie&scaron;u\u017edegimin\u012f poveik\u012f. Naudojimo b\u016bdas:&nbsp;tepti ant sausos ir &scaron;varios odos. Laikymo s\u0105lygos: +5 iki +25 &deg; C.<\/p>\n","protected":false},"featured_media":79670,"template":"","meta":[],"product_cat":[2181],"product_tag":[],"class_list":{"0":"post-32649","1":"product","2":"type-product","3":"status-publish","4":"has-post-thumbnail","6":"product_brand-elfa_ua-lt","7":"product_cat-bez-kategorijas-lt","9":"first","10":"instock","11":"taxable","12":"shipping-taxable","13":"product-type-simple"},"_links":{"self":[{"href":"https:\/\/e.kosmolat.eu\/lt\/wp-json\/wp\/v2\/product\/32649","targetHints":{"allow":["GET"]}}],"collection":[{"href":"https:\/\/e.kosmolat.eu\/lt\/wp-json\/wp\/v2\/product"}],"about":[{"href":"https:\/\/e.kosmolat.eu\/lt\/wp-json\/wp\/v2\/types\/product"}],"wp:featuredmedia":[{"embeddable":true,"href":"https:\/\/e.kosmolat.eu\/lt\/wp-json\/wp\/v2\/media\/79670"}],"wp:attachment":[{"href":"https:\/\/e.kosmolat.eu\/lt\/wp-json\/wp\/v2\/media?parent=32649"}],"wp:term":[{"taxonomy":"product_cat","embeddable":true,"href":"https:\/\/e.kosmolat.eu\/lt\/wp-json\/wp\/v2\/product_cat?post=32649"},{"taxonomy":"product_tag","embeddable":true,"href":"https:\/\/e.kosmolat.eu\/lt\/wp-json\/wp\/v2\/product_tag?post=32649"}],"curies":[{"name":"wp","href":"https:\/\/api.w.org\/{rel}","templated":true}]}}