{"id":32645,"date":"2023-12-21T17:26:12","date_gmt":"2023-12-21T17:26:12","guid":{"rendered":"https:\/\/e.kosmolat.eu\/product\/dd-sejas-krems-alveja-un-zensens-250-ml\/"},"modified":"2026-04-20T07:46:07","modified_gmt":"2026-04-20T07:46:07","slug":"the-dr-hc-sejas-krems-alveja-un-zensens-3-in-1-250-ml","status":"publish","type":"product","link":"https:\/\/e.kosmolat.eu\/lt\/produktas\/the-dr-hc-sejas-krems-alveja-un-zensens-3-in-1-250-ml\/","title":{"rendered":"THE DOCTOR HEALTH &#038; CARE Veido kremas alavijas ir \u017een\u0161enis 3 in 1, 250 ml"},"content":{"rendered":"<p>Tinka visiems odos tipams, ypa\u010d rekomenduojama sausai odai. Sud\u0117tyje yra dr\u0117kinamieji ingredientai apsaugantys nuo i&scaron;saus\u0117jimo, oda i&scaron;laiko &scaron;vie\u017eum\u0105, &scaron;velnum\u0105 ir elastingum\u0105. Tonizuoja ir stimuliuoja l\u0105steli\u0173 atsinaujinim\u0105, dr\u0117kina,stabdo odos sen\u0117jim\u0105.<\/p>\n<p><strong>Naudojimas:<\/strong> tepti ant sausos ir &scaron;varios odos.  Laikymo s\u0105lygos: +5 iki +25 &deg; C.<\/p>\n<p><strong>\u012esp\u0117jimas<\/strong><strong>:<\/strong> sud\u0117tyje yra vitamino A. Prie&scaron; naudojant atsi\u017evelgti \u012f paros doz\u0119.<\/p>\n","protected":false},"excerpt":{"rendered":"<p>Tinka visiems odos tipams, ypa\u010d rekomenduojama sausai odai. Sud\u0117tyje yra dr\u0117kinamieji ingredientai apsaugantys nuo i&scaron;saus\u0117jimo, oda i&scaron;laiko &scaron;vie\u017eum\u0105, &scaron;velnum\u0105 ir elastingum\u0105. Tonizuoja ir stimuliuoja l\u0105steli\u0173 atsinaujinim\u0105, dr\u0117kina,stabdo odos sen\u0117jim\u0105. Naudojimas: tepti ant sausos ir &scaron;varios odos. Laikymo s\u0105lygos: +5 iki +25 &deg; C. \u012esp\u0117jimas: sud\u0117tyje yra vitamino A. Prie&scaron; naudojant atsi\u017evelgti \u012f paros doz\u0119.<\/p>\n","protected":false},"featured_media":79666,"template":"","meta":[],"product_cat":[1322],"product_tag":[],"class_list":{"0":"post-32645","1":"product","2":"type-product","3":"status-publish","4":"has-post-thumbnail","6":"product_brand-elfa_ua-lt","7":"product_cat-veido-kremai","9":"first","10":"instock","11":"taxable","12":"shipping-taxable","13":"product-type-simple"},"_links":{"self":[{"href":"https:\/\/e.kosmolat.eu\/lt\/wp-json\/wp\/v2\/product\/32645","targetHints":{"allow":["GET"]}}],"collection":[{"href":"https:\/\/e.kosmolat.eu\/lt\/wp-json\/wp\/v2\/product"}],"about":[{"href":"https:\/\/e.kosmolat.eu\/lt\/wp-json\/wp\/v2\/types\/product"}],"wp:featuredmedia":[{"embeddable":true,"href":"https:\/\/e.kosmolat.eu\/lt\/wp-json\/wp\/v2\/media\/79666"}],"wp:attachment":[{"href":"https:\/\/e.kosmolat.eu\/lt\/wp-json\/wp\/v2\/media?parent=32645"}],"wp:term":[{"taxonomy":"product_cat","embeddable":true,"href":"https:\/\/e.kosmolat.eu\/lt\/wp-json\/wp\/v2\/product_cat?post=32645"},{"taxonomy":"product_tag","embeddable":true,"href":"https:\/\/e.kosmolat.eu\/lt\/wp-json\/wp\/v2\/product_tag?post=32645"}],"curies":[{"name":"wp","href":"https:\/\/api.w.org\/{rel}","templated":true}]}}