{"id":32641,"date":"2023-12-21T17:25:51","date_gmt":"2023-12-21T17:25:51","guid":{"rendered":"https:\/\/e.kosmolat.eu\/product\/dd-sejas-krems-kumelite-un-timians-250-ml\/"},"modified":"2026-04-22T10:32:22","modified_gmt":"2026-04-22T10:32:22","slug":"dd-sejas-krems-kumelite-un-timians-250-ml","status":"publish","type":"product","link":"https:\/\/e.kosmolat.eu\/lt\/produktas\/dd-sejas-krems-kumelite-un-timians-250-ml\/","title":{"rendered":"DOMASNIJ DOKTOR Veido kremas ramun\u0117l\u0117s ir \u010diobreliai, 250ml"},"content":{"rendered":"<p>Ramina od\u0105, suteikia \u0161velnum\u0105.  Veiksminga priemon\u0117 sudirgusiai odai.  Turi antiseptin\u012f, prie\u0161u\u017edegimin\u012f ir tonizuojant\u012f poveik\u012f.<\/p>\n<p>NAUDOJIMAS: tepti ant sausos ir \u0161varios odos.<\/p>\n<p>Laikymo s\u0105lygos: +5 iki +25 \u00b0 C.<\/p>\n","protected":false},"excerpt":{"rendered":"<p>Ramina od\u0105, suteikia \u0161velnum\u0105. Veiksminga priemon\u0117 sudirgusiai odai. Turi antiseptin\u012f, prie\u0161u\u017edegimin\u012f ir tonizuojant\u012f poveik\u012f. NAUDOJIMAS: tepti ant sausos ir \u0161varios odos. Laikymo s\u0105lygos: +5 iki +25 \u00b0 C.<\/p>\n","protected":false},"featured_media":79662,"template":"","meta":[],"product_cat":[2181],"product_tag":[],"class_list":{"0":"post-32641","1":"product","2":"type-product","3":"status-publish","4":"has-post-thumbnail","6":"product_brand-elfa_ua-lt","7":"product_cat-bez-kategorijas-lt","9":"first","10":"instock","11":"taxable","12":"shipping-taxable","13":"product-type-simple"},"_links":{"self":[{"href":"https:\/\/e.kosmolat.eu\/lt\/wp-json\/wp\/v2\/product\/32641","targetHints":{"allow":["GET"]}}],"collection":[{"href":"https:\/\/e.kosmolat.eu\/lt\/wp-json\/wp\/v2\/product"}],"about":[{"href":"https:\/\/e.kosmolat.eu\/lt\/wp-json\/wp\/v2\/types\/product"}],"wp:featuredmedia":[{"embeddable":true,"href":"https:\/\/e.kosmolat.eu\/lt\/wp-json\/wp\/v2\/media\/79662"}],"wp:attachment":[{"href":"https:\/\/e.kosmolat.eu\/lt\/wp-json\/wp\/v2\/media?parent=32641"}],"wp:term":[{"taxonomy":"product_cat","embeddable":true,"href":"https:\/\/e.kosmolat.eu\/lt\/wp-json\/wp\/v2\/product_cat?post=32641"},{"taxonomy":"product_tag","embeddable":true,"href":"https:\/\/e.kosmolat.eu\/lt\/wp-json\/wp\/v2\/product_tag?post=32641"}],"curies":[{"name":"wp","href":"https:\/\/api.w.org\/{rel}","templated":true}]}}