{"id":32637,"date":"2023-12-21T17:25:31","date_gmt":"2023-12-21T17:25:31","guid":{"rendered":"https:\/\/e.kosmolat.eu\/product\/dd-sejas-krems-smiltserkiskis-pretgrumbu-42-ml\/"},"modified":"2026-04-22T13:29:24","modified_gmt":"2026-04-22T13:29:24","slug":"the-dr-hc-sejas-krems-smiltserkiskis-pretgrumbu-42-ml","status":"publish","type":"product","link":"https:\/\/e.kosmolat.eu\/lt\/produktas\/the-dr-hc-sejas-krems-smiltserkiskis-pretgrumbu-42-ml\/","title":{"rendered":"DOMA\u0160NIJ DOKTOR Veido kremas nuo rauk\u0161li\u0173 su \u0161altalankiu, 42 ml"},"content":{"rendered":"<p>Kremas maitina, mink\u0161tina od\u0105, pa\u0161alina nuovargio p\u0117dsakus. Prisotina oda vitaminu A, palaipsniui i\u0161lygina rauk\u0161les, daro jas ma\u017eiau pastebimas. Apsaugo l\u0105steles nuo \u017ealingo laisv\u0173j\u0173 radikal\u0173 poveikio, u\u017ekerta keli\u0105 nauj\u0173 rauk\u0161leli\u0173 atsiradimui.<\/p>\n<p>NAUDOJIMO B\u016aDAS: U\u017etepti ant sausos, \u0161varios odos.<\/p>\n<p>LAIKYMO S\u0104LYGOS: nuo +5 \u00b0 C iki +25 \u00b0 C.<\/p>\n","protected":false},"excerpt":{"rendered":"<p>Kremas maitina, mink\u0161tina od\u0105, pa\u0161alina nuovargio p\u0117dsakus. Prisotina oda vitaminu A, palaipsniui i\u0161lygina rauk\u0161les, daro jas ma\u017eiau pastebimas. Apsaugo l\u0105steles nuo \u017ealingo laisv\u0173j\u0173 radikal\u0173 poveikio, u\u017ekerta keli\u0105 nauj\u0173 rauk\u0161leli\u0173 atsiradimui. NAUDOJIMO B\u016aDAS: U\u017etepti ant sausos, \u0161varios odos. LAIKYMO S\u0104LYGOS: nuo +5 \u00b0 C iki +25 \u00b0 C.<\/p>\n","protected":false},"featured_media":79014,"template":"","meta":[],"product_cat":[2181],"product_tag":[],"class_list":{"0":"post-32637","1":"product","2":"type-product","3":"status-publish","4":"has-post-thumbnail","6":"product_brand-elfa_ua-lt","7":"product_cat-bez-kategorijas-lt","9":"first","10":"instock","11":"taxable","12":"shipping-taxable","13":"product-type-simple"},"_links":{"self":[{"href":"https:\/\/e.kosmolat.eu\/lt\/wp-json\/wp\/v2\/product\/32637","targetHints":{"allow":["GET"]}}],"collection":[{"href":"https:\/\/e.kosmolat.eu\/lt\/wp-json\/wp\/v2\/product"}],"about":[{"href":"https:\/\/e.kosmolat.eu\/lt\/wp-json\/wp\/v2\/types\/product"}],"wp:featuredmedia":[{"embeddable":true,"href":"https:\/\/e.kosmolat.eu\/lt\/wp-json\/wp\/v2\/media\/79014"}],"wp:attachment":[{"href":"https:\/\/e.kosmolat.eu\/lt\/wp-json\/wp\/v2\/media?parent=32637"}],"wp:term":[{"taxonomy":"product_cat","embeddable":true,"href":"https:\/\/e.kosmolat.eu\/lt\/wp-json\/wp\/v2\/product_cat?post=32637"},{"taxonomy":"product_tag","embeddable":true,"href":"https:\/\/e.kosmolat.eu\/lt\/wp-json\/wp\/v2\/product_tag?post=32637"}],"curies":[{"name":"wp","href":"https:\/\/api.w.org\/{rel}","templated":true}]}}