{"id":32633,"date":"2023-12-21T17:25:12","date_gmt":"2023-12-21T17:25:12","guid":{"rendered":"https:\/\/e.kosmolat.eu\/product\/dd-sejas-krems-klingerite-barojoss-42-ml\/"},"modified":"2026-04-22T10:31:55","modified_gmt":"2026-04-22T10:31:55","slug":"the-dr-hc-sejas-krems-klingerite-barojoss-42-ml","status":"publish","type":"product","link":"https:\/\/e.kosmolat.eu\/lt\/produktas\/the-dr-hc-sejas-krems-klingerite-barojoss-42-ml\/","title":{"rendered":"THE DOCTOR HEALTH &#038; CARE Maitinamasis veido kremas su vaistine medetka, 42 ml"},"content":{"rendered":"<p>Skirtas kasdieninei veido odos prie\u017ei\u016brai.<\/p>\n<p>Pa\u0161alina sudirgim\u0105 ir u\u017edegim\u0105. A,E vitaminai. Oda tampa \u0161velni, lygi, stangri. Atrodo gaiviai, i\u0161saugo savo gro\u017e\u012f.<\/p>\n<p>NAUDOJIMO B\u016aDAS: U\u017etepti ant \u0161varios, sausos veido odos.<\/p>\n<p>AIKYMO S\u0104LYGOS: nuo +5 \u00b0 C iki +25 \u00b0 C.<\/p>\n","protected":false},"excerpt":{"rendered":"<p>Skirtas kasdieninei veido odos prie\u017ei\u016brai. Pa\u0161alina sudirgim\u0105 ir u\u017edegim\u0105. A,E vitaminai. Oda tampa \u0161velni, lygi, stangri. Atrodo gaiviai, i\u0161saugo savo gro\u017e\u012f. NAUDOJIMO B\u016aDAS: U\u017etepti ant \u0161varios, sausos veido odos. AIKYMO S\u0104LYGOS: nuo +5 \u00b0 C iki +25 \u00b0 C.<\/p>\n","protected":false},"featured_media":79010,"template":"","meta":[],"product_cat":[2181],"product_tag":[],"class_list":{"0":"post-32633","1":"product","2":"type-product","3":"status-publish","4":"has-post-thumbnail","6":"product_brand-elfa_ua-lt","7":"product_cat-bez-kategorijas-lt","9":"first","10":"instock","11":"taxable","12":"shipping-taxable","13":"product-type-simple"},"_links":{"self":[{"href":"https:\/\/e.kosmolat.eu\/lt\/wp-json\/wp\/v2\/product\/32633","targetHints":{"allow":["GET"]}}],"collection":[{"href":"https:\/\/e.kosmolat.eu\/lt\/wp-json\/wp\/v2\/product"}],"about":[{"href":"https:\/\/e.kosmolat.eu\/lt\/wp-json\/wp\/v2\/types\/product"}],"wp:featuredmedia":[{"embeddable":true,"href":"https:\/\/e.kosmolat.eu\/lt\/wp-json\/wp\/v2\/media\/79010"}],"wp:attachment":[{"href":"https:\/\/e.kosmolat.eu\/lt\/wp-json\/wp\/v2\/media?parent=32633"}],"wp:term":[{"taxonomy":"product_cat","embeddable":true,"href":"https:\/\/e.kosmolat.eu\/lt\/wp-json\/wp\/v2\/product_cat?post=32633"},{"taxonomy":"product_tag","embeddable":true,"href":"https:\/\/e.kosmolat.eu\/lt\/wp-json\/wp\/v2\/product_tag?post=32633"}],"curies":[{"name":"wp","href":"https:\/\/api.w.org\/{rel}","templated":true}]}}