{"id":32629,"date":"2023-12-21T17:24:52","date_gmt":"2023-12-21T17:24:52","guid":{"rendered":"https:\/\/e.kosmolat.eu\/product\/dd-sejas-krems-zensens-atjaunojoss-42-ml\/"},"modified":"2026-04-22T10:31:40","modified_gmt":"2026-04-22T10:31:40","slug":"the-dr-hc-sejas-krems-zensens-atjaunojoss-42-ml","status":"publish","type":"product","link":"https:\/\/e.kosmolat.eu\/lt\/produktas\/the-dr-hc-sejas-krems-zensens-atjaunojoss-42-ml\/","title":{"rendered":"THE DOCTOR HEALTH &#038; CARE Jauninantis veido kremas su \u017een\u0161eniu, 42 ml"},"content":{"rendered":"<p>Gr\u0105\u017eina odai stangrum\u0105, elastingum\u0105 ir gaivum\u0105. U\u017ekerta keli\u0105 rauk&scaron;li\u0173 atsiradimui. Dingsta nuovargio p\u0117dsakai. Kremas slopina odos suglebim\u0105 ir sen\u0117jim\u0105.<\/p>\n<p><strong>Naudojimo b\u016bdas:&nbsp;<\/strong>U\u017etepti ant &scaron;varios, sausos veido odos.<\/p>\n<p><strong>Laikymo s\u0105lygos: <\/strong>nuo +5 &deg; C iki +25 &deg; C.<\/p>\n","protected":false},"excerpt":{"rendered":"<p>Gr\u0105\u017eina odai stangrum\u0105, elastingum\u0105 ir gaivum\u0105. U\u017ekerta keli\u0105 rauk&scaron;li\u0173 atsiradimui. Dingsta nuovargio p\u0117dsakai. Kremas slopina odos suglebim\u0105 ir sen\u0117jim\u0105. Naudojimo b\u016bdas:&nbsp;U\u017etepti ant &scaron;varios, sausos veido odos. Laikymo s\u0105lygos: nuo +5 &deg; C iki +25 &deg; C.<\/p>\n","protected":false},"featured_media":79006,"template":"","meta":[],"product_cat":[2181],"product_tag":[],"class_list":{"0":"post-32629","1":"product","2":"type-product","3":"status-publish","4":"has-post-thumbnail","6":"product_brand-elfa_ua-lt","7":"product_cat-bez-kategorijas-lt","9":"first","10":"instock","11":"taxable","12":"shipping-taxable","13":"product-type-simple"},"_links":{"self":[{"href":"https:\/\/e.kosmolat.eu\/lt\/wp-json\/wp\/v2\/product\/32629","targetHints":{"allow":["GET"]}}],"collection":[{"href":"https:\/\/e.kosmolat.eu\/lt\/wp-json\/wp\/v2\/product"}],"about":[{"href":"https:\/\/e.kosmolat.eu\/lt\/wp-json\/wp\/v2\/types\/product"}],"wp:featuredmedia":[{"embeddable":true,"href":"https:\/\/e.kosmolat.eu\/lt\/wp-json\/wp\/v2\/media\/79006"}],"wp:attachment":[{"href":"https:\/\/e.kosmolat.eu\/lt\/wp-json\/wp\/v2\/media?parent=32629"}],"wp:term":[{"taxonomy":"product_cat","embeddable":true,"href":"https:\/\/e.kosmolat.eu\/lt\/wp-json\/wp\/v2\/product_cat?post=32629"},{"taxonomy":"product_tag","embeddable":true,"href":"https:\/\/e.kosmolat.eu\/lt\/wp-json\/wp\/v2\/product_tag?post=32629"}],"curies":[{"name":"wp","href":"https:\/\/api.w.org\/{rel}","templated":true}]}}